{"id":8,"date":"2020-04-15T19:27:29","date_gmt":"2020-04-15T17:27:29","guid":{"rendered":"https:\/\/lightgreen-finch-438007.hostingersite.com\/domains\/valli.cz\/?page_id=8"},"modified":"2025-07-10T10:50:25","modified_gmt":"2025-07-10T08:50:25","slug":"o-nas","status":"publish","type":"page","link":"https:\/\/valli.cz\/ru\/o-nas\/","title":{"rendered":"\u041e \u043d\u0430\u0441"},"content":{"rendered":"<p>Valli Servis &amp; Shop \u2014 \u043d\u0430\u0434\u0435\u0436\u043d\u044b\u0439 \u043f\u0430\u0440\u0442\u043d\u0451\u0440 \u0432 \u0440\u0435\u043c\u043e\u043d\u0442\u0435 \u043a\u043e\u043c\u043f\u044c\u044e\u0442\u0435\u0440\u043d\u043e\u0439 \u0438 \u043c\u043e\u0431\u0438\u043b\u044c\u043d\u043e\u0439 \u0442\u0435\u0445\u043d\u0438\u043a\u0438. \u041c\u044b \u0440\u0430\u0431\u043e\u0442\u0430\u0435\u043c \u043d\u0430 \u0440\u044b\u043d\u043a\u0435 \u0443\u0436\u0435 \u0431\u043e\u043b\u0435\u0435 10 \u043b\u0435\u0442 \u0438 \u0437\u0430 \u044d\u0442\u043e \u0432\u0440\u0435\u043c\u044f \u043f\u043e\u043c\u043e\u0433\u043b\u0438 \u0442\u044b\u0441\u044f\u0447\u0430\u043c \u043a\u043b\u0438\u0435\u043d\u0442\u043e\u0432 \u2014 \u043a\u0430\u043a \u0447\u0430\u0441\u0442\u043d\u044b\u043c \u043f\u043e\u043b\u044c\u0437\u043e\u0432\u0430\u0442\u0435\u043b\u044f\u043c, \u0442\u0430\u043a \u0438 \u043a\u043e\u043c\u043f\u0430\u043d\u0438\u044f\u043c. \u041c\u044b \u0446\u0435\u043d\u0438\u043c \u043f\u0440\u043e\u0444\u0435\u0441\u0441\u0438\u043e\u043d\u0430\u043b\u044c\u043d\u044b\u0439 \u043f\u043e\u0434\u0445\u043e\u0434, \u0431\u044b\u0441\u0442\u0440\u0443\u044e \u0434\u0438\u0430\u0433\u043d\u043e\u0441\u0442\u0438\u043a\u0443 \u0438 \u0438\u0441\u043f\u043e\u043b\u044c\u0437\u043e\u0432\u0430\u043d\u0438\u0435 \u043a\u0430\u0447\u0435\u0441\u0442\u0432\u0435\u043d\u043d\u044b\u0445 \u0437\u0430\u043f\u0447\u0430\u0441\u0442\u0435\u0439.<\/p>\n\n\n\n<p>\u041d\u0430\u0448\u0438 \u0441\u0435\u0440\u0432\u0438\u0441\u044b \u0432 \u041f\u0440\u0430\u0433\u0435 \u0438 \u0411\u0440\u043d\u043e \u043f\u0440\u0435\u0434\u043b\u0430\u0433\u0430\u044e\u0442 \u043a\u0430\u043a \u0441\u0442\u0430\u043d\u0434\u0430\u0440\u0442\u043d\u044b\u0439, \u0442\u0430\u043a \u0438 \u0441\u0440\u043e\u0447\u043d\u044b\u0439 \u0440\u0435\u043c\u043e\u043d\u0442 \u043f\u0440\u044f\u043c\u043e \u043d\u0430 \u043c\u0435\u0441\u0442\u0435. \u0411\u043b\u0430\u0433\u043e\u0434\u0430\u0440\u044f \u0448\u0438\u0440\u043e\u043a\u043e\u043c\u0443 \u0430\u0441\u0441\u043e\u0440\u0442\u0438\u043c\u0435\u043d\u0442\u0443 \u043a\u043e\u043c\u043f\u043b\u0435\u043a\u0442\u0443\u044e\u0449\u0438\u0445 \u043c\u044b \u043c\u043e\u0436\u0435\u043c \u043e\u0431\u0441\u043b\u0443\u0436\u0438\u0442\u044c \u0431\u043e\u043b\u044c\u0448\u0438\u043d\u0441\u0442\u0432\u043e \u0443\u0441\u0442\u0440\u043e\u0439\u0441\u0442\u0432. \u0414\u043e\u0432\u0435\u0440\u044c\u0442\u0435\u0441\u044c \u0441\u043f\u0435\u0446\u0438\u0430\u043b\u0438\u0441\u0442\u0430\u043c, \u043a\u043e\u0442\u043e\u0440\u044b\u0435 \u0434\u0435\u0439\u0441\u0442\u0432\u0438\u0442\u0435\u043b\u044c\u043d\u043e \u0440\u0430\u0437\u0431\u0438\u0440\u0430\u044e\u0442\u0441\u044f \u0432 \u0442\u0435\u0445\u043d\u0438\u043a\u0435 \u0438 \u0438\u0441\u043a\u0440\u0435\u043d\u043d\u0435 \u0445\u043e\u0442\u044f\u0442 \u043f\u043e\u043c\u043e\u0447\u044c.<\/p>\n\n\n\n<div class=\"wp-block-jetpack-tiled-gallery aligncenter is-style-rectangular\"><div class=\"tiled-gallery__gallery\"><div class=\"tiled-gallery__row\"><div class=\"tiled-gallery__col\" style=\"flex-basis:67.39341416422236%\"><figure class=\"tiled-gallery__item\"><a href=\"https:\/\/i2.wp.com\/www.valli.cz\/wp-content\/uploads\/2025\/07\/unnamed-7-1.jpg?ssl=1\"><img decoding=\"async\" srcset=\"https:\/\/i2.wp.com\/www.valli.cz\/wp-content\/uploads\/2025\/07\/unnamed-7-1.jpg?strip=info&#038;w=600&#038;ssl=1 600w,https:\/\/i2.wp.com\/www.valli.cz\/wp-content\/uploads\/2025\/07\/unnamed-7-1.jpg?strip=info&#038;w=900&#038;ssl=1 900w,https:\/\/i2.wp.com\/www.valli.cz\/wp-content\/uploads\/2025\/07\/unnamed-7-1.jpg?strip=info&#038;w=960&#038;ssl=1 960w\" alt=\"\" data-height=\"719\" data-id=\"5649\" data-link=\"https:\/\/valli.cz\/o-nas\/attachment\/unnamed-7-1\/\" data-url=\"http:\/\/valli.cz\/wp-content\/uploads\/2025\/07\/unnamed-7-1.jpg\" data-width=\"960\" src=\"https:\/\/i2.wp.com\/www.valli.cz\/wp-content\/uploads\/2025\/07\/unnamed-7-1.jpg?ssl=1\" layout=\"responsive\"\/><\/a><\/figure><\/div><div class=\"tiled-gallery__col\" style=\"flex-basis:32.60658583577764%\"><figure class=\"tiled-gallery__item\"><a href=\"https:\/\/i2.wp.com\/www.valli.cz\/wp-content\/uploads\/2020\/07\/07nFFIWZ-20V38-s6NiSHNKdr_ZMtouM2l3_UWvGOMCH3wakC_w7Wdb50VRBfmW03VpOecPzeBVFMxauKhv-lxNT.jpg?ssl=1\"><img decoding=\"async\" srcset=\"https:\/\/i2.wp.com\/www.valli.cz\/wp-content\/uploads\/2020\/07\/07nFFIWZ-20V38-s6NiSHNKdr_ZMtouM2l3_UWvGOMCH3wakC_w7Wdb50VRBfmW03VpOecPzeBVFMxauKhv-lxNT.jpg?strip=info&#038;w=600&#038;ssl=1 600w,https:\/\/i2.wp.com\/www.valli.cz\/wp-content\/uploads\/2020\/07\/07nFFIWZ-20V38-s6NiSHNKdr_ZMtouM2l3_UWvGOMCH3wakC_w7Wdb50VRBfmW03VpOecPzeBVFMxauKhv-lxNT.jpg?strip=info&#038;w=900&#038;ssl=1 900w,https:\/\/i2.wp.com\/www.valli.cz\/wp-content\/uploads\/2020\/07\/07nFFIWZ-20V38-s6NiSHNKdr_ZMtouM2l3_UWvGOMCH3wakC_w7Wdb50VRBfmW03VpOecPzeBVFMxauKhv-lxNT.jpg?strip=info&#038;w=1200&#038;ssl=1 1200w,https:\/\/i2.wp.com\/www.valli.cz\/wp-content\/uploads\/2020\/07\/07nFFIWZ-20V38-s6NiSHNKdr_ZMtouM2l3_UWvGOMCH3wakC_w7Wdb50VRBfmW03VpOecPzeBVFMxauKhv-lxNT.jpg?strip=info&#038;w=1285&#038;ssl=1 1285w\" alt=\"\" data-height=\"1012\" data-id=\"5559\" data-link=\"https:\/\/valli.cz\/pobocka\/praha-9-liben\/attachment\/07nffiwz-20v38-s6nishnkdr_zmtoum2l3_uwvgomch3wakc_w7wdb50vrbfmw03vpoecpzebvfmxaukhv-lxnt\/\" data-url=\"http:\/\/valli.cz\/wp-content\/uploads\/2020\/07\/07nFFIWZ-20V38-s6NiSHNKdr_ZMtouM2l3_UWvGOMCH3wakC_w7Wdb50VRBfmW03VpOecPzeBVFMxauKhv-lxNT.jpg\" data-width=\"1285\" src=\"https:\/\/i2.wp.com\/www.valli.cz\/wp-content\/uploads\/2020\/07\/07nFFIWZ-20V38-s6NiSHNKdr_ZMtouM2l3_UWvGOMCH3wakC_w7Wdb50VRBfmW03VpOecPzeBVFMxauKhv-lxNT.jpg?ssl=1\" layout=\"responsive\"\/><\/a><\/figure><figure class=\"tiled-gallery__item\"><a href=\"https:\/\/i1.wp.com\/www.valli.cz\/wp-content\/uploads\/2025\/06\/WCzSIoTi0PfzPeDM6OiB2H5Fyl1w6Oa5r8lSRmG3KViVxgYw6AFIaUzLctH0uvtLZOwUpqJ8b3iBeRwiEbfBJzSP.jpg?ssl=1\"><img decoding=\"async\" srcset=\"https:\/\/i1.wp.com\/www.valli.cz\/wp-content\/uploads\/2025\/06\/WCzSIoTi0PfzPeDM6OiB2H5Fyl1w6Oa5r8lSRmG3KViVxgYw6AFIaUzLctH0uvtLZOwUpqJ8b3iBeRwiEbfBJzSP.jpg?strip=info&#038;w=600&#038;ssl=1 600w,https:\/\/i1.wp.com\/www.valli.cz\/wp-content\/uploads\/2025\/06\/WCzSIoTi0PfzPeDM6OiB2H5Fyl1w6Oa5r8lSRmG3KViVxgYw6AFIaUzLctH0uvtLZOwUpqJ8b3iBeRwiEbfBJzSP.jpg?strip=info&#038;w=900&#038;ssl=1 900w,https:\/\/i1.wp.com\/www.valli.cz\/wp-content\/uploads\/2025\/06\/WCzSIoTi0PfzPeDM6OiB2H5Fyl1w6Oa5r8lSRmG3KViVxgYw6AFIaUzLctH0uvtLZOwUpqJ8b3iBeRwiEbfBJzSP.jpg?strip=info&#038;w=1200&#038;ssl=1 1200w,https:\/\/i1.wp.com\/www.valli.cz\/wp-content\/uploads\/2025\/06\/WCzSIoTi0PfzPeDM6OiB2H5Fyl1w6Oa5r8lSRmG3KViVxgYw6AFIaUzLctH0uvtLZOwUpqJ8b3iBeRwiEbfBJzSP.jpg?strip=info&#038;w=1500&#038;ssl=1 1500w,https:\/\/i1.wp.com\/www.valli.cz\/wp-content\/uploads\/2025\/06\/WCzSIoTi0PfzPeDM6OiB2H5Fyl1w6Oa5r8lSRmG3KViVxgYw6AFIaUzLctH0uvtLZOwUpqJ8b3iBeRwiEbfBJzSP.jpg?strip=info&#038;w=1800&#038;ssl=1 1800w,https:\/\/i1.wp.com\/www.valli.cz\/wp-content\/uploads\/2025\/06\/WCzSIoTi0PfzPeDM6OiB2H5Fyl1w6Oa5r8lSRmG3KViVxgYw6AFIaUzLctH0uvtLZOwUpqJ8b3iBeRwiEbfBJzSP.jpg?strip=info&#038;w=2000&#038;ssl=1 2000w\" alt=\"\" data-height=\"1920\" data-id=\"5492\" data-link=\"https:\/\/valli.cz\/pobocka\/brno-rozkvet\/attachment\/wczsioti0pfzpedm6oib2h5fyl1w6oa5r8lsrmg3kvivxgyw6afiauzlcth0uvtlzowupqj8b3iberwiebfbjzsp\/\" data-url=\"http:\/\/valli.cz\/wp-content\/uploads\/2025\/06\/WCzSIoTi0PfzPeDM6OiB2H5Fyl1w6Oa5r8lSRmG3KViVxgYw6AFIaUzLctH0uvtLZOwUpqJ8b3iBeRwiEbfBJzSP.jpg\" data-width=\"2560\" src=\"https:\/\/i1.wp.com\/www.valli.cz\/wp-content\/uploads\/2025\/06\/WCzSIoTi0PfzPeDM6OiB2H5Fyl1w6Oa5r8lSRmG3KViVxgYw6AFIaUzLctH0uvtLZOwUpqJ8b3iBeRwiEbfBJzSP.jpg?ssl=1\" layout=\"responsive\"\/><\/a><\/figure><\/div><\/div><div class=\"tiled-gallery__row\"><div class=\"tiled-gallery__col\" style=\"flex-basis:34.71216640594903%\"><figure class=\"tiled-gallery__item\"><a href=\"https:\/\/i2.wp.com\/www.valli.cz\/wp-content\/uploads\/2025\/07\/unnamed-9-1.jpg?ssl=1\"><img decoding=\"async\" srcset=\"https:\/\/i2.wp.com\/www.valli.cz\/wp-content\/uploads\/2025\/07\/unnamed-9-1.jpg?strip=info&#038;w=600&#038;ssl=1 600w,https:\/\/i2.wp.com\/www.valli.cz\/wp-content\/uploads\/2025\/07\/unnamed-9-1.jpg?strip=info&#038;w=900&#038;ssl=1 900w,https:\/\/i2.wp.com\/www.valli.cz\/wp-content\/uploads\/2025\/07\/unnamed-9-1.jpg?strip=info&#038;w=960&#038;ssl=1 960w\" alt=\"\" data-height=\"719\" data-id=\"5652\" data-link=\"https:\/\/valli.cz\/o-nas\/attachment\/unnamed-9-1\/\" data-url=\"http:\/\/valli.cz\/wp-content\/uploads\/2025\/07\/unnamed-9-1.jpg\" data-width=\"960\" src=\"https:\/\/i2.wp.com\/www.valli.cz\/wp-content\/uploads\/2025\/07\/unnamed-9-1.jpg?ssl=1\" layout=\"responsive\"\/><\/a><\/figure><\/div><div class=\"tiled-gallery__col\" style=\"flex-basis:30.575667188101935%\"><figure class=\"tiled-gallery__item\"><a href=\"https:\/\/i1.wp.com\/www.valli.cz\/wp-content\/uploads\/2025\/07\/JpTvzk1Yy5g.jpg?ssl=1\"><img decoding=\"async\" srcset=\"https:\/\/i1.wp.com\/www.valli.cz\/wp-content\/uploads\/2025\/07\/JpTvzk1Yy5g.jpg?strip=info&#038;w=600&#038;ssl=1 600w,https:\/\/i1.wp.com\/www.valli.cz\/wp-content\/uploads\/2025\/07\/JpTvzk1Yy5g.jpg?strip=info&#038;w=900&#038;ssl=1 900w,https:\/\/i1.wp.com\/www.valli.cz\/wp-content\/uploads\/2025\/07\/JpTvzk1Yy5g.jpg?strip=info&#038;w=960&#038;ssl=1 960w\" alt=\"\" data-height=\"817\" data-id=\"5640\" data-link=\"https:\/\/valli.cz\/o-nas\/attachment\/jptvzk1yy5g-2\/\" data-url=\"http:\/\/valli.cz\/wp-content\/uploads\/2025\/07\/JpTvzk1Yy5g.jpg\" data-width=\"960\" src=\"https:\/\/i1.wp.com\/www.valli.cz\/wp-content\/uploads\/2025\/07\/JpTvzk1Yy5g.jpg?ssl=1\" layout=\"responsive\"\/><\/a><\/figure><\/div><div class=\"tiled-gallery__col\" style=\"flex-basis:34.71216640594903%\"><figure class=\"tiled-gallery__item\"><a href=\"https:\/\/i1.wp.com\/www.valli.cz\/wp-content\/uploads\/2025\/07\/unnamed-2.jpg?ssl=1\"><img decoding=\"async\" srcset=\"https:\/\/i1.wp.com\/www.valli.cz\/wp-content\/uploads\/2025\/07\/unnamed-2.jpg?strip=info&#038;w=600&#038;ssl=1 600w,https:\/\/i1.wp.com\/www.valli.cz\/wp-content\/uploads\/2025\/07\/unnamed-2.jpg?strip=info&#038;w=900&#038;ssl=1 900w,https:\/\/i1.wp.com\/www.valli.cz\/wp-content\/uploads\/2025\/07\/unnamed-2.jpg?strip=info&#038;w=960&#038;ssl=1 960w\" alt=\"\" data-height=\"719\" data-id=\"5627\" data-link=\"https:\/\/valli.cz\/o-nas\/attachment\/unnamed-2-3\/\" data-url=\"http:\/\/valli.cz\/wp-content\/uploads\/2025\/07\/unnamed-2.jpg\" data-width=\"960\" src=\"https:\/\/i1.wp.com\/www.valli.cz\/wp-content\/uploads\/2025\/07\/unnamed-2.jpg?ssl=1\" layout=\"responsive\"\/><\/a><\/figure><\/div><\/div><\/div><\/div>\n\n\n\n<p><\/p>","protected":false},"excerpt":{"rendered":"<p>Valli Servis &amp; Shop je spolehliv\u00fdm partnerem pro opravy v\u00fdpo\u010detn\u00ed a mobiln\u00ed techniky. Na trhu &#8230;<\/p>","protected":false},"author":1,"featured_media":0,"parent":0,"menu_order":0,"comment_status":"closed","ping_status":"closed","template":"","meta":{"_acf_changed":false,"footnotes":""},"class_list":["post-8","page","type-page","status-publish","hentry"],"acf":[],"yoast_head":"<!-- This site is optimized with the Yoast SEO plugin v25.6 - https:\/\/yoast.com\/wordpress\/plugins\/seo\/ -->\n<title>O n\u00e1s - Valli Servis &amp; Shop \ud83d\udcbb\ud83d\udcf1<\/title>\n<meta name=\"robots\" content=\"index, follow, max-snippet:-1, max-image-preview:large, max-video-preview:-1\" \/>\n<link rel=\"canonical\" href=\"https:\/\/valli.cz\/ru\/o-nas\/\" \/>\n<meta property=\"og:locale\" content=\"ru_RU\" \/>\n<meta property=\"og:type\" content=\"article\" \/>\n<meta property=\"og:title\" content=\"O n\u00e1s - Valli Servis &amp; Shop \ud83d\udcbb\ud83d\udcf1\" \/>\n<meta property=\"og:description\" content=\"Valli Servis &amp; Shop je spolehliv\u00fdm partnerem pro opravy v\u00fdpo\u010detn\u00ed a mobiln\u00ed techniky. Na trhu ...\" \/>\n<meta property=\"og:url\" content=\"https:\/\/valli.cz\/ru\/o-nas\/\" \/>\n<meta property=\"og:site_name\" content=\"Valli Servis &amp; Shop \ud83d\udcbb\ud83d\udcf1\" \/>\n<meta property=\"article:modified_time\" content=\"2025-07-10T08:50:25+00:00\" \/>\n<meta property=\"og:image\" content=\"https:\/\/i2.wp.com\/www.valli.cz\/wp-content\/uploads\/2025\/07\/unnamed-7-1.jpg?ssl=1\" \/>\n<meta name=\"twitter:card\" content=\"summary_large_image\" \/>\n<meta name=\"twitter:label1\" content=\"\u041f\u0440\u0438\u043c\u0435\u0440\u043d\u043e\u0435 \u0432\u0440\u0435\u043c\u044f \u0434\u043b\u044f \u0447\u0442\u0435\u043d\u0438\u044f\" \/>\n\t<meta name=\"twitter:data1\" content=\"1 \u043c\u0438\u043d\u0443\u0442\u0430\" \/>\n<script type=\"application\/ld+json\" class=\"yoast-schema-graph\">{\"@context\":\"https:\/\/schema.org\",\"@graph\":[{\"@type\":\"WebPage\",\"@id\":\"https:\/\/valli.cz\/o-nas\/\",\"url\":\"https:\/\/valli.cz\/o-nas\/\",\"name\":\"O n\u00e1s - Valli Servis &amp; Shop \ud83d\udcbb\ud83d\udcf1\",\"isPartOf\":{\"@id\":\"https:\/\/valli.cz\/#website\"},\"primaryImageOfPage\":{\"@id\":\"https:\/\/valli.cz\/o-nas\/#primaryimage\"},\"image\":{\"@id\":\"https:\/\/valli.cz\/o-nas\/#primaryimage\"},\"thumbnailUrl\":\"https:\/\/i2.wp.com\/www.valli.cz\/wp-content\/uploads\/2025\/07\/unnamed-7-1.jpg?ssl=1\",\"datePublished\":\"2020-04-15T17:27:29+00:00\",\"dateModified\":\"2025-07-10T08:50:25+00:00\",\"breadcrumb\":{\"@id\":\"https:\/\/valli.cz\/o-nas\/#breadcrumb\"},\"inLanguage\":\"ru-RU\",\"potentialAction\":[{\"@type\":\"ReadAction\",\"target\":[\"https:\/\/valli.cz\/o-nas\/\"]}]},{\"@type\":\"ImageObject\",\"inLanguage\":\"ru-RU\",\"@id\":\"https:\/\/valli.cz\/o-nas\/#primaryimage\",\"url\":\"https:\/\/i2.wp.com\/www.valli.cz\/wp-content\/uploads\/2025\/07\/unnamed-7-1.jpg?ssl=1\",\"contentUrl\":\"https:\/\/i2.wp.com\/www.valli.cz\/wp-content\/uploads\/2025\/07\/unnamed-7-1.jpg?ssl=1\"},{\"@type\":\"BreadcrumbList\",\"@id\":\"https:\/\/valli.cz\/o-nas\/#breadcrumb\",\"itemListElement\":[{\"@type\":\"ListItem\",\"position\":1,\"name\":\"Dom\u016f\",\"item\":\"https:\/\/valli.cz\/\"},{\"@type\":\"ListItem\",\"position\":2,\"name\":\"O n\u00e1s\"}]},{\"@type\":\"WebSite\",\"@id\":\"https:\/\/valli.cz\/#website\",\"url\":\"https:\/\/valli.cz\/\",\"name\":\"Valli Servis &amp; Shop \ud83d\udcbb\ud83d\udcf1\",\"description\":\"Opravy a \u00fadr\u017eba po\u010d\u00edta\u010d\u016f, notebook\u016f a jin\u00fdch za\u0159\u00edzen\u00ed. Zaji\u0161t\u011bn\u00ed kvality a n\u00edzk\u00e9 ceny.\",\"publisher\":{\"@id\":\"https:\/\/valli.cz\/#organization\"},\"potentialAction\":[{\"@type\":\"SearchAction\",\"target\":{\"@type\":\"EntryPoint\",\"urlTemplate\":\"https:\/\/valli.cz\/?s={search_term_string}\"},\"query-input\":{\"@type\":\"PropertyValueSpecification\",\"valueRequired\":true,\"valueName\":\"search_term_string\"}}],\"inLanguage\":\"ru-RU\"},{\"@type\":\"Organization\",\"@id\":\"https:\/\/valli.cz\/#organization\",\"name\":\"Valli.cz Servis & Shop Praha\",\"url\":\"https:\/\/valli.cz\/\",\"logo\":{\"@type\":\"ImageObject\",\"inLanguage\":\"ru-RU\",\"@id\":\"https:\/\/valli.cz\/#\/schema\/logo\/image\/\",\"url\":\"http:\/\/valli.cz\/wp-content\/uploads\/2020\/08\/cropped-valli-favicon-2-192x192.png\",\"contentUrl\":\"http:\/\/valli.cz\/wp-content\/uploads\/2020\/08\/cropped-valli-favicon-2-192x192.png\",\"width\":192,\"height\":192,\"caption\":\"Valli.cz Servis & Shop Praha\"},\"image\":{\"@id\":\"https:\/\/valli.cz\/#\/schema\/logo\/image\/\"}}]}<\/script>\n<!-- \/ Yoast SEO plugin. -->","yoast_head_json":{"title":"O n\u00e1s - Valli Servis &amp; Shop \ud83d\udcbb\ud83d\udcf1","robots":{"index":"index","follow":"follow","max-snippet":"max-snippet:-1","max-image-preview":"max-image-preview:large","max-video-preview":"max-video-preview:-1"},"canonical":"https:\/\/valli.cz\/ru\/o-nas\/","og_locale":"ru_RU","og_type":"article","og_title":"O n\u00e1s - Valli Servis &amp; Shop \ud83d\udcbb\ud83d\udcf1","og_description":"Valli Servis &amp; Shop je spolehliv\u00fdm partnerem pro opravy v\u00fdpo\u010detn\u00ed a mobiln\u00ed techniky. Na trhu ...","og_url":"https:\/\/valli.cz\/ru\/o-nas\/","og_site_name":"Valli Servis &amp; Shop \ud83d\udcbb\ud83d\udcf1","article_modified_time":"2025-07-10T08:50:25+00:00","og_image":[{"url":"https:\/\/i2.wp.com\/www.valli.cz\/wp-content\/uploads\/2025\/07\/unnamed-7-1.jpg?ssl=1","type":"","width":"","height":""}],"twitter_card":"summary_large_image","twitter_misc":{"\u041f\u0440\u0438\u043c\u0435\u0440\u043d\u043e\u0435 \u0432\u0440\u0435\u043c\u044f \u0434\u043b\u044f \u0447\u0442\u0435\u043d\u0438\u044f":"1 \u043c\u0438\u043d\u0443\u0442\u0430"},"schema":{"@context":"https:\/\/schema.org","@graph":[{"@type":"WebPage","@id":"https:\/\/valli.cz\/o-nas\/","url":"https:\/\/valli.cz\/o-nas\/","name":"O n\u00e1s - Valli Servis &amp; Shop \ud83d\udcbb\ud83d\udcf1","isPartOf":{"@id":"https:\/\/valli.cz\/#website"},"primaryImageOfPage":{"@id":"https:\/\/valli.cz\/o-nas\/#primaryimage"},"image":{"@id":"https:\/\/valli.cz\/o-nas\/#primaryimage"},"thumbnailUrl":"https:\/\/i2.wp.com\/www.valli.cz\/wp-content\/uploads\/2025\/07\/unnamed-7-1.jpg?ssl=1","datePublished":"2020-04-15T17:27:29+00:00","dateModified":"2025-07-10T08:50:25+00:00","breadcrumb":{"@id":"https:\/\/valli.cz\/o-nas\/#breadcrumb"},"inLanguage":"ru-RU","potentialAction":[{"@type":"ReadAction","target":["https:\/\/valli.cz\/o-nas\/"]}]},{"@type":"ImageObject","inLanguage":"ru-RU","@id":"https:\/\/valli.cz\/o-nas\/#primaryimage","url":"https:\/\/i2.wp.com\/www.valli.cz\/wp-content\/uploads\/2025\/07\/unnamed-7-1.jpg?ssl=1","contentUrl":"https:\/\/i2.wp.com\/www.valli.cz\/wp-content\/uploads\/2025\/07\/unnamed-7-1.jpg?ssl=1"},{"@type":"BreadcrumbList","@id":"https:\/\/valli.cz\/o-nas\/#breadcrumb","itemListElement":[{"@type":"ListItem","position":1,"name":"Dom\u016f","item":"https:\/\/valli.cz\/"},{"@type":"ListItem","position":2,"name":"O n\u00e1s"}]},{"@type":"WebSite","@id":"https:\/\/valli.cz\/#website","url":"https:\/\/valli.cz\/","name":"Valli Service &amp; Shop \ud83d\udcbb\ud83d\udcf1","description":"\u0420\u0435\u043c\u043e\u043d\u0442 \u0438 \u043e\u0431\u0441\u043b\u0443\u0436\u0438\u0432\u0430\u043d\u0438\u0435 \u043a\u043e\u043c\u043f\u044c\u044e\u0442\u0435\u0440\u043e\u0432, \u043d\u043e\u0443\u0442\u0431\u0443\u043a\u043e\u0432 \u0438 \u0434\u0440\u0443\u0433\u043e\u0439 \u0442\u0435\u0445\u043d\u0438\u043a\u0438. \u0413\u0430\u0440\u0430\u043d\u0442\u0438\u044f \u043a\u0430\u0447\u0435\u0441\u0442\u0432\u0430 \u0438 \u043d\u0438\u0437\u043a\u0438\u0435 \u0446\u0435\u043d\u044b.","publisher":{"@id":"https:\/\/valli.cz\/#organization"},"potentialAction":[{"@type":"SearchAction","target":{"@type":"EntryPoint","urlTemplate":"https:\/\/valli.cz\/?s={search_term_string}"},"query-input":{"@type":"PropertyValueSpecification","valueRequired":true,"valueName":"search_term_string"}}],"inLanguage":"ru-RU"},{"@type":"Organization","@id":"https:\/\/valli.cz\/#organization","name":"Valli.cz \u0421\u0435\u0440\u0432\u0438\u0441 \u0438 \u043c\u0430\u0433\u0430\u0437\u0438\u043d \u0432 \u041f\u0440\u0430\u0433\u0435","url":"https:\/\/valli.cz\/","logo":{"@type":"ImageObject","inLanguage":"ru-RU","@id":"https:\/\/valli.cz\/#\/schema\/logo\/image\/","url":"http:\/\/valli.cz\/wp-content\/uploads\/2020\/08\/cropped-valli-favicon-2-192x192.png","contentUrl":"http:\/\/valli.cz\/wp-content\/uploads\/2020\/08\/cropped-valli-favicon-2-192x192.png","width":192,"height":192,"caption":"Valli.cz Servis & Shop Praha"},"image":{"@id":"https:\/\/valli.cz\/#\/schema\/logo\/image\/"}}]}},"jetpack_sharing_enabled":true,"_links":{"self":[{"href":"https:\/\/valli.cz\/ru\/wp-json\/wp\/v2\/pages\/8","targetHints":{"allow":["GET"]}}],"collection":[{"href":"https:\/\/valli.cz\/ru\/wp-json\/wp\/v2\/pages"}],"about":[{"href":"https:\/\/valli.cz\/ru\/wp-json\/wp\/v2\/types\/page"}],"author":[{"embeddable":true,"href":"https:\/\/valli.cz\/ru\/wp-json\/wp\/v2\/users\/1"}],"replies":[{"embeddable":true,"href":"https:\/\/valli.cz\/ru\/wp-json\/wp\/v2\/comments?post=8"}],"version-history":[{"count":6,"href":"https:\/\/valli.cz\/ru\/wp-json\/wp\/v2\/pages\/8\/revisions"}],"predecessor-version":[{"id":5661,"href":"https:\/\/valli.cz\/ru\/wp-json\/wp\/v2\/pages\/8\/revisions\/5661"}],"wp:attachment":[{"href":"https:\/\/valli.cz\/ru\/wp-json\/wp\/v2\/media?parent=8"}],"curies":[{"name":"WP","href":"https:\/\/api.w.org\/{rel}","templated":true}]}}