{"id":6,"date":"2020-04-15T19:26:15","date_gmt":"2020-04-15T17:26:15","guid":{"rendered":"https:\/\/lightgreen-finch-438007.hostingersite.com\/domains\/valli.cz\/?page_id=6"},"modified":"2025-09-04T17:22:03","modified_gmt":"2025-09-04T15:22:03","slug":"uvod","status":"publish","type":"page","link":"https:\/\/valli.cz\/ru\/","title":{"rendered":"Valli Service &amp; Shop"},"content":{"rendered":"<p>\u041c\u044b \u2014 \u0434\u0438\u043d\u0430\u043c\u0438\u0447\u043d\u043e \u0440\u0430\u0437\u0432\u0438\u0432\u0430\u044e\u0449\u0430\u044f\u0441\u044f \u043a\u043e\u043c\u043f\u0430\u043d\u0438\u044f, \u0441\u043f\u0435\u0446\u0438\u0430\u043b\u0438\u0437\u0438\u0440\u0443\u044e\u0449\u0430\u044f\u0441\u044f \u043d\u0430 \u0440\u0435\u043c\u043e\u043d\u0442\u0435 \u043a\u043e\u043c\u043f\u044c\u044e\u0442\u0435\u0440\u043d\u043e\u0439 \u0438 \u043c\u043e\u0431\u0438\u043b\u044c\u043d\u043e\u0439 \u0442\u0435\u0445\u043d\u0438\u043a\u0438. \u0423\u0436\u0435 \u0431\u043e\u043b\u0435\u0435 10 \u043b\u0435\u0442 \u043c\u044b \u0440\u0430\u0431\u043e\u0442\u0430\u0435\u043c \u043d\u0430 \u0447\u0435\u0448\u0441\u043a\u043e\u043c \u0440\u044b\u043d\u043a\u0435 \u0438 \u0437\u0430 \u044d\u0442\u043e \u0432\u0440\u0435\u043c\u044f \u0437\u0430\u0441\u043b\u0443\u0436\u0438\u043b\u0438 \u0434\u043e\u0432\u0435\u0440\u0438\u0435 \u0442\u044b\u0441\u044f\u0447 \u043a\u043b\u0438\u0435\u043d\u0442\u043e\u0432.<\/p>\n\n\n\n<p>\u041d\u0430\u0448\u0438 \u0441\u0435\u0440\u0432\u0438\u0441\u043d\u044b\u0435 \u0446\u0435\u043d\u0442\u0440\u044b \u043f\u0440\u0435\u0434\u043b\u0430\u0433\u0430\u044e\u0442:<br>\u2022 \u0440\u0435\u043c\u043e\u043d\u0442<br>\u2022 \u0440\u0435\u0433\u0443\u043b\u044f\u0440\u043d\u043e\u0435 \u0442\u0435\u0445\u043d\u0438\u0447\u0435\u0441\u043a\u043e\u0435 \u043e\u0431\u0441\u043b\u0443\u0436\u0438\u0432\u0430\u043d\u0438\u0435<br>\u2022 \u043f\u043e\u043b\u043d\u044b\u0439 \u043f\u043e\u0441\u0442\u0433\u0430\u0440\u0430\u043d\u0442\u0438\u0439\u043d\u044b\u0439 \u0441\u0435\u0440\u0432\u0438\u0441<\/p>\n\n\n\n<p>\u0434\u043b\u044f \u0448\u0438\u0440\u043e\u043a\u043e\u0433\u043e \u0441\u043f\u0435\u043a\u0442\u0440\u0430 \u0443\u0441\u0442\u0440\u043e\u0439\u0441\u0442\u0432: \u0442\u0435\u0445\u043d\u0438\u043a\u0438 Apple, \u043c\u043e\u0431\u0438\u043b\u044c\u043d\u044b\u0445 \u0442\u0435\u043b\u0435\u0444\u043e\u043d\u043e\u0432, \u043f\u043b\u0430\u043d\u0448\u0435\u0442\u043e\u0432, \u043d\u043e\u0443\u0442\u0431\u0443\u043a\u043e\u0432, \u043d\u0430\u0441\u0442\u043e\u043b\u044c\u043d\u044b\u0445 \u043a\u043e\u043c\u043f\u044c\u044e\u0442\u0435\u0440\u043e\u0432 \u0438 \u0434\u0440\u0443\u0433\u0438\u0445.<\/p>\n\n\n\n<p><\/p>\n\n\n\n<p>\u041c\u044b \u043f\u043e\u043d\u0438\u043c\u0430\u0435\u043c, \u0447\u0442\u043e \u0432\u0430\u0448\u0435 \u0432\u0440\u0435\u043c\u044f \u0446\u0435\u043d\u043d\u043e \u2014 \u0438\u043c\u0435\u043d\u043d\u043e \u043f\u043e\u044d\u0442\u043e\u043c\u0443 \u0431\u043e\u043b\u044c\u0448\u0438\u043d\u0441\u0442\u0432\u043e \u0440\u0435\u043c\u043e\u043d\u0442\u043e\u0432 \u0432\u044b\u043f\u043e\u043b\u043d\u044f\u0435\u043c \u0431\u044b\u0441\u0442\u0440\u043e, \u043d\u0430\u0434\u0451\u0436\u043d\u043e \u0438 \u0431\u0435\u0437 \u043b\u0438\u0448\u043d\u0435\u0433\u043e \u043e\u0436\u0438\u0434\u0430\u043d\u0438\u044f.\n\u041f\u0440\u0435\u0434\u043b\u0430\u0433\u0430\u0435\u043c \u0431\u0435\u0441\u043f\u043b\u0430\u0442\u043d\u0443\u044e \u0434\u0438\u0430\u0433\u043d\u043e\u0441\u0442\u0438\u043a\u0443, \u043f\u0440\u043e\u0437\u0440\u0430\u0447\u043d\u0443\u044e \u0441\u0442\u043e\u0438\u043c\u043e\u0441\u0442\u044c \u0434\u043e \u043d\u0430\u0447\u0430\u043b\u0430 \u0440\u0430\u0431\u043e\u0442 \u0438 \u0433\u0430\u0440\u0430\u043d\u0442\u0438\u044e \u0434\u043e 24 \u043c\u0435\u0441\u044f\u0446\u0435\u0432 \u043d\u0430 \u0438\u0441\u043f\u043e\u043b\u044c\u0437\u043e\u0432\u0430\u043d\u043d\u044b\u0435 \u0434\u0435\u0442\u0430\u043b\u0438 \u0438 \u0432\u044b\u043f\u043e\u043b\u043d\u0435\u043d\u043d\u044b\u0435 \u0443\u0441\u043b\u0443\u0433\u0438.<br>\u041c\u044b \u0438\u0441\u043f\u043e\u043b\u044c\u0437\u0443\u0435\u043c \u0442\u043e\u043b\u044c\u043a\u043e \u043a\u0430\u0447\u0435\u0441\u0442\u0432\u0435\u043d\u043d\u044b\u0435 \u0438\u043b\u0438 \u043e\u0440\u0438\u0433\u0438\u043d\u0430\u043b\u044c\u043d\u044b\u0435 \u043a\u043e\u043c\u043f\u043b\u0435\u043a\u0442\u0443\u044e\u0449\u0438\u0435, \u0447\u0442\u043e \u0433\u0430\u0440\u0430\u043d\u0442\u0438\u0440\u0443\u0435\u0442 \u0434\u043e\u043b\u0433\u0438\u0439 \u0441\u0440\u043e\u043a \u0441\u043b\u0443\u0436\u0431\u044b \u043e\u0442\u0440\u0435\u043c\u043e\u043d\u0442\u0438\u0440\u043e\u0432\u0430\u043d\u043d\u043e\u0433\u043e \u0443\u0441\u0442\u0440\u043e\u0439\u0441\u0442\u0432\u0430.<\/p>\n\n\n\n<p>\u0412 \u043e\u0441\u043d\u043e\u0432\u0435 \u043d\u0430\u0448\u0435\u0439 \u0440\u0430\u0431\u043e\u0442\u044b \u043b\u0435\u0436\u0430\u0442 \u043f\u0440\u043e\u0444\u0435\u0441\u0441\u0438\u043e\u043d\u0430\u043b\u044c\u043d\u044b\u0439 \u043f\u043e\u0434\u0445\u043e\u0434, \u043e\u043f\u044b\u0442 \u043d\u0430\u0448\u0435\u0439 \u043a\u043e\u043c\u0430\u043d\u0434\u044b \u0438 \u0443\u043f\u043e\u0440 \u043d\u0430 \u0443\u0434\u043e\u0432\u043b\u0435\u0442\u0432\u043e\u0440\u0435\u043d\u0438\u0435 \u043f\u043e\u0442\u0440\u0435\u0431\u043d\u043e\u0441\u0442\u0435\u0439 \u043a\u043b\u0438\u0435\u043d\u0442\u043e\u0432.<\/p>","protected":false},"excerpt":{"rendered":"<p>\u041c\u044b \u2014 \u0434\u0438\u043d\u0430\u043c\u0438\u0447\u043d\u043e \u0440\u0430\u0437\u0432\u0438\u0432\u0430\u044e\u0449\u0430\u044f\u0441\u044f \u043a\u043e\u043c\u043f\u0430\u043d\u0438\u044f, \u0441\u043f\u0435\u0446\u0438\u0430\u043b\u0438\u0437\u0438\u0440\u0443\u044e\u0449\u0430\u044f\u0441\u044f \u043d\u0430 \u0440\u0435\u043c\u043e\u043d\u0442\u0435 \u043a\u043e\u043c\u043f\u044c\u044e\u0442\u0435\u0440\u043d\u043e\u0439 \u0438 \u043c\u043e\u0431\u0438\u043b\u044c\u043d\u043e\u0439 \u0442\u0435\u0445\u043d\u0438\u043a\u0438. \u041d\u0430 \u0447\u0435\u0448\u0441\u043a\u043e\u043c \u0440\u044b\u043d\u043a\u0435\u2026<\/p>","protected":false},"author":1,"featured_media":0,"parent":0,"menu_order":0,"comment_status":"closed","ping_status":"closed","template":"","meta":{"_acf_changed":false,"footnotes":""},"class_list":["post-6","page","type-page","status-publish","hentry"],"acf":[],"yoast_head":"<!-- This site is optimized with the Yoast SEO plugin v25.6 - https:\/\/yoast.com\/wordpress\/plugins\/seo\/ -->\n<title>Valli Servis &amp; Shop - Valli Servis &amp; Shop \ud83d\udcbb\ud83d\udcf1<\/title>\n<meta name=\"robots\" content=\"index, follow, max-snippet:-1, max-image-preview:large, max-video-preview:-1\" \/>\n<link rel=\"canonical\" href=\"https:\/\/valli.cz\/ru\/\" \/>\n<meta property=\"og:locale\" content=\"ru_RU\" \/>\n<meta property=\"og:type\" content=\"article\" \/>\n<meta property=\"og:title\" content=\"Valli Servis &amp; Shop - Valli Servis &amp; Shop \ud83d\udcbb\ud83d\udcf1\" \/>\n<meta property=\"og:description\" content=\"Jsme dynamicky rostouc\u00ed firma specializuj\u00edc\u00ed se na opravy v\u00fdpo\u010detn\u00ed a mobiln\u00ed techniky. Na \u010desk\u00e9m trhu ...\" \/>\n<meta property=\"og:url\" content=\"https:\/\/valli.cz\/ru\/\" \/>\n<meta property=\"og:site_name\" content=\"Valli Servis &amp; Shop \ud83d\udcbb\ud83d\udcf1\" \/>\n<meta property=\"article:modified_time\" content=\"2025-09-04T15:22:03+00:00\" \/>\n<meta name=\"twitter:card\" content=\"summary_large_image\" \/>\n<meta name=\"twitter:label1\" content=\"\u041f\u0440\u0438\u043c\u0435\u0440\u043d\u043e\u0435 \u0432\u0440\u0435\u043c\u044f \u0434\u043b\u044f \u0447\u0442\u0435\u043d\u0438\u044f\" \/>\n\t<meta name=\"twitter:data1\" content=\"1 \u043c\u0438\u043d\u0443\u0442\u0430\" \/>\n<script type=\"application\/ld+json\" class=\"yoast-schema-graph\">{\"@context\":\"https:\/\/schema.org\",\"@graph\":[{\"@type\":\"WebPage\",\"@id\":\"https:\/\/valli.cz\/\",\"url\":\"https:\/\/valli.cz\/\",\"name\":\"Valli Servis & Shop - Valli Servis &amp; Shop \ud83d\udcbb\ud83d\udcf1\",\"isPartOf\":{\"@id\":\"https:\/\/valli.cz\/#website\"},\"datePublished\":\"2020-04-15T17:26:15+00:00\",\"dateModified\":\"2025-09-04T15:22:03+00:00\",\"breadcrumb\":{\"@id\":\"https:\/\/valli.cz\/#breadcrumb\"},\"inLanguage\":\"ru-RU\",\"potentialAction\":[{\"@type\":\"ReadAction\",\"target\":[\"https:\/\/valli.cz\/\"]}]},{\"@type\":\"BreadcrumbList\",\"@id\":\"https:\/\/valli.cz\/#breadcrumb\",\"itemListElement\":[{\"@type\":\"ListItem\",\"position\":1,\"name\":\"Dom\u016f\",\"item\":\"https:\/\/valli.cz\/\"},{\"@type\":\"ListItem\",\"position\":2,\"name\":\"Valli Servis &#038; Shop\"}]},{\"@type\":\"WebSite\",\"@id\":\"https:\/\/valli.cz\/#website\",\"url\":\"https:\/\/valli.cz\/\",\"name\":\"Valli Servis &amp; Shop \ud83d\udcbb\ud83d\udcf1\",\"description\":\"Opravy a \u00fadr\u017eba po\u010d\u00edta\u010d\u016f, notebook\u016f a jin\u00fdch za\u0159\u00edzen\u00ed. Zaji\u0161t\u011bn\u00ed kvality a n\u00edzk\u00e9 ceny.\",\"publisher\":{\"@id\":\"https:\/\/valli.cz\/#organization\"},\"potentialAction\":[{\"@type\":\"SearchAction\",\"target\":{\"@type\":\"EntryPoint\",\"urlTemplate\":\"https:\/\/valli.cz\/?s={search_term_string}\"},\"query-input\":{\"@type\":\"PropertyValueSpecification\",\"valueRequired\":true,\"valueName\":\"search_term_string\"}}],\"inLanguage\":\"ru-RU\"},{\"@type\":\"Organization\",\"@id\":\"https:\/\/valli.cz\/#organization\",\"name\":\"Valli.cz Servis & Shop Praha\",\"url\":\"https:\/\/valli.cz\/\",\"logo\":{\"@type\":\"ImageObject\",\"inLanguage\":\"ru-RU\",\"@id\":\"https:\/\/valli.cz\/#\/schema\/logo\/image\/\",\"url\":\"http:\/\/valli.cz\/wp-content\/uploads\/2020\/08\/cropped-valli-favicon-2-192x192.png\",\"contentUrl\":\"http:\/\/valli.cz\/wp-content\/uploads\/2020\/08\/cropped-valli-favicon-2-192x192.png\",\"width\":192,\"height\":192,\"caption\":\"Valli.cz Servis & Shop Praha\"},\"image\":{\"@id\":\"https:\/\/valli.cz\/#\/schema\/logo\/image\/\"}}]}<\/script>\n<!-- \/ Yoast SEO plugin. -->","yoast_head_json":{"title":"Valli Service &amp; Shop - Valli Service &amp; Shop \ud83d\udcbb\ud83d\udcf1","robots":{"index":"index","follow":"follow","max-snippet":"max-snippet:-1","max-image-preview":"max-image-preview:large","max-video-preview":"max-video-preview:-1"},"canonical":"https:\/\/valli.cz\/ru\/","og_locale":"ru_RU","og_type":"article","og_title":"Valli Servis & Shop - Valli Servis &amp; Shop \ud83d\udcbb\ud83d\udcf1","og_description":"Jsme dynamicky rostouc\u00ed firma specializuj\u00edc\u00ed se na opravy v\u00fdpo\u010detn\u00ed a mobiln\u00ed techniky. Na \u010desk\u00e9m trhu ...","og_url":"https:\/\/valli.cz\/ru\/","og_site_name":"Valli Servis &amp; Shop \ud83d\udcbb\ud83d\udcf1","article_modified_time":"2025-09-04T15:22:03+00:00","twitter_card":"summary_large_image","twitter_misc":{"\u041f\u0440\u0438\u043c\u0435\u0440\u043d\u043e\u0435 \u0432\u0440\u0435\u043c\u044f \u0434\u043b\u044f \u0447\u0442\u0435\u043d\u0438\u044f":"1 \u043c\u0438\u043d\u0443\u0442\u0430"},"schema":{"@context":"https:\/\/schema.org","@graph":[{"@type":"WebPage","@id":"https:\/\/valli.cz\/","url":"https:\/\/valli.cz\/","name":"Valli Service &amp; Shop - Valli Service &amp; Shop \ud83d\udcbb\ud83d\udcf1","isPartOf":{"@id":"https:\/\/valli.cz\/#website"},"datePublished":"2020-04-15T17:26:15+00:00","dateModified":"2025-09-04T15:22:03+00:00","breadcrumb":{"@id":"https:\/\/valli.cz\/#breadcrumb"},"inLanguage":"ru-RU","potentialAction":[{"@type":"ReadAction","target":["https:\/\/valli.cz\/"]}]},{"@type":"BreadcrumbList","@id":"https:\/\/valli.cz\/#breadcrumb","itemListElement":[{"@type":"ListItem","position":1,"name":"Dom\u016f","item":"https:\/\/valli.cz\/"},{"@type":"ListItem","position":2,"name":"Valli Servis &#038; Shop"}]},{"@type":"WebSite","@id":"https:\/\/valli.cz\/#website","url":"https:\/\/valli.cz\/","name":"Valli Service &amp; Shop \ud83d\udcbb\ud83d\udcf1","description":"\u0420\u0435\u043c\u043e\u043d\u0442 \u0438 \u043e\u0431\u0441\u043b\u0443\u0436\u0438\u0432\u0430\u043d\u0438\u0435 \u043a\u043e\u043c\u043f\u044c\u044e\u0442\u0435\u0440\u043e\u0432, \u043d\u043e\u0443\u0442\u0431\u0443\u043a\u043e\u0432 \u0438 \u0434\u0440\u0443\u0433\u043e\u0439 \u0442\u0435\u0445\u043d\u0438\u043a\u0438. \u0413\u0430\u0440\u0430\u043d\u0442\u0438\u044f \u043a\u0430\u0447\u0435\u0441\u0442\u0432\u0430 \u0438 \u043d\u0438\u0437\u043a\u0438\u0435 \u0446\u0435\u043d\u044b.","publisher":{"@id":"https:\/\/valli.cz\/#organization"},"potentialAction":[{"@type":"SearchAction","target":{"@type":"EntryPoint","urlTemplate":"https:\/\/valli.cz\/?s={search_term_string}"},"query-input":{"@type":"PropertyValueSpecification","valueRequired":true,"valueName":"search_term_string"}}],"inLanguage":"ru-RU"},{"@type":"Organization","@id":"https:\/\/valli.cz\/#organization","name":"Valli.cz \u0421\u0435\u0440\u0432\u0438\u0441 \u0438 \u043c\u0430\u0433\u0430\u0437\u0438\u043d \u0432 \u041f\u0440\u0430\u0433\u0435","url":"https:\/\/valli.cz\/","logo":{"@type":"ImageObject","inLanguage":"ru-RU","@id":"https:\/\/valli.cz\/#\/schema\/logo\/image\/","url":"http:\/\/valli.cz\/wp-content\/uploads\/2020\/08\/cropped-valli-favicon-2-192x192.png","contentUrl":"http:\/\/valli.cz\/wp-content\/uploads\/2020\/08\/cropped-valli-favicon-2-192x192.png","width":192,"height":192,"caption":"Valli.cz Servis & Shop Praha"},"image":{"@id":"https:\/\/valli.cz\/#\/schema\/logo\/image\/"}}]}},"jetpack_sharing_enabled":true,"_links":{"self":[{"href":"https:\/\/valli.cz\/ru\/wp-json\/wp\/v2\/pages\/6","targetHints":{"allow":["GET"]}}],"collection":[{"href":"https:\/\/valli.cz\/ru\/wp-json\/wp\/v2\/pages"}],"about":[{"href":"https:\/\/valli.cz\/ru\/wp-json\/wp\/v2\/types\/page"}],"author":[{"embeddable":true,"href":"https:\/\/valli.cz\/ru\/wp-json\/wp\/v2\/users\/1"}],"replies":[{"embeddable":true,"href":"https:\/\/valli.cz\/ru\/wp-json\/wp\/v2\/comments?post=6"}],"version-history":[{"count":31,"href":"https:\/\/valli.cz\/ru\/wp-json\/wp\/v2\/pages\/6\/revisions"}],"predecessor-version":[{"id":5909,"href":"https:\/\/valli.cz\/ru\/wp-json\/wp\/v2\/pages\/6\/revisions\/5909"}],"wp:attachment":[{"href":"https:\/\/valli.cz\/ru\/wp-json\/wp\/v2\/media?parent=6"}],"curies":[{"name":"WP","href":"https:\/\/api.w.org\/{rel}","templated":true}]}}