{"id":1837,"date":"2020-04-15T20:43:00","date_gmt":"2020-04-15T18:43:00","guid":{"rendered":"https:\/\/lightgreen-finch-438007.hostingersite.com\/domains\/valli.cz\/?page_id=44"},"modified":"2025-09-02T18:44:45","modified_gmt":"2025-09-02T16:44:45","slug":"servis-pocitacove-techniky-windows","status":"publish","type":"page","link":"https:\/\/valli.cz\/ru\/sluzby\/servis-pocitacove-techniky-windows\/","title":{"rendered":"\u0420\u0435\u043c\u043e\u043d\u0442 \u043a\u043e\u043c\u043f\u044c\u044e\u0442\u0435\u0440\u043e\u0432 \u0438 \u043d\u043e\u0443\u0442\u0431\u0443\u043a\u043e\u0432"},"content":{"rendered":"<p>\u042d\u043a\u0441\u043f\u0440\u0435\u0441\u0441 \u0441\u0435\u0440\u0432\u0438\u0441 \u043a\u043e\u043c\u043f\u044c\u044e\u0442\u0435\u0440\u043e\u0432 \u0438 \u043d\u043e\u0443\u0442\u0431\u0443\u043a\u043e\u0432 \u0432\u0441\u0435\u0445 \u0442\u0438\u043f\u043e\u0432 \u0438 \u043c\u0430\u0440\u043e\u043a. \u041c\u044b \u0440\u0435\u043c\u043e\u043d\u0442\u0438\u0440\u0443\u0435\u043c \u043f\u0440\u043e\u0433\u0440\u0430\u043c\u043c\u043d\u043e\u0435 \u0438 \u0430\u043f\u043f\u0430\u0440\u0430\u0442\u043d\u043e\u0435 \u043e\u0431\u0435\u0441\u043f\u0435\u0447\u0435\u043d\u0438\u0435, \u0432\u044b\u043f\u043e\u043b\u043d\u044f\u0435\u043c \u0442\u0435\u0445\u043d\u0438\u0447\u0435\u0441\u043a\u043e\u0435 \u043e\u0431\u0441\u043b\u0443\u0436\u0438\u0432\u0430\u043d\u0438\u0435 \u0438 \u0447\u0438\u0441\u0442\u043a\u0443. <\/p>\n\n\n\n<p>\u0411\u0440\u0435\u043d\u0434\u044b: Asus, Acer, Lenovo, Dell, Samsung, HP, MSI, Toshiba \u0438 \u0442. \u0434.<\/p>\n\n\n\n<p>\u0423 \u0432\u0430\u0441 \u043a\u043e\u043c\u043f\u044c\u044e\u0442\u0435\u0440 \u0438\u043b\u0438 \u043d\u043e\u0443\u0442\u0431\u0443\u043a \u043e\u0442 Apple? \u041f\u043e\u0441\u0435\u0442\u0438\u0442\u0435 \u043d\u0430\u0448 \u0440\u0430\u0437\u0434\u0435\u043b Apple: <a href=\"https:\/\/valli.cz\/ru\/sluzby\/servis-apple\/servis-macbook\/\">\u0421\u0435\u0440\u0432\u0438\u0441 MacBook<\/a> , <a href=\"https:\/\/valli.cz\/ru\/sluzby\/servis-apple\/servis-imac\/\">\u0421\u0435\u0440\u0432\u0438\u0441 iMac<\/a><\/p>","protected":false},"excerpt":{"rendered":"<p>Expresn\u00ed servis po\u010dita\u010du a notebook\u016f v\u0161ech typ\u016f a zna\u010dek. Opravujeme software a hardware, prov\u00e1d\u00edme \u00fadr\u017ebu &#8230;<\/p>","protected":false},"author":1,"featured_media":0,"parent":21,"menu_order":0,"comment_status":"closed","ping_status":"closed","template":"","meta":{"_acf_changed":false,"footnotes":""},"class_list":["post-1837","page","type-page","status-publish","hentry"],"acf":[],"yoast_head":"<!-- This site is optimized with the Yoast SEO plugin v25.6 - https:\/\/yoast.com\/wordpress\/plugins\/seo\/ -->\n<title>Oprava po\u010d\u00edta\u010d\u016f a notebook\u016f - Valli Servis &amp; Shop \ud83d\udcbb\ud83d\udcf1<\/title>\n<meta name=\"robots\" content=\"index, follow, max-snippet:-1, max-image-preview:large, max-video-preview:-1\" \/>\n<link rel=\"canonical\" href=\"https:\/\/valli.cz\/ru\/sluzby\/servis-pocitacove-techniky-windows\/\" \/>\n<meta property=\"og:locale\" content=\"ru_RU\" \/>\n<meta property=\"og:type\" content=\"article\" \/>\n<meta property=\"og:title\" content=\"Oprava po\u010d\u00edta\u010d\u016f a notebook\u016f - Valli Servis &amp; Shop \ud83d\udcbb\ud83d\udcf1\" \/>\n<meta property=\"og:description\" content=\"Expresn\u00ed servis po\u010dita\u010du a notebook\u016f v\u0161ech typ\u016f a zna\u010dek. Opravujeme software a hardware, prov\u00e1d\u00edme \u00fadr\u017ebu ...\" \/>\n<meta property=\"og:url\" content=\"https:\/\/valli.cz\/ru\/sluzby\/servis-pocitacove-techniky-windows\/\" \/>\n<meta property=\"og:site_name\" content=\"Valli Servis &amp; Shop \ud83d\udcbb\ud83d\udcf1\" \/>\n<meta property=\"article:modified_time\" content=\"2025-09-02T16:44:45+00:00\" \/>\n<meta name=\"twitter:card\" content=\"summary_large_image\" \/>\n<meta name=\"twitter:label1\" content=\"\u041f\u0440\u0438\u043c\u0435\u0440\u043d\u043e\u0435 \u0432\u0440\u0435\u043c\u044f \u0434\u043b\u044f \u0447\u0442\u0435\u043d\u0438\u044f\" \/>\n\t<meta name=\"twitter:data1\" content=\"1 \u043c\u0438\u043d\u0443\u0442\u0430\" \/>\n<script type=\"application\/ld+json\" class=\"yoast-schema-graph\">{\"@context\":\"https:\/\/schema.org\",\"@graph\":[{\"@type\":\"WebPage\",\"@id\":\"https:\/\/valli.cz\/sluzby\/servis-pocitacove-techniky-windows\/\",\"url\":\"https:\/\/valli.cz\/sluzby\/servis-pocitacove-techniky-windows\/\",\"name\":\"Oprava po\u010d\u00edta\u010d\u016f a notebook\u016f - Valli Servis &amp; Shop \ud83d\udcbb\ud83d\udcf1\",\"isPartOf\":{\"@id\":\"https:\/\/valli.cz\/#website\"},\"datePublished\":\"2020-04-15T18:43:00+00:00\",\"dateModified\":\"2025-09-02T16:44:45+00:00\",\"breadcrumb\":{\"@id\":\"https:\/\/valli.cz\/sluzby\/servis-pocitacove-techniky-windows\/#breadcrumb\"},\"inLanguage\":\"ru-RU\",\"potentialAction\":[{\"@type\":\"ReadAction\",\"target\":[\"https:\/\/valli.cz\/sluzby\/servis-pocitacove-techniky-windows\/\"]}]},{\"@type\":\"BreadcrumbList\",\"@id\":\"https:\/\/valli.cz\/sluzby\/servis-pocitacove-techniky-windows\/#breadcrumb\",\"itemListElement\":[{\"@type\":\"ListItem\",\"position\":1,\"name\":\"Dom\u016f\",\"item\":\"https:\/\/valli.cz\/\"},{\"@type\":\"ListItem\",\"position\":2,\"name\":\"Slu\u017eby\",\"item\":\"https:\/\/valli.cz\/sluzby\/\"},{\"@type\":\"ListItem\",\"position\":3,\"name\":\"Oprava po\u010d\u00edta\u010d\u016f a notebook\u016f\"}]},{\"@type\":\"WebSite\",\"@id\":\"https:\/\/valli.cz\/#website\",\"url\":\"https:\/\/valli.cz\/\",\"name\":\"Valli Servis &amp; Shop \ud83d\udcbb\ud83d\udcf1\",\"description\":\"Opravy a \u00fadr\u017eba po\u010d\u00edta\u010d\u016f, notebook\u016f a jin\u00fdch za\u0159\u00edzen\u00ed. Zaji\u0161t\u011bn\u00ed kvality a n\u00edzk\u00e9 ceny.\",\"publisher\":{\"@id\":\"https:\/\/valli.cz\/#organization\"},\"potentialAction\":[{\"@type\":\"SearchAction\",\"target\":{\"@type\":\"EntryPoint\",\"urlTemplate\":\"https:\/\/valli.cz\/?s={search_term_string}\"},\"query-input\":{\"@type\":\"PropertyValueSpecification\",\"valueRequired\":true,\"valueName\":\"search_term_string\"}}],\"inLanguage\":\"ru-RU\"},{\"@type\":\"Organization\",\"@id\":\"https:\/\/valli.cz\/#organization\",\"name\":\"Valli.cz Servis & Shop Praha\",\"url\":\"https:\/\/valli.cz\/\",\"logo\":{\"@type\":\"ImageObject\",\"inLanguage\":\"ru-RU\",\"@id\":\"https:\/\/valli.cz\/#\/schema\/logo\/image\/\",\"url\":\"http:\/\/valli.cz\/wp-content\/uploads\/2020\/08\/cropped-valli-favicon-2-192x192.png\",\"contentUrl\":\"http:\/\/valli.cz\/wp-content\/uploads\/2020\/08\/cropped-valli-favicon-2-192x192.png\",\"width\":192,\"height\":192,\"caption\":\"Valli.cz Servis & Shop Praha\"},\"image\":{\"@id\":\"https:\/\/valli.cz\/#\/schema\/logo\/image\/\"}}]}<\/script>\n<!-- \/ Yoast SEO plugin. -->","yoast_head_json":{"title":"Oprava po\u010d\u00edta\u010d\u016f a notebook\u016f - Valli Servis &amp; Shop \ud83d\udcbb\ud83d\udcf1","robots":{"index":"index","follow":"follow","max-snippet":"max-snippet:-1","max-image-preview":"max-image-preview:large","max-video-preview":"max-video-preview:-1"},"canonical":"https:\/\/valli.cz\/ru\/sluzby\/servis-pocitacove-techniky-windows\/","og_locale":"ru_RU","og_type":"article","og_title":"Oprava po\u010d\u00edta\u010d\u016f a notebook\u016f - Valli Servis &amp; Shop \ud83d\udcbb\ud83d\udcf1","og_description":"Expresn\u00ed servis po\u010dita\u010du a notebook\u016f v\u0161ech typ\u016f a zna\u010dek. Opravujeme software a hardware, prov\u00e1d\u00edme \u00fadr\u017ebu ...","og_url":"https:\/\/valli.cz\/ru\/sluzby\/servis-pocitacove-techniky-windows\/","og_site_name":"Valli Servis &amp; Shop \ud83d\udcbb\ud83d\udcf1","article_modified_time":"2025-09-02T16:44:45+00:00","twitter_card":"summary_large_image","twitter_misc":{"\u041f\u0440\u0438\u043c\u0435\u0440\u043d\u043e\u0435 \u0432\u0440\u0435\u043c\u044f \u0434\u043b\u044f \u0447\u0442\u0435\u043d\u0438\u044f":"1 \u043c\u0438\u043d\u0443\u0442\u0430"},"schema":{"@context":"https:\/\/schema.org","@graph":[{"@type":"WebPage","@id":"https:\/\/valli.cz\/sluzby\/servis-pocitacove-techniky-windows\/","url":"https:\/\/valli.cz\/sluzby\/servis-pocitacove-techniky-windows\/","name":"Oprava po\u010d\u00edta\u010d\u016f a notebook\u016f - Valli Servis &amp; Shop \ud83d\udcbb\ud83d\udcf1","isPartOf":{"@id":"https:\/\/valli.cz\/#website"},"datePublished":"2020-04-15T18:43:00+00:00","dateModified":"2025-09-02T16:44:45+00:00","breadcrumb":{"@id":"https:\/\/valli.cz\/sluzby\/servis-pocitacove-techniky-windows\/#breadcrumb"},"inLanguage":"ru-RU","potentialAction":[{"@type":"ReadAction","target":["https:\/\/valli.cz\/sluzby\/servis-pocitacove-techniky-windows\/"]}]},{"@type":"BreadcrumbList","@id":"https:\/\/valli.cz\/sluzby\/servis-pocitacove-techniky-windows\/#breadcrumb","itemListElement":[{"@type":"ListItem","position":1,"name":"Dom\u016f","item":"https:\/\/valli.cz\/"},{"@type":"ListItem","position":2,"name":"Slu\u017eby","item":"https:\/\/valli.cz\/sluzby\/"},{"@type":"ListItem","position":3,"name":"Oprava po\u010d\u00edta\u010d\u016f a notebook\u016f"}]},{"@type":"WebSite","@id":"https:\/\/valli.cz\/#website","url":"https:\/\/valli.cz\/","name":"Valli Service &amp; Shop \ud83d\udcbb\ud83d\udcf1","description":"\u0420\u0435\u043c\u043e\u043d\u0442 \u0438 \u043e\u0431\u0441\u043b\u0443\u0436\u0438\u0432\u0430\u043d\u0438\u0435 \u043a\u043e\u043c\u043f\u044c\u044e\u0442\u0435\u0440\u043e\u0432, \u043d\u043e\u0443\u0442\u0431\u0443\u043a\u043e\u0432 \u0438 \u0434\u0440\u0443\u0433\u043e\u0439 \u0442\u0435\u0445\u043d\u0438\u043a\u0438. \u0413\u0430\u0440\u0430\u043d\u0442\u0438\u044f \u043a\u0430\u0447\u0435\u0441\u0442\u0432\u0430 \u0438 \u043d\u0438\u0437\u043a\u0438\u0435 \u0446\u0435\u043d\u044b.","publisher":{"@id":"https:\/\/valli.cz\/#organization"},"potentialAction":[{"@type":"SearchAction","target":{"@type":"EntryPoint","urlTemplate":"https:\/\/valli.cz\/?s={search_term_string}"},"query-input":{"@type":"PropertyValueSpecification","valueRequired":true,"valueName":"search_term_string"}}],"inLanguage":"ru-RU"},{"@type":"Organization","@id":"https:\/\/valli.cz\/#organization","name":"Valli.cz \u0421\u0435\u0440\u0432\u0438\u0441 \u0438 \u043c\u0430\u0433\u0430\u0437\u0438\u043d \u0432 \u041f\u0440\u0430\u0433\u0435","url":"https:\/\/valli.cz\/","logo":{"@type":"ImageObject","inLanguage":"ru-RU","@id":"https:\/\/valli.cz\/#\/schema\/logo\/image\/","url":"http:\/\/valli.cz\/wp-content\/uploads\/2020\/08\/cropped-valli-favicon-2-192x192.png","contentUrl":"http:\/\/valli.cz\/wp-content\/uploads\/2020\/08\/cropped-valli-favicon-2-192x192.png","width":192,"height":192,"caption":"Valli.cz Servis & Shop Praha"},"image":{"@id":"https:\/\/valli.cz\/#\/schema\/logo\/image\/"}}]}},"jetpack_sharing_enabled":true,"_links":{"self":[{"href":"https:\/\/valli.cz\/ru\/wp-json\/wp\/v2\/pages\/1837","targetHints":{"allow":["GET"]}}],"collection":[{"href":"https:\/\/valli.cz\/ru\/wp-json\/wp\/v2\/pages"}],"about":[{"href":"https:\/\/valli.cz\/ru\/wp-json\/wp\/v2\/types\/page"}],"author":[{"embeddable":true,"href":"https:\/\/valli.cz\/ru\/wp-json\/wp\/v2\/users\/1"}],"replies":[{"embeddable":true,"href":"https:\/\/valli.cz\/ru\/wp-json\/wp\/v2\/comments?post=1837"}],"version-history":[{"count":20,"href":"https:\/\/valli.cz\/ru\/wp-json\/wp\/v2\/pages\/1837\/revisions"}],"predecessor-version":[{"id":5906,"href":"https:\/\/valli.cz\/ru\/wp-json\/wp\/v2\/pages\/1837\/revisions\/5906"}],"up":[{"embeddable":true,"href":"https:\/\/valli.cz\/ru\/wp-json\/wp\/v2\/pages\/21"}],"wp:attachment":[{"href":"https:\/\/valli.cz\/ru\/wp-json\/wp\/v2\/media?parent=1837"}],"curies":[{"name":"WP","href":"https:\/\/api.w.org\/{rel}","templated":true}]}}