{"id":1832,"date":"2020-04-15T20:22:28","date_gmt":"2020-04-15T18:22:28","guid":{"rendered":"https:\/\/lightgreen-finch-438007.hostingersite.com\/domains\/valli.cz\/?page_id=31"},"modified":"2025-09-13T15:38:13","modified_gmt":"2025-09-13T13:38:13","slug":"servis-iphone","status":"publish","type":"page","link":"https:\/\/valli.cz\/ru\/sluzby\/servis-apple\/servis-iphone\/","title":{"rendered":"\u0420\u0435\u043c\u043e\u043d\u0442 iPhone"},"content":{"rendered":"<p>\u0427\u0442\u043e-\u0442\u043e \u0441\u043b\u0443\u0447\u0438\u043b\u043e\u0441\u044c \u0441 \u0432\u0430\u0448\u0438\u043c iPhone \u2014 \u0440\u0430\u0437\u0431\u0438\u043b\u0441\u044f \u0434\u0438\u0441\u043f\u043b\u0435\u0439 \u0438\u043b\u0438 \u0441\u0442\u0435\u043a\u043b\u043e, \u043d\u0443\u0436\u043d\u043e \u0437\u0430\u043c\u0435\u043d\u0438\u0442\u044c \u0430\u043a\u043a\u0443\u043c\u0443\u043b\u044f\u0442\u043e\u0440, \u043f\u0440\u043e\u043b\u0438\u043b\u0438 \u0432\u043e\u0434\u0443 \u0438\u043b\u0438 \u0434\u0440\u0443\u0433\u0443\u044e \u0436\u0438\u0434\u043a\u043e\u0441\u0442\u044c? \u0425\u043e\u0442\u0438\u0442\u0435 \u043e\u0442\u0440\u0435\u043c\u043e\u043d\u0442\u0438\u0440\u043e\u0432\u0430\u0442\u044c \u0435\u0433\u043e \u043a\u0430\u043a \u043c\u043e\u0436\u043d\u043e \u0441\u043a\u043e\u0440\u0435\u0435 \u0438 \u0438\u0449\u0435\u0442\u0435 \u0431\u044b\u0441\u0442\u0440\u044b\u0439 \u0438 \u043a\u0430\u0447\u0435\u0441\u0442\u0432\u0435\u043d\u043d\u044b\u0439 \u0441\u0435\u0440\u0432\u0438\u0441? \u041f\u0440\u0438\u0445\u043e\u0434\u0438\u0442\u0435 \u043a \u043d\u0430\u043c, \u0438 \u043c\u044b \u0431\u044b\u0441\u0442\u0440\u043e \u0438 \u043f\u043e \u0440\u0430\u0437\u0443\u043c\u043d\u043e\u0439 \u0446\u0435\u043d\u0435 \u043e\u0442\u0440\u0435\u043c\u043e\u043d\u0442\u0438\u0440\u0443\u0435\u043c \u0432\u0430\u0448\u0435 \u0443\u0441\u0442\u0440\u043e\u0439\u0441\u0442\u0432\u043e.<\/p>\n\n\n\n<p>\u0421\u043f\u0438\u0441\u043e\u043a \u0440\u0435\u043c\u043e\u043d\u0442\u043e\u0432, \u043a\u043e\u0442\u043e\u0440\u044b\u0435 \u043c\u044b \u0447\u0430\u0449\u0435 \u0432\u0441\u0435\u0433\u043e \u0432\u044b\u043f\u043e\u043b\u043d\u044f\u0435\u043c \u0434\u043b\u044f \u043d\u0430\u0448\u0438\u0445 \u043a\u043b\u0438\u0435\u043d\u0442\u043e\u0432:<\/p>\n\n\n\n<ul class=\"wp-block-list\">\n<li>\u0417\u0430\u043c\u0435\u043d\u0430 \u0434\u0438\u0441\u043f\u043b\u0435\u044f<\/li>\n\n\n\n<li>\u0417\u0430\u043c\u0435\u043d\u0430 \u0431\u0430\u0442\u0430\u0440\u0435\u0438<\/li>\n\n\n\n<li>\u0417\u0430\u043c\u0435\u043d\u0430 \u043a\u043e\u0440\u043f\u0443\u0441\u0430<\/li>\n\n\n\n<li>\u0420\u0435\u043c\u043e\u043d\u0442 \u043c\u0430\u0442\u0435\u0440\u0438\u043d\u0441\u043a\u043e\u0439 \u043f\u043b\u0430\u0442\u044b<\/li>\n\n\n\n<li>\u0414\u0440\u0443\u0433\u0438\u0435 \u0440\u0435\u043c\u043e\u043d\u0442\u043d\u044b\u0435 \u0440\u0430\u0431\u043e\u0442\u044b<\/li>\n<\/ul>","protected":false},"excerpt":{"rendered":"<p>Stalo se V\u00e1m n\u011bco s va\u0161\u00edm iPhonem &#8211; bu\u010f m\u00e1te rozbit\u00fd displej nebo sklo, pot\u0159ebujete &#8230;<\/p>","protected":false},"author":1,"featured_media":0,"parent":29,"menu_order":0,"comment_status":"closed","ping_status":"closed","template":"","meta":{"_acf_changed":false,"footnotes":""},"class_list":["post-1832","page","type-page","status-publish","hentry"],"acf":[],"yoast_head":"<!-- This site is optimized with the Yoast SEO plugin v25.6 - https:\/\/yoast.com\/wordpress\/plugins\/seo\/ -->\n<title>Oprava iPhone - Valli Servis &amp; Shop \ud83d\udcbb\ud83d\udcf1<\/title>\n<meta name=\"robots\" content=\"index, follow, max-snippet:-1, max-image-preview:large, max-video-preview:-1\" \/>\n<link rel=\"canonical\" href=\"https:\/\/valli.cz\/ru\/sluzby\/servis-apple\/servis-iphone\/\" \/>\n<meta property=\"og:locale\" content=\"ru_RU\" \/>\n<meta property=\"og:type\" content=\"article\" \/>\n<meta property=\"og:title\" content=\"Oprava iPhone - Valli Servis &amp; Shop \ud83d\udcbb\ud83d\udcf1\" \/>\n<meta property=\"og:description\" content=\"Stalo se V\u00e1m n\u011bco s va\u0161\u00edm iPhonem &#8211; bu\u010f m\u00e1te rozbit\u00fd displej nebo sklo, pot\u0159ebujete ...\" \/>\n<meta property=\"og:url\" content=\"https:\/\/valli.cz\/ru\/sluzby\/servis-apple\/servis-iphone\/\" \/>\n<meta property=\"og:site_name\" content=\"Valli Servis &amp; Shop \ud83d\udcbb\ud83d\udcf1\" \/>\n<meta property=\"article:modified_time\" content=\"2025-09-13T13:38:13+00:00\" \/>\n<meta name=\"twitter:card\" content=\"summary_large_image\" \/>\n<meta name=\"twitter:label1\" content=\"\u041f\u0440\u0438\u043c\u0435\u0440\u043d\u043e\u0435 \u0432\u0440\u0435\u043c\u044f \u0434\u043b\u044f \u0447\u0442\u0435\u043d\u0438\u044f\" \/>\n\t<meta name=\"twitter:data1\" content=\"1 \u043c\u0438\u043d\u0443\u0442\u0430\" \/>\n<script type=\"application\/ld+json\" class=\"yoast-schema-graph\">{\"@context\":\"https:\/\/schema.org\",\"@graph\":[{\"@type\":\"WebPage\",\"@id\":\"https:\/\/valli.cz\/sluzby\/servis-apple\/servis-iphone\/\",\"url\":\"https:\/\/valli.cz\/sluzby\/servis-apple\/servis-iphone\/\",\"name\":\"Oprava iPhone - Valli Servis &amp; Shop \ud83d\udcbb\ud83d\udcf1\",\"isPartOf\":{\"@id\":\"https:\/\/valli.cz\/#website\"},\"datePublished\":\"2020-04-15T18:22:28+00:00\",\"dateModified\":\"2025-09-13T13:38:13+00:00\",\"breadcrumb\":{\"@id\":\"https:\/\/valli.cz\/sluzby\/servis-apple\/servis-iphone\/#breadcrumb\"},\"inLanguage\":\"ru-RU\",\"potentialAction\":[{\"@type\":\"ReadAction\",\"target\":[\"https:\/\/valli.cz\/sluzby\/servis-apple\/servis-iphone\/\"]}]},{\"@type\":\"BreadcrumbList\",\"@id\":\"https:\/\/valli.cz\/sluzby\/servis-apple\/servis-iphone\/#breadcrumb\",\"itemListElement\":[{\"@type\":\"ListItem\",\"position\":1,\"name\":\"Dom\u016f\",\"item\":\"https:\/\/valli.cz\/\"},{\"@type\":\"ListItem\",\"position\":2,\"name\":\"Slu\u017eby\",\"item\":\"https:\/\/valli.cz\/sluzby\/\"},{\"@type\":\"ListItem\",\"position\":3,\"name\":\"Oprava Apple\",\"item\":\"https:\/\/valli.cz\/sluzby\/servis-apple\/\"},{\"@type\":\"ListItem\",\"position\":4,\"name\":\"Oprava iPhone\"}]},{\"@type\":\"WebSite\",\"@id\":\"https:\/\/valli.cz\/#website\",\"url\":\"https:\/\/valli.cz\/\",\"name\":\"Valli Servis &amp; Shop \ud83d\udcbb\ud83d\udcf1\",\"description\":\"Opravy a \u00fadr\u017eba po\u010d\u00edta\u010d\u016f, notebook\u016f a jin\u00fdch za\u0159\u00edzen\u00ed. Zaji\u0161t\u011bn\u00ed kvality a n\u00edzk\u00e9 ceny.\",\"publisher\":{\"@id\":\"https:\/\/valli.cz\/#organization\"},\"potentialAction\":[{\"@type\":\"SearchAction\",\"target\":{\"@type\":\"EntryPoint\",\"urlTemplate\":\"https:\/\/valli.cz\/?s={search_term_string}\"},\"query-input\":{\"@type\":\"PropertyValueSpecification\",\"valueRequired\":true,\"valueName\":\"search_term_string\"}}],\"inLanguage\":\"ru-RU\"},{\"@type\":\"Organization\",\"@id\":\"https:\/\/valli.cz\/#organization\",\"name\":\"Valli.cz Servis & Shop Praha\",\"url\":\"https:\/\/valli.cz\/\",\"logo\":{\"@type\":\"ImageObject\",\"inLanguage\":\"ru-RU\",\"@id\":\"https:\/\/valli.cz\/#\/schema\/logo\/image\/\",\"url\":\"http:\/\/valli.cz\/wp-content\/uploads\/2020\/08\/cropped-valli-favicon-2-192x192.png\",\"contentUrl\":\"http:\/\/valli.cz\/wp-content\/uploads\/2020\/08\/cropped-valli-favicon-2-192x192.png\",\"width\":192,\"height\":192,\"caption\":\"Valli.cz Servis & Shop Praha\"},\"image\":{\"@id\":\"https:\/\/valli.cz\/#\/schema\/logo\/image\/\"}}]}<\/script>\n<!-- \/ Yoast SEO plugin. -->","yoast_head_json":{"title":"Oprava iPhone - Valli Servis &amp; Shop \ud83d\udcbb\ud83d\udcf1","robots":{"index":"index","follow":"follow","max-snippet":"max-snippet:-1","max-image-preview":"max-image-preview:large","max-video-preview":"max-video-preview:-1"},"canonical":"https:\/\/valli.cz\/ru\/sluzby\/servis-apple\/servis-iphone\/","og_locale":"ru_RU","og_type":"article","og_title":"Oprava iPhone - Valli Servis &amp; Shop \ud83d\udcbb\ud83d\udcf1","og_description":"Stalo se V\u00e1m n\u011bco s va\u0161\u00edm iPhonem &#8211; bu\u010f m\u00e1te rozbit\u00fd displej nebo sklo, pot\u0159ebujete ...","og_url":"https:\/\/valli.cz\/ru\/sluzby\/servis-apple\/servis-iphone\/","og_site_name":"Valli Servis &amp; Shop \ud83d\udcbb\ud83d\udcf1","article_modified_time":"2025-09-13T13:38:13+00:00","twitter_card":"summary_large_image","twitter_misc":{"\u041f\u0440\u0438\u043c\u0435\u0440\u043d\u043e\u0435 \u0432\u0440\u0435\u043c\u044f \u0434\u043b\u044f \u0447\u0442\u0435\u043d\u0438\u044f":"1 \u043c\u0438\u043d\u0443\u0442\u0430"},"schema":{"@context":"https:\/\/schema.org","@graph":[{"@type":"WebPage","@id":"https:\/\/valli.cz\/sluzby\/servis-apple\/servis-iphone\/","url":"https:\/\/valli.cz\/sluzby\/servis-apple\/servis-iphone\/","name":"Oprava iPhone - Valli Servis &amp; Shop \ud83d\udcbb\ud83d\udcf1","isPartOf":{"@id":"https:\/\/valli.cz\/#website"},"datePublished":"2020-04-15T18:22:28+00:00","dateModified":"2025-09-13T13:38:13+00:00","breadcrumb":{"@id":"https:\/\/valli.cz\/sluzby\/servis-apple\/servis-iphone\/#breadcrumb"},"inLanguage":"ru-RU","potentialAction":[{"@type":"ReadAction","target":["https:\/\/valli.cz\/sluzby\/servis-apple\/servis-iphone\/"]}]},{"@type":"BreadcrumbList","@id":"https:\/\/valli.cz\/sluzby\/servis-apple\/servis-iphone\/#breadcrumb","itemListElement":[{"@type":"ListItem","position":1,"name":"Dom\u016f","item":"https:\/\/valli.cz\/"},{"@type":"ListItem","position":2,"name":"Slu\u017eby","item":"https:\/\/valli.cz\/sluzby\/"},{"@type":"ListItem","position":3,"name":"Oprava Apple","item":"https:\/\/valli.cz\/sluzby\/servis-apple\/"},{"@type":"ListItem","position":4,"name":"Oprava iPhone"}]},{"@type":"WebSite","@id":"https:\/\/valli.cz\/#website","url":"https:\/\/valli.cz\/","name":"Valli Service &amp; Shop \ud83d\udcbb\ud83d\udcf1","description":"\u0420\u0435\u043c\u043e\u043d\u0442 \u0438 \u043e\u0431\u0441\u043b\u0443\u0436\u0438\u0432\u0430\u043d\u0438\u0435 \u043a\u043e\u043c\u043f\u044c\u044e\u0442\u0435\u0440\u043e\u0432, \u043d\u043e\u0443\u0442\u0431\u0443\u043a\u043e\u0432 \u0438 \u0434\u0440\u0443\u0433\u043e\u0439 \u0442\u0435\u0445\u043d\u0438\u043a\u0438. \u0413\u0430\u0440\u0430\u043d\u0442\u0438\u044f \u043a\u0430\u0447\u0435\u0441\u0442\u0432\u0430 \u0438 \u043d\u0438\u0437\u043a\u0438\u0435 \u0446\u0435\u043d\u044b.","publisher":{"@id":"https:\/\/valli.cz\/#organization"},"potentialAction":[{"@type":"SearchAction","target":{"@type":"EntryPoint","urlTemplate":"https:\/\/valli.cz\/?s={search_term_string}"},"query-input":{"@type":"PropertyValueSpecification","valueRequired":true,"valueName":"search_term_string"}}],"inLanguage":"ru-RU"},{"@type":"Organization","@id":"https:\/\/valli.cz\/#organization","name":"Valli.cz \u0421\u0435\u0440\u0432\u0438\u0441 \u0438 \u043c\u0430\u0433\u0430\u0437\u0438\u043d \u0432 \u041f\u0440\u0430\u0433\u0435","url":"https:\/\/valli.cz\/","logo":{"@type":"ImageObject","inLanguage":"ru-RU","@id":"https:\/\/valli.cz\/#\/schema\/logo\/image\/","url":"http:\/\/valli.cz\/wp-content\/uploads\/2020\/08\/cropped-valli-favicon-2-192x192.png","contentUrl":"http:\/\/valli.cz\/wp-content\/uploads\/2020\/08\/cropped-valli-favicon-2-192x192.png","width":192,"height":192,"caption":"Valli.cz Servis & Shop Praha"},"image":{"@id":"https:\/\/valli.cz\/#\/schema\/logo\/image\/"}}]}},"jetpack_sharing_enabled":true,"_links":{"self":[{"href":"https:\/\/valli.cz\/ru\/wp-json\/wp\/v2\/pages\/1832","targetHints":{"allow":["GET"]}}],"collection":[{"href":"https:\/\/valli.cz\/ru\/wp-json\/wp\/v2\/pages"}],"about":[{"href":"https:\/\/valli.cz\/ru\/wp-json\/wp\/v2\/types\/page"}],"author":[{"embeddable":true,"href":"https:\/\/valli.cz\/ru\/wp-json\/wp\/v2\/users\/1"}],"replies":[{"embeddable":true,"href":"https:\/\/valli.cz\/ru\/wp-json\/wp\/v2\/comments?post=1832"}],"version-history":[{"count":46,"href":"https:\/\/valli.cz\/ru\/wp-json\/wp\/v2\/pages\/1832\/revisions"}],"predecessor-version":[{"id":5910,"href":"https:\/\/valli.cz\/ru\/wp-json\/wp\/v2\/pages\/1832\/revisions\/5910"}],"up":[{"embeddable":true,"href":"https:\/\/valli.cz\/ru\/wp-json\/wp\/v2\/pages\/29"}],"wp:attachment":[{"href":"https:\/\/valli.cz\/ru\/wp-json\/wp\/v2\/media?parent=1832"}],"curies":[{"name":"WP","href":"https:\/\/api.w.org\/{rel}","templated":true}]}}