{"id":18,"date":"2020-04-15T19:30:38","date_gmt":"2020-04-15T17:30:38","guid":{"rendered":"https:\/\/lightgreen-finch-438007.hostingersite.com\/domains\/valli.cz\/?page_id=18"},"modified":"2020-08-09T21:39:34","modified_gmt":"2020-08-09T19:39:34","slug":"vykup-pouzitych-zarizeni","status":"publish","type":"page","link":"https:\/\/valli.cz\/ru\/sluzby\/vykup-pouzitych-zarizeni\/","title":{"rendered":"\u0412\u044b\u043a\u0443\u043f \u0431\/\u0443 \u0442\u0435\u0445\u043d\u0438\u043a\u0438"},"content":{"rendered":"<p>\u0423 \u0432\u0430\u0441 \u0434\u043e\u043c\u0430 \u0435\u0441\u0442\u044c \u0441\u0442\u0430\u0440\u044b\u0439, \u043d\u0435\u043d\u0443\u0436\u043d\u044b\u0439 \u0438\u043b\u0438 \u0441\u043b\u043e\u043c\u0430\u043d\u043d\u044b\u0439 \u043a\u043e\u043c\u043f\u044c\u044e\u0442\u0435\u0440 \u0438\u043b\u0438 \u043d\u043e\u0443\u0442\u0431\u0443\u043a, \u043a\u043e\u0442\u043e\u0440\u044b\u0439 \u0432\u044b \u0431\u043e\u043b\u044c\u0448\u0435 \u043d\u0435 \u0445\u043e\u0442\u0438\u0442\u0435 \u0440\u0435\u043c\u043e\u043d\u0442\u0438\u0440\u043e\u0432\u0430\u0442\u044c? \u041d\u0435 \u0441\u043f\u0435\u0448\u0438\u0442\u0435 \u0432\u044b\u0431\u0440\u0430\u0441\u044b\u0432\u0430\u0442\u044c \u0435\u0433\u043e! \u041f\u0440\u0438\u0435\u0437\u0436\u0430\u0439\u0442\u0435 \u0432 \u043d\u0430\u0448 \u0441\u0435\u0440\u0432\u0438\u0441, \u043c\u044b \u0432\u044b\u043a\u0443\u043f\u0430\u0435\u043c \u0430\u0431\u0441\u043e\u043b\u044e\u0442\u043d\u043e \u043b\u044e\u0431\u044b\u0435 \u043d\u043e\u0443\u0442\u0431\u0443\u043a\u0438. \u041c\u044b \u043f\u0440\u0435\u0434\u043b\u043e\u0436\u0438\u043c \u0432\u0430\u043c \u043b\u0443\u0447\u0448\u0438\u0435 \u0443\u0441\u043b\u043e\u0432\u0438\u044f.\ud83d\ude0a<\/p>\n\n\n\n<p> \u041c\u044b \u0432\u044b\u043a\u0443\u043f\u0438\u043c \u0441\u043f\u0438\u0441\u0430\u043d\u043d\u043e\u0435 \u043e\u0431\u043e\u0440\u0443\u0434\u043e\u0432\u0430\u043d\u0438\u0435 \u0438 \u043e\u0431\u0435\u0441\u043f\u0435\u0447\u0438\u043c \u043f\u0440\u043e\u0444\u0435\u0441\u0441\u0438\u043e\u043d\u0430\u043b\u044c\u043d\u043e\u0435 \u0443\u0434\u0430\u043b\u0435\u043d\u0438\u0435 \u0434\u0430\u043d\u043d\u044b\u0445.<\/p>\n\n\n\n<h3 class=\"wp-block-heading\">\u0423 \u0432\u0430\u0441 \u0435\u0441\u0442\u044c \u0432\u043e\u043f\u0440\u043e\u0441\u044b? <\/h3>\n\n\n\n<p>\u0415\u0441\u043b\u0438 \u0443 \u0432\u0430\u0441 \u0435\u0441\u0442\u044c \u0432\u043e\u043f\u0440\u043e\u0441\u044b \u0438\u043b\u0438 \u0432\u044b \u0437\u0430\u0438\u043d\u0442\u0435\u0440\u0435\u0441\u043e\u0432\u0430\u043d\u044b \u0432 \u043f\u0440\u043e\u0434\u0430\u0436\u0435 \u0441\u0432\u043e\u0435\u0433\u043e \u0443\u0441\u0442\u0440\u043e\u0439\u0441\u0442\u0432\u0430, \u043f\u043e\u0436\u0430\u043b\u0443\u0439\u0441\u0442\u0430, \u0441\u0432\u044f\u0436\u0438\u0442\u0435\u0441\u044c \u0441 \u043d\u0430\u043c\u0438. \u041c\u044b \u0431\u0443\u0434\u0435\u043c \u0440\u0430\u0434\u044b \u0432\u0430\u043c \u043f\u043e\u043c\u043e\u0447\u044c.<\/p>\n\n\n\n<a class=\"btn btn-main\" title=\"\u0421\u0432\u044f\u0437\u0430\u0442\u044c\u0441\u044f\" href=\"https:\/\/valli.cz\/ru\/kontakt\/\" tabindex=\"0\"> \u0421\u0432\u044f\u0437\u0430\u0442\u044c\u0441\u044f <\/a>","protected":false},"excerpt":{"rendered":"<p>M\u00e1te doma star\u00fd nepot\u0159ebn\u00fd nebo rozbit\u00fd po\u010d\u00edta\u010d nebo laptop, kter\u00fd ji\u017e nechcete opravit?&nbsp;Nesp\u011bchejte ho vyhazovat &#8230;<\/p>","protected":false},"author":1,"featured_media":0,"parent":21,"menu_order":0,"comment_status":"closed","ping_status":"closed","template":"","meta":{"_acf_changed":false,"footnotes":""},"class_list":["post-18","page","type-page","status-publish","hentry"],"acf":[],"yoast_head":"<!-- This site is optimized with the Yoast SEO plugin v25.6 - https:\/\/yoast.com\/wordpress\/plugins\/seo\/ -->\n<title>V\u00fdkup pou\u017eit\u00fdch za\u0159\u00edzen\u00ed - Valli Servis &amp; Shop \ud83d\udcbb\ud83d\udcf1<\/title>\n<meta name=\"robots\" content=\"index, follow, max-snippet:-1, max-image-preview:large, max-video-preview:-1\" \/>\n<link rel=\"canonical\" href=\"https:\/\/valli.cz\/ru\/sluzby\/vykup-pouzitych-zarizeni\/\" \/>\n<meta property=\"og:locale\" content=\"ru_RU\" \/>\n<meta property=\"og:type\" content=\"article\" \/>\n<meta property=\"og:title\" content=\"V\u00fdkup pou\u017eit\u00fdch za\u0159\u00edzen\u00ed - Valli Servis &amp; Shop \ud83d\udcbb\ud83d\udcf1\" \/>\n<meta property=\"og:description\" content=\"M\u00e1te doma star\u00fd nepot\u0159ebn\u00fd nebo rozbit\u00fd po\u010d\u00edta\u010d nebo laptop, kter\u00fd ji\u017e nechcete opravit?&nbsp;Nesp\u011bchejte ho vyhazovat ...\" \/>\n<meta property=\"og:url\" content=\"https:\/\/valli.cz\/ru\/sluzby\/vykup-pouzitych-zarizeni\/\" \/>\n<meta property=\"og:site_name\" content=\"Valli Servis &amp; Shop \ud83d\udcbb\ud83d\udcf1\" \/>\n<meta property=\"article:modified_time\" content=\"2020-08-09T19:39:34+00:00\" \/>\n<meta name=\"twitter:card\" content=\"summary_large_image\" \/>\n<script type=\"application\/ld+json\" class=\"yoast-schema-graph\">{\"@context\":\"https:\/\/schema.org\",\"@graph\":[{\"@type\":\"WebPage\",\"@id\":\"https:\/\/valli.cz\/sluzby\/vykup-pouzitych-zarizeni\/\",\"url\":\"https:\/\/valli.cz\/sluzby\/vykup-pouzitych-zarizeni\/\",\"name\":\"V\u00fdkup pou\u017eit\u00fdch za\u0159\u00edzen\u00ed - Valli Servis &amp; Shop \ud83d\udcbb\ud83d\udcf1\",\"isPartOf\":{\"@id\":\"https:\/\/valli.cz\/#website\"},\"datePublished\":\"2020-04-15T17:30:38+00:00\",\"dateModified\":\"2020-08-09T19:39:34+00:00\",\"breadcrumb\":{\"@id\":\"https:\/\/valli.cz\/sluzby\/vykup-pouzitych-zarizeni\/#breadcrumb\"},\"inLanguage\":\"ru-RU\",\"potentialAction\":[{\"@type\":\"ReadAction\",\"target\":[\"https:\/\/valli.cz\/sluzby\/vykup-pouzitych-zarizeni\/\"]}]},{\"@type\":\"BreadcrumbList\",\"@id\":\"https:\/\/valli.cz\/sluzby\/vykup-pouzitych-zarizeni\/#breadcrumb\",\"itemListElement\":[{\"@type\":\"ListItem\",\"position\":1,\"name\":\"Dom\u016f\",\"item\":\"https:\/\/valli.cz\/\"},{\"@type\":\"ListItem\",\"position\":2,\"name\":\"Slu\u017eby\",\"item\":\"https:\/\/valli.cz\/sluzby\/\"},{\"@type\":\"ListItem\",\"position\":3,\"name\":\"V\u00fdkup pou\u017eit\u00fdch za\u0159\u00edzen\u00ed\"}]},{\"@type\":\"WebSite\",\"@id\":\"https:\/\/valli.cz\/#website\",\"url\":\"https:\/\/valli.cz\/\",\"name\":\"Valli Servis &amp; Shop \ud83d\udcbb\ud83d\udcf1\",\"description\":\"Opravy a \u00fadr\u017eba po\u010d\u00edta\u010d\u016f, notebook\u016f a jin\u00fdch za\u0159\u00edzen\u00ed. Zaji\u0161t\u011bn\u00ed kvality a n\u00edzk\u00e9 ceny.\",\"publisher\":{\"@id\":\"https:\/\/valli.cz\/#organization\"},\"potentialAction\":[{\"@type\":\"SearchAction\",\"target\":{\"@type\":\"EntryPoint\",\"urlTemplate\":\"https:\/\/valli.cz\/?s={search_term_string}\"},\"query-input\":{\"@type\":\"PropertyValueSpecification\",\"valueRequired\":true,\"valueName\":\"search_term_string\"}}],\"inLanguage\":\"ru-RU\"},{\"@type\":\"Organization\",\"@id\":\"https:\/\/valli.cz\/#organization\",\"name\":\"Valli.cz Servis & Shop Praha\",\"url\":\"https:\/\/valli.cz\/\",\"logo\":{\"@type\":\"ImageObject\",\"inLanguage\":\"ru-RU\",\"@id\":\"https:\/\/valli.cz\/#\/schema\/logo\/image\/\",\"url\":\"http:\/\/valli.cz\/wp-content\/uploads\/2020\/08\/cropped-valli-favicon-2-192x192.png\",\"contentUrl\":\"http:\/\/valli.cz\/wp-content\/uploads\/2020\/08\/cropped-valli-favicon-2-192x192.png\",\"width\":192,\"height\":192,\"caption\":\"Valli.cz Servis & Shop Praha\"},\"image\":{\"@id\":\"https:\/\/valli.cz\/#\/schema\/logo\/image\/\"}}]}<\/script>\n<!-- \/ Yoast SEO plugin. -->","yoast_head_json":{"title":"V\u00fdkup pou\u017eit\u00fdch za\u0159\u00edzen\u00ed - Valli Servis &amp; Shop \ud83d\udcbb\ud83d\udcf1","robots":{"index":"index","follow":"follow","max-snippet":"max-snippet:-1","max-image-preview":"max-image-preview:large","max-video-preview":"max-video-preview:-1"},"canonical":"https:\/\/valli.cz\/ru\/sluzby\/vykup-pouzitych-zarizeni\/","og_locale":"ru_RU","og_type":"article","og_title":"V\u00fdkup pou\u017eit\u00fdch za\u0159\u00edzen\u00ed - Valli Servis &amp; Shop \ud83d\udcbb\ud83d\udcf1","og_description":"M\u00e1te doma star\u00fd nepot\u0159ebn\u00fd nebo rozbit\u00fd po\u010d\u00edta\u010d nebo laptop, kter\u00fd ji\u017e nechcete opravit?&nbsp;Nesp\u011bchejte ho vyhazovat ...","og_url":"https:\/\/valli.cz\/ru\/sluzby\/vykup-pouzitych-zarizeni\/","og_site_name":"Valli Servis &amp; Shop \ud83d\udcbb\ud83d\udcf1","article_modified_time":"2020-08-09T19:39:34+00:00","twitter_card":"summary_large_image","schema":{"@context":"https:\/\/schema.org","@graph":[{"@type":"WebPage","@id":"https:\/\/valli.cz\/sluzby\/vykup-pouzitych-zarizeni\/","url":"https:\/\/valli.cz\/sluzby\/vykup-pouzitych-zarizeni\/","name":"V\u00fdkup pou\u017eit\u00fdch za\u0159\u00edzen\u00ed - Valli Servis &amp; Shop \ud83d\udcbb\ud83d\udcf1","isPartOf":{"@id":"https:\/\/valli.cz\/#website"},"datePublished":"2020-04-15T17:30:38+00:00","dateModified":"2020-08-09T19:39:34+00:00","breadcrumb":{"@id":"https:\/\/valli.cz\/sluzby\/vykup-pouzitych-zarizeni\/#breadcrumb"},"inLanguage":"ru-RU","potentialAction":[{"@type":"ReadAction","target":["https:\/\/valli.cz\/sluzby\/vykup-pouzitych-zarizeni\/"]}]},{"@type":"BreadcrumbList","@id":"https:\/\/valli.cz\/sluzby\/vykup-pouzitych-zarizeni\/#breadcrumb","itemListElement":[{"@type":"ListItem","position":1,"name":"Dom\u016f","item":"https:\/\/valli.cz\/"},{"@type":"ListItem","position":2,"name":"Slu\u017eby","item":"https:\/\/valli.cz\/sluzby\/"},{"@type":"ListItem","position":3,"name":"V\u00fdkup pou\u017eit\u00fdch za\u0159\u00edzen\u00ed"}]},{"@type":"WebSite","@id":"https:\/\/valli.cz\/#website","url":"https:\/\/valli.cz\/","name":"Valli Service &amp; Shop \ud83d\udcbb\ud83d\udcf1","description":"\u0420\u0435\u043c\u043e\u043d\u0442 \u0438 \u043e\u0431\u0441\u043b\u0443\u0436\u0438\u0432\u0430\u043d\u0438\u0435 \u043a\u043e\u043c\u043f\u044c\u044e\u0442\u0435\u0440\u043e\u0432, \u043d\u043e\u0443\u0442\u0431\u0443\u043a\u043e\u0432 \u0438 \u0434\u0440\u0443\u0433\u043e\u0439 \u0442\u0435\u0445\u043d\u0438\u043a\u0438. \u0413\u0430\u0440\u0430\u043d\u0442\u0438\u044f \u043a\u0430\u0447\u0435\u0441\u0442\u0432\u0430 \u0438 \u043d\u0438\u0437\u043a\u0438\u0435 \u0446\u0435\u043d\u044b.","publisher":{"@id":"https:\/\/valli.cz\/#organization"},"potentialAction":[{"@type":"SearchAction","target":{"@type":"EntryPoint","urlTemplate":"https:\/\/valli.cz\/?s={search_term_string}"},"query-input":{"@type":"PropertyValueSpecification","valueRequired":true,"valueName":"search_term_string"}}],"inLanguage":"ru-RU"},{"@type":"Organization","@id":"https:\/\/valli.cz\/#organization","name":"Valli.cz \u0421\u0435\u0440\u0432\u0438\u0441 \u0438 \u043c\u0430\u0433\u0430\u0437\u0438\u043d \u0432 \u041f\u0440\u0430\u0433\u0435","url":"https:\/\/valli.cz\/","logo":{"@type":"ImageObject","inLanguage":"ru-RU","@id":"https:\/\/valli.cz\/#\/schema\/logo\/image\/","url":"http:\/\/valli.cz\/wp-content\/uploads\/2020\/08\/cropped-valli-favicon-2-192x192.png","contentUrl":"http:\/\/valli.cz\/wp-content\/uploads\/2020\/08\/cropped-valli-favicon-2-192x192.png","width":192,"height":192,"caption":"Valli.cz Servis & Shop Praha"},"image":{"@id":"https:\/\/valli.cz\/#\/schema\/logo\/image\/"}}]}},"jetpack_sharing_enabled":true,"_links":{"self":[{"href":"https:\/\/valli.cz\/ru\/wp-json\/wp\/v2\/pages\/18","targetHints":{"allow":["GET"]}}],"collection":[{"href":"https:\/\/valli.cz\/ru\/wp-json\/wp\/v2\/pages"}],"about":[{"href":"https:\/\/valli.cz\/ru\/wp-json\/wp\/v2\/types\/page"}],"author":[{"embeddable":true,"href":"https:\/\/valli.cz\/ru\/wp-json\/wp\/v2\/users\/1"}],"replies":[{"embeddable":true,"href":"https:\/\/valli.cz\/ru\/wp-json\/wp\/v2\/comments?post=18"}],"version-history":[{"count":2,"href":"https:\/\/valli.cz\/ru\/wp-json\/wp\/v2\/pages\/18\/revisions"}],"predecessor-version":[{"id":3055,"href":"https:\/\/valli.cz\/ru\/wp-json\/wp\/v2\/pages\/18\/revisions\/3055"}],"up":[{"embeddable":true,"href":"https:\/\/valli.cz\/ru\/wp-json\/wp\/v2\/pages\/21"}],"wp:attachment":[{"href":"https:\/\/valli.cz\/ru\/wp-json\/wp\/v2\/media?parent=18"}],"curies":[{"name":"WP","href":"https:\/\/api.w.org\/{rel}","templated":true}]}}