{"id":8,"date":"2020-04-15T19:27:29","date_gmt":"2020-04-15T17:27:29","guid":{"rendered":"https:\/\/lightgreen-finch-438007.hostingersite.com\/domains\/valli.cz\/?page_id=8"},"modified":"2025-07-10T10:50:25","modified_gmt":"2025-07-10T08:50:25","slug":"o-nas","status":"publish","type":"page","link":"https:\/\/valli.cz\/en\/o-nas\/","title":{"rendered":"About us"},"content":{"rendered":"<p>With service centers in Prague and Brno, we offer both standard and express on-site repairs. Thanks to our wide range of components, we can handle most types of devices. Trust the experts who truly understand technology and are genuinely here to help.<\/p>\n\n\n\n<p>Our branches in Prague and Brno offer not only professional service, but also the possibility of express repairs while you wait. Thanks to a wide range of spare parts, we are able to provide repairs to most devices. Trust the experts who understand technology and are genuinely interested in helping.<\/p>\n\n\n\n<div class=\"wp-block-jetpack-tiled-gallery aligncenter is-style-rectangular\"><div class=\"tiled-gallery__gallery\"><div class=\"tiled-gallery__row\"><div class=\"tiled-gallery__col\" style=\"flex-basis:67.39341416422236%\"><figure class=\"tiled-gallery__item\"><a href=\"https:\/\/i2.wp.com\/www.valli.cz\/wp-content\/uploads\/2025\/07\/unnamed-7-1.jpg?ssl=1\"><img decoding=\"async\" srcset=\"https:\/\/i2.wp.com\/www.valli.cz\/wp-content\/uploads\/2025\/07\/unnamed-7-1.jpg?strip=info&#038;w=600&#038;ssl=1 600w,https:\/\/i2.wp.com\/www.valli.cz\/wp-content\/uploads\/2025\/07\/unnamed-7-1.jpg?strip=info&#038;w=900&#038;ssl=1 900w,https:\/\/i2.wp.com\/www.valli.cz\/wp-content\/uploads\/2025\/07\/unnamed-7-1.jpg?strip=info&#038;w=960&#038;ssl=1 960w\" alt=\"\" data-height=\"719\" data-id=\"5649\" data-link=\"https:\/\/valli.cz\/o-nas\/attachment\/unnamed-7-1\/\" data-url=\"http:\/\/valli.cz\/wp-content\/uploads\/2025\/07\/unnamed-7-1.jpg\" data-width=\"960\" src=\"https:\/\/i2.wp.com\/www.valli.cz\/wp-content\/uploads\/2025\/07\/unnamed-7-1.jpg?ssl=1\" layout=\"responsive\"\/><\/a><\/figure><\/div><div class=\"tiled-gallery__col\" style=\"flex-basis:32.60658583577764%\"><figure class=\"tiled-gallery__item\"><a href=\"https:\/\/i2.wp.com\/www.valli.cz\/wp-content\/uploads\/2020\/07\/07nFFIWZ-20V38-s6NiSHNKdr_ZMtouM2l3_UWvGOMCH3wakC_w7Wdb50VRBfmW03VpOecPzeBVFMxauKhv-lxNT.jpg?ssl=1\"><img decoding=\"async\" srcset=\"https:\/\/i2.wp.com\/www.valli.cz\/wp-content\/uploads\/2020\/07\/07nFFIWZ-20V38-s6NiSHNKdr_ZMtouM2l3_UWvGOMCH3wakC_w7Wdb50VRBfmW03VpOecPzeBVFMxauKhv-lxNT.jpg?strip=info&#038;w=600&#038;ssl=1 600w,https:\/\/i2.wp.com\/www.valli.cz\/wp-content\/uploads\/2020\/07\/07nFFIWZ-20V38-s6NiSHNKdr_ZMtouM2l3_UWvGOMCH3wakC_w7Wdb50VRBfmW03VpOecPzeBVFMxauKhv-lxNT.jpg?strip=info&#038;w=900&#038;ssl=1 900w,https:\/\/i2.wp.com\/www.valli.cz\/wp-content\/uploads\/2020\/07\/07nFFIWZ-20V38-s6NiSHNKdr_ZMtouM2l3_UWvGOMCH3wakC_w7Wdb50VRBfmW03VpOecPzeBVFMxauKhv-lxNT.jpg?strip=info&#038;w=1200&#038;ssl=1 1200w,https:\/\/i2.wp.com\/www.valli.cz\/wp-content\/uploads\/2020\/07\/07nFFIWZ-20V38-s6NiSHNKdr_ZMtouM2l3_UWvGOMCH3wakC_w7Wdb50VRBfmW03VpOecPzeBVFMxauKhv-lxNT.jpg?strip=info&#038;w=1285&#038;ssl=1 1285w\" alt=\"\" data-height=\"1012\" data-id=\"5559\" data-link=\"https:\/\/valli.cz\/pobocka\/praha-9-liben\/attachment\/07nffiwz-20v38-s6nishnkdr_zmtoum2l3_uwvgomch3wakc_w7wdb50vrbfmw03vpoecpzebvfmxaukhv-lxnt\/\" data-url=\"http:\/\/valli.cz\/wp-content\/uploads\/2020\/07\/07nFFIWZ-20V38-s6NiSHNKdr_ZMtouM2l3_UWvGOMCH3wakC_w7Wdb50VRBfmW03VpOecPzeBVFMxauKhv-lxNT.jpg\" data-width=\"1285\" src=\"https:\/\/i2.wp.com\/www.valli.cz\/wp-content\/uploads\/2020\/07\/07nFFIWZ-20V38-s6NiSHNKdr_ZMtouM2l3_UWvGOMCH3wakC_w7Wdb50VRBfmW03VpOecPzeBVFMxauKhv-lxNT.jpg?ssl=1\" layout=\"responsive\"\/><\/a><\/figure><figure class=\"tiled-gallery__item\"><a href=\"https:\/\/i1.wp.com\/www.valli.cz\/wp-content\/uploads\/2025\/06\/WCzSIoTi0PfzPeDM6OiB2H5Fyl1w6Oa5r8lSRmG3KViVxgYw6AFIaUzLctH0uvtLZOwUpqJ8b3iBeRwiEbfBJzSP.jpg?ssl=1\"><img decoding=\"async\" srcset=\"https:\/\/i1.wp.com\/www.valli.cz\/wp-content\/uploads\/2025\/06\/WCzSIoTi0PfzPeDM6OiB2H5Fyl1w6Oa5r8lSRmG3KViVxgYw6AFIaUzLctH0uvtLZOwUpqJ8b3iBeRwiEbfBJzSP.jpg?strip=info&#038;w=600&#038;ssl=1 600w,https:\/\/i1.wp.com\/www.valli.cz\/wp-content\/uploads\/2025\/06\/WCzSIoTi0PfzPeDM6OiB2H5Fyl1w6Oa5r8lSRmG3KViVxgYw6AFIaUzLctH0uvtLZOwUpqJ8b3iBeRwiEbfBJzSP.jpg?strip=info&#038;w=900&#038;ssl=1 900w,https:\/\/i1.wp.com\/www.valli.cz\/wp-content\/uploads\/2025\/06\/WCzSIoTi0PfzPeDM6OiB2H5Fyl1w6Oa5r8lSRmG3KViVxgYw6AFIaUzLctH0uvtLZOwUpqJ8b3iBeRwiEbfBJzSP.jpg?strip=info&#038;w=1200&#038;ssl=1 1200w,https:\/\/i1.wp.com\/www.valli.cz\/wp-content\/uploads\/2025\/06\/WCzSIoTi0PfzPeDM6OiB2H5Fyl1w6Oa5r8lSRmG3KViVxgYw6AFIaUzLctH0uvtLZOwUpqJ8b3iBeRwiEbfBJzSP.jpg?strip=info&#038;w=1500&#038;ssl=1 1500w,https:\/\/i1.wp.com\/www.valli.cz\/wp-content\/uploads\/2025\/06\/WCzSIoTi0PfzPeDM6OiB2H5Fyl1w6Oa5r8lSRmG3KViVxgYw6AFIaUzLctH0uvtLZOwUpqJ8b3iBeRwiEbfBJzSP.jpg?strip=info&#038;w=1800&#038;ssl=1 1800w,https:\/\/i1.wp.com\/www.valli.cz\/wp-content\/uploads\/2025\/06\/WCzSIoTi0PfzPeDM6OiB2H5Fyl1w6Oa5r8lSRmG3KViVxgYw6AFIaUzLctH0uvtLZOwUpqJ8b3iBeRwiEbfBJzSP.jpg?strip=info&#038;w=2000&#038;ssl=1 2000w\" alt=\"\" data-height=\"1920\" data-id=\"5492\" data-link=\"https:\/\/valli.cz\/pobocka\/brno-rozkvet\/attachment\/wczsioti0pfzpedm6oib2h5fyl1w6oa5r8lsrmg3kvivxgyw6afiauzlcth0uvtlzowupqj8b3iberwiebfbjzsp\/\" data-url=\"http:\/\/valli.cz\/wp-content\/uploads\/2025\/06\/WCzSIoTi0PfzPeDM6OiB2H5Fyl1w6Oa5r8lSRmG3KViVxgYw6AFIaUzLctH0uvtLZOwUpqJ8b3iBeRwiEbfBJzSP.jpg\" data-width=\"2560\" src=\"https:\/\/i1.wp.com\/www.valli.cz\/wp-content\/uploads\/2025\/06\/WCzSIoTi0PfzPeDM6OiB2H5Fyl1w6Oa5r8lSRmG3KViVxgYw6AFIaUzLctH0uvtLZOwUpqJ8b3iBeRwiEbfBJzSP.jpg?ssl=1\" layout=\"responsive\"\/><\/a><\/figure><\/div><\/div><div class=\"tiled-gallery__row\"><div class=\"tiled-gallery__col\" style=\"flex-basis:34.71216640594903%\"><figure class=\"tiled-gallery__item\"><a href=\"https:\/\/i2.wp.com\/www.valli.cz\/wp-content\/uploads\/2025\/07\/unnamed-9-1.jpg?ssl=1\"><img decoding=\"async\" srcset=\"https:\/\/i2.wp.com\/www.valli.cz\/wp-content\/uploads\/2025\/07\/unnamed-9-1.jpg?strip=info&#038;w=600&#038;ssl=1 600w,https:\/\/i2.wp.com\/www.valli.cz\/wp-content\/uploads\/2025\/07\/unnamed-9-1.jpg?strip=info&#038;w=900&#038;ssl=1 900w,https:\/\/i2.wp.com\/www.valli.cz\/wp-content\/uploads\/2025\/07\/unnamed-9-1.jpg?strip=info&#038;w=960&#038;ssl=1 960w\" alt=\"\" data-height=\"719\" data-id=\"5652\" data-link=\"https:\/\/valli.cz\/o-nas\/attachment\/unnamed-9-1\/\" data-url=\"http:\/\/valli.cz\/wp-content\/uploads\/2025\/07\/unnamed-9-1.jpg\" data-width=\"960\" src=\"https:\/\/i2.wp.com\/www.valli.cz\/wp-content\/uploads\/2025\/07\/unnamed-9-1.jpg?ssl=1\" layout=\"responsive\"\/><\/a><\/figure><\/div><div class=\"tiled-gallery__col\" style=\"flex-basis:30.575667188101935%\"><figure class=\"tiled-gallery__item\"><a href=\"https:\/\/i1.wp.com\/www.valli.cz\/wp-content\/uploads\/2025\/07\/JpTvzk1Yy5g.jpg?ssl=1\"><img decoding=\"async\" srcset=\"https:\/\/i1.wp.com\/www.valli.cz\/wp-content\/uploads\/2025\/07\/JpTvzk1Yy5g.jpg?strip=info&#038;w=600&#038;ssl=1 600w,https:\/\/i1.wp.com\/www.valli.cz\/wp-content\/uploads\/2025\/07\/JpTvzk1Yy5g.jpg?strip=info&#038;w=900&#038;ssl=1 900w,https:\/\/i1.wp.com\/www.valli.cz\/wp-content\/uploads\/2025\/07\/JpTvzk1Yy5g.jpg?strip=info&#038;w=960&#038;ssl=1 960w\" alt=\"\" data-height=\"817\" data-id=\"5640\" data-link=\"https:\/\/valli.cz\/o-nas\/attachment\/jptvzk1yy5g-2\/\" data-url=\"http:\/\/valli.cz\/wp-content\/uploads\/2025\/07\/JpTvzk1Yy5g.jpg\" data-width=\"960\" src=\"https:\/\/i1.wp.com\/www.valli.cz\/wp-content\/uploads\/2025\/07\/JpTvzk1Yy5g.jpg?ssl=1\" layout=\"responsive\"\/><\/a><\/figure><\/div><div class=\"tiled-gallery__col\" style=\"flex-basis:34.71216640594903%\"><figure class=\"tiled-gallery__item\"><a href=\"https:\/\/i1.wp.com\/www.valli.cz\/wp-content\/uploads\/2025\/07\/unnamed-2.jpg?ssl=1\"><img decoding=\"async\" srcset=\"https:\/\/i1.wp.com\/www.valli.cz\/wp-content\/uploads\/2025\/07\/unnamed-2.jpg?strip=info&#038;w=600&#038;ssl=1 600w,https:\/\/i1.wp.com\/www.valli.cz\/wp-content\/uploads\/2025\/07\/unnamed-2.jpg?strip=info&#038;w=900&#038;ssl=1 900w,https:\/\/i1.wp.com\/www.valli.cz\/wp-content\/uploads\/2025\/07\/unnamed-2.jpg?strip=info&#038;w=960&#038;ssl=1 960w\" alt=\"\" data-height=\"719\" data-id=\"5627\" data-link=\"https:\/\/valli.cz\/o-nas\/attachment\/unnamed-2-3\/\" data-url=\"http:\/\/valli.cz\/wp-content\/uploads\/2025\/07\/unnamed-2.jpg\" data-width=\"960\" src=\"https:\/\/i1.wp.com\/www.valli.cz\/wp-content\/uploads\/2025\/07\/unnamed-2.jpg?ssl=1\" layout=\"responsive\"\/><\/a><\/figure><\/div><\/div><\/div><\/div>\n\n\n\n<p><\/p>","protected":false},"excerpt":{"rendered":"<p>Valli Servis &amp; Shop is a reliable partner for computer and mobile technology repairs. On the market \u2026<\/p>","protected":false},"author":1,"featured_media":0,"parent":0,"menu_order":0,"comment_status":"closed","ping_status":"closed","template":"","meta":{"_acf_changed":false,"footnotes":""},"class_list":["post-8","page","type-page","status-publish","hentry"],"acf":[],"yoast_head":"<!-- This site is optimized with the Yoast SEO plugin v25.6 - https:\/\/yoast.com\/wordpress\/plugins\/seo\/ -->\n<title>O n\u00e1s - Valli Servis &amp; Shop \ud83d\udcbb\ud83d\udcf1<\/title>\n<meta name=\"robots\" content=\"index, follow, max-snippet:-1, max-image-preview:large, max-video-preview:-1\" \/>\n<link rel=\"canonical\" href=\"https:\/\/valli.cz\/en\/o-nas\/\" \/>\n<meta property=\"og:locale\" content=\"en_US\" \/>\n<meta property=\"og:type\" content=\"article\" \/>\n<meta property=\"og:title\" content=\"O n\u00e1s - Valli Servis &amp; Shop \ud83d\udcbb\ud83d\udcf1\" \/>\n<meta property=\"og:description\" content=\"Valli Servis &amp; Shop je spolehliv\u00fdm partnerem pro opravy v\u00fdpo\u010detn\u00ed a mobiln\u00ed techniky. Na trhu ...\" \/>\n<meta property=\"og:url\" content=\"https:\/\/valli.cz\/en\/o-nas\/\" \/>\n<meta property=\"og:site_name\" content=\"Valli Servis &amp; Shop \ud83d\udcbb\ud83d\udcf1\" \/>\n<meta property=\"article:modified_time\" content=\"2025-07-10T08:50:25+00:00\" \/>\n<meta property=\"og:image\" content=\"https:\/\/i2.wp.com\/www.valli.cz\/wp-content\/uploads\/2025\/07\/unnamed-7-1.jpg?ssl=1\" \/>\n<meta name=\"twitter:card\" content=\"summary_large_image\" \/>\n<meta name=\"twitter:label1\" content=\"Est. reading time\" \/>\n\t<meta name=\"twitter:data1\" content=\"1 minute\" \/>\n<script type=\"application\/ld+json\" class=\"yoast-schema-graph\">{\"@context\":\"https:\/\/schema.org\",\"@graph\":[{\"@type\":\"WebPage\",\"@id\":\"https:\/\/valli.cz\/o-nas\/\",\"url\":\"https:\/\/valli.cz\/o-nas\/\",\"name\":\"O n\u00e1s - Valli Servis &amp; Shop \ud83d\udcbb\ud83d\udcf1\",\"isPartOf\":{\"@id\":\"https:\/\/valli.cz\/#website\"},\"primaryImageOfPage\":{\"@id\":\"https:\/\/valli.cz\/o-nas\/#primaryimage\"},\"image\":{\"@id\":\"https:\/\/valli.cz\/o-nas\/#primaryimage\"},\"thumbnailUrl\":\"https:\/\/i2.wp.com\/www.valli.cz\/wp-content\/uploads\/2025\/07\/unnamed-7-1.jpg?ssl=1\",\"datePublished\":\"2020-04-15T17:27:29+00:00\",\"dateModified\":\"2025-07-10T08:50:25+00:00\",\"breadcrumb\":{\"@id\":\"https:\/\/valli.cz\/o-nas\/#breadcrumb\"},\"inLanguage\":\"en-US\",\"potentialAction\":[{\"@type\":\"ReadAction\",\"target\":[\"https:\/\/valli.cz\/o-nas\/\"]}]},{\"@type\":\"ImageObject\",\"inLanguage\":\"en-US\",\"@id\":\"https:\/\/valli.cz\/o-nas\/#primaryimage\",\"url\":\"https:\/\/i2.wp.com\/www.valli.cz\/wp-content\/uploads\/2025\/07\/unnamed-7-1.jpg?ssl=1\",\"contentUrl\":\"https:\/\/i2.wp.com\/www.valli.cz\/wp-content\/uploads\/2025\/07\/unnamed-7-1.jpg?ssl=1\"},{\"@type\":\"BreadcrumbList\",\"@id\":\"https:\/\/valli.cz\/o-nas\/#breadcrumb\",\"itemListElement\":[{\"@type\":\"ListItem\",\"position\":1,\"name\":\"Dom\u016f\",\"item\":\"https:\/\/valli.cz\/\"},{\"@type\":\"ListItem\",\"position\":2,\"name\":\"O n\u00e1s\"}]},{\"@type\":\"WebSite\",\"@id\":\"https:\/\/valli.cz\/#website\",\"url\":\"https:\/\/valli.cz\/\",\"name\":\"Valli Servis &amp; Shop \ud83d\udcbb\ud83d\udcf1\",\"description\":\"Opravy a \u00fadr\u017eba po\u010d\u00edta\u010d\u016f, notebook\u016f a jin\u00fdch za\u0159\u00edzen\u00ed. Zaji\u0161t\u011bn\u00ed kvality a n\u00edzk\u00e9 ceny.\",\"publisher\":{\"@id\":\"https:\/\/valli.cz\/#organization\"},\"potentialAction\":[{\"@type\":\"SearchAction\",\"target\":{\"@type\":\"EntryPoint\",\"urlTemplate\":\"https:\/\/valli.cz\/?s={search_term_string}\"},\"query-input\":{\"@type\":\"PropertyValueSpecification\",\"valueRequired\":true,\"valueName\":\"search_term_string\"}}],\"inLanguage\":\"en-US\"},{\"@type\":\"Organization\",\"@id\":\"https:\/\/valli.cz\/#organization\",\"name\":\"Valli.cz Servis & Shop Praha\",\"url\":\"https:\/\/valli.cz\/\",\"logo\":{\"@type\":\"ImageObject\",\"inLanguage\":\"en-US\",\"@id\":\"https:\/\/valli.cz\/#\/schema\/logo\/image\/\",\"url\":\"http:\/\/valli.cz\/wp-content\/uploads\/2020\/08\/cropped-valli-favicon-2-192x192.png\",\"contentUrl\":\"http:\/\/valli.cz\/wp-content\/uploads\/2020\/08\/cropped-valli-favicon-2-192x192.png\",\"width\":192,\"height\":192,\"caption\":\"Valli.cz Servis & Shop Praha\"},\"image\":{\"@id\":\"https:\/\/valli.cz\/#\/schema\/logo\/image\/\"}}]}<\/script>\n<!-- \/ Yoast SEO plugin. -->","yoast_head_json":{"title":"About us - Valli Servis &amp; Shop \ud83d\udcbb\ud83d\udcf1","robots":{"index":"index","follow":"follow","max-snippet":"max-snippet:-1","max-image-preview":"max-image-preview:large","max-video-preview":"max-video-preview:-1"},"canonical":"https:\/\/valli.cz\/en\/o-nas\/","og_locale":"en_US","og_type":"article","og_title":"O n\u00e1s - Valli Servis &amp; Shop \ud83d\udcbb\ud83d\udcf1","og_description":"Valli Servis &amp; Shop je spolehliv\u00fdm partnerem pro opravy v\u00fdpo\u010detn\u00ed a mobiln\u00ed techniky. Na trhu ...","og_url":"https:\/\/valli.cz\/en\/o-nas\/","og_site_name":"Valli Servis &amp; Shop \ud83d\udcbb\ud83d\udcf1","article_modified_time":"2025-07-10T08:50:25+00:00","og_image":[{"url":"https:\/\/i2.wp.com\/www.valli.cz\/wp-content\/uploads\/2025\/07\/unnamed-7-1.jpg?ssl=1","type":"","width":"","height":""}],"twitter_card":"summary_large_image","twitter_misc":{"Est. reading time":"1 minute"},"schema":{"@context":"https:\/\/schema.org","@graph":[{"@type":"WebPage","@id":"https:\/\/valli.cz\/o-nas\/","url":"https:\/\/valli.cz\/o-nas\/","name":"About us - Valli Servis &amp; Shop \ud83d\udcbb\ud83d\udcf1","isPartOf":{"@id":"https:\/\/valli.cz\/#website"},"primaryImageOfPage":{"@id":"https:\/\/valli.cz\/o-nas\/#primaryimage"},"image":{"@id":"https:\/\/valli.cz\/o-nas\/#primaryimage"},"thumbnailUrl":"https:\/\/i2.wp.com\/www.valli.cz\/wp-content\/uploads\/2025\/07\/unnamed-7-1.jpg?ssl=1","datePublished":"2020-04-15T17:27:29+00:00","dateModified":"2025-07-10T08:50:25+00:00","breadcrumb":{"@id":"https:\/\/valli.cz\/o-nas\/#breadcrumb"},"inLanguage":"en-US","potentialAction":[{"@type":"ReadAction","target":["https:\/\/valli.cz\/o-nas\/"]}]},{"@type":"ImageObject","inLanguage":"en-US","@id":"https:\/\/valli.cz\/o-nas\/#primaryimage","url":"https:\/\/i2.wp.com\/www.valli.cz\/wp-content\/uploads\/2025\/07\/unnamed-7-1.jpg?ssl=1","contentUrl":"https:\/\/i2.wp.com\/www.valli.cz\/wp-content\/uploads\/2025\/07\/unnamed-7-1.jpg?ssl=1"},{"@type":"BreadcrumbList","@id":"https:\/\/valli.cz\/o-nas\/#breadcrumb","itemListElement":[{"@type":"ListItem","position":1,"name":"Dom\u016f","item":"https:\/\/valli.cz\/"},{"@type":"ListItem","position":2,"name":"O n\u00e1s"}]},{"@type":"WebSite","@id":"https:\/\/valli.cz\/#website","url":"https:\/\/valli.cz\/","name":"Valli Service &amp; Shop \ud83d\udcbb\ud83d\udcf1","description":"Repairs and maintenance of computers, laptops and other devices. Quality assurance and low prices.","publisher":{"@id":"https:\/\/valli.cz\/#organization"},"potentialAction":[{"@type":"SearchAction","target":{"@type":"EntryPoint","urlTemplate":"https:\/\/valli.cz\/?s={search_term_string}"},"query-input":{"@type":"PropertyValueSpecification","valueRequired":true,"valueName":"search_term_string"}}],"inLanguage":"en-US"},{"@type":"Organization","@id":"https:\/\/valli.cz\/#organization","name":"Valli.cz Service &amp; Shop Prague","url":"https:\/\/valli.cz\/","logo":{"@type":"ImageObject","inLanguage":"en-US","@id":"https:\/\/valli.cz\/#\/schema\/logo\/image\/","url":"http:\/\/valli.cz\/wp-content\/uploads\/2020\/08\/cropped-valli-favicon-2-192x192.png","contentUrl":"http:\/\/valli.cz\/wp-content\/uploads\/2020\/08\/cropped-valli-favicon-2-192x192.png","width":192,"height":192,"caption":"Valli.cz Servis & Shop Praha"},"image":{"@id":"https:\/\/valli.cz\/#\/schema\/logo\/image\/"}}]}},"jetpack_sharing_enabled":true,"_links":{"self":[{"href":"https:\/\/valli.cz\/en\/wp-json\/wp\/v2\/pages\/8","targetHints":{"allow":["GET"]}}],"collection":[{"href":"https:\/\/valli.cz\/en\/wp-json\/wp\/v2\/pages"}],"about":[{"href":"https:\/\/valli.cz\/en\/wp-json\/wp\/v2\/types\/page"}],"author":[{"embeddable":true,"href":"https:\/\/valli.cz\/en\/wp-json\/wp\/v2\/users\/1"}],"replies":[{"embeddable":true,"href":"https:\/\/valli.cz\/en\/wp-json\/wp\/v2\/comments?post=8"}],"version-history":[{"count":6,"href":"https:\/\/valli.cz\/en\/wp-json\/wp\/v2\/pages\/8\/revisions"}],"predecessor-version":[{"id":5661,"href":"https:\/\/valli.cz\/en\/wp-json\/wp\/v2\/pages\/8\/revisions\/5661"}],"wp:attachment":[{"href":"https:\/\/valli.cz\/en\/wp-json\/wp\/v2\/media?parent=8"}],"curies":[{"name":"wp","href":"https:\/\/api.w.org\/{rel}","templated":true}]}}