{"id":5873,"date":"2025-08-01T13:24:22","date_gmt":"2025-08-01T11:24:22","guid":{"rendered":"https:\/\/valli.cz\/?page_id=5873"},"modified":"2025-08-01T13:24:24","modified_gmt":"2025-08-01T11:24:24","slug":"dekujeme-ze-jste-nas-kontaktovali","status":"publish","type":"page","link":"https:\/\/valli.cz\/en\/dekujeme-ze-jste-nas-kontaktovali\/","title":{"rendered":"Thank you for contacting us."},"content":{"rendered":"","protected":false},"excerpt":{"rendered":"","protected":false},"author":5,"featured_media":0,"parent":0,"menu_order":0,"comment_status":"closed","ping_status":"closed","template":"template_thankyou.php","meta":{"_acf_changed":false,"footnotes":""},"class_list":["post-5873","page","type-page","status-publish","hentry"],"acf":[],"yoast_head":"<!-- This site is optimized with the Yoast SEO plugin v27.4 - https:\/\/yoast.com\/product\/yoast-seo-wordpress\/ -->\n<title>D\u011bkujeme, \u017ee jste n\u00e1s kontaktovali - Valli Servis &amp; Shop \ud83d\udcbb\ud83d\udcf1<\/title>\n<meta name=\"robots\" content=\"index, follow, max-snippet:-1, max-image-preview:large, max-video-preview:-1\" \/>\n<link rel=\"canonical\" href=\"https:\/\/valli.cz\/en\/dekujeme-ze-jste-nas-kontaktovali\/\" \/>\n<meta property=\"og:locale\" content=\"en_US\" \/>\n<meta property=\"og:type\" content=\"article\" \/>\n<meta property=\"og:title\" content=\"D\u011bkujeme, \u017ee jste n\u00e1s kontaktovali - Valli Servis &amp; Shop \ud83d\udcbb\ud83d\udcf1\" \/>\n<meta property=\"og:url\" content=\"https:\/\/valli.cz\/en\/dekujeme-ze-jste-nas-kontaktovali\/\" \/>\n<meta property=\"og:site_name\" content=\"Valli Servis &amp; Shop \ud83d\udcbb\ud83d\udcf1\" \/>\n<meta property=\"article:modified_time\" content=\"2025-08-01T11:24:24+00:00\" \/>\n<meta name=\"twitter:card\" content=\"summary_large_image\" \/>\n<script type=\"application\/ld+json\" class=\"yoast-schema-graph\">{\"@context\":\"https:\\\/\\\/schema.org\",\"@graph\":[{\"@type\":\"WebPage\",\"@id\":\"https:\\\/\\\/valli.cz\\\/dekujeme-ze-jste-nas-kontaktovali\\\/\",\"url\":\"https:\\\/\\\/valli.cz\\\/dekujeme-ze-jste-nas-kontaktovali\\\/\",\"name\":\"D\u011bkujeme, \u017ee jste n\u00e1s kontaktovali - Valli Servis &amp; Shop \ud83d\udcbb\ud83d\udcf1\",\"isPartOf\":{\"@id\":\"https:\\\/\\\/valli.cz\\\/#website\"},\"datePublished\":\"2025-08-01T11:24:22+00:00\",\"dateModified\":\"2025-08-01T11:24:24+00:00\",\"breadcrumb\":{\"@id\":\"https:\\\/\\\/valli.cz\\\/dekujeme-ze-jste-nas-kontaktovali\\\/#breadcrumb\"},\"inLanguage\":\"en-US\",\"potentialAction\":[{\"@type\":\"ReadAction\",\"target\":[\"https:\\\/\\\/valli.cz\\\/dekujeme-ze-jste-nas-kontaktovali\\\/\"]}]},{\"@type\":\"BreadcrumbList\",\"@id\":\"https:\\\/\\\/valli.cz\\\/dekujeme-ze-jste-nas-kontaktovali\\\/#breadcrumb\",\"itemListElement\":[{\"@type\":\"ListItem\",\"position\":1,\"name\":\"Dom\u016f\",\"item\":\"https:\\\/\\\/valli.cz\\\/\"},{\"@type\":\"ListItem\",\"position\":2,\"name\":\"D\u011bkujeme, \u017ee jste n\u00e1s kontaktovali\"}]},{\"@type\":\"WebSite\",\"@id\":\"https:\\\/\\\/valli.cz\\\/#website\",\"url\":\"https:\\\/\\\/valli.cz\\\/\",\"name\":\"Valli Servis &amp; Shop \ud83d\udcbb\ud83d\udcf1\",\"description\":\"Opravy a \u00fadr\u017eba po\u010d\u00edta\u010d\u016f, notebook\u016f a jin\u00fdch za\u0159\u00edzen\u00ed. Zaji\u0161t\u011bn\u00ed kvality a n\u00edzk\u00e9 ceny.\",\"publisher\":{\"@id\":\"https:\\\/\\\/valli.cz\\\/#organization\"},\"potentialAction\":[{\"@type\":\"SearchAction\",\"target\":{\"@type\":\"EntryPoint\",\"urlTemplate\":\"https:\\\/\\\/valli.cz\\\/?s={search_term_string}\"},\"query-input\":{\"@type\":\"PropertyValueSpecification\",\"valueRequired\":true,\"valueName\":\"search_term_string\"}}],\"inLanguage\":\"en-US\"},{\"@type\":\"Organization\",\"@id\":\"https:\\\/\\\/valli.cz\\\/#organization\",\"name\":\"Valli.cz Servis & Shop Praha\",\"url\":\"https:\\\/\\\/valli.cz\\\/\",\"logo\":{\"@type\":\"ImageObject\",\"inLanguage\":\"en-US\",\"@id\":\"https:\\\/\\\/valli.cz\\\/#\\\/schema\\\/logo\\\/image\\\/\",\"url\":\"http:\\\/\\\/valli.cz\\\/wp-content\\\/uploads\\\/2020\\\/08\\\/cropped-valli-favicon-2-192x192.png\",\"contentUrl\":\"http:\\\/\\\/valli.cz\\\/wp-content\\\/uploads\\\/2020\\\/08\\\/cropped-valli-favicon-2-192x192.png\",\"width\":192,\"height\":192,\"caption\":\"Valli.cz Servis & Shop Praha\"},\"image\":{\"@id\":\"https:\\\/\\\/valli.cz\\\/#\\\/schema\\\/logo\\\/image\\\/\"}}]}<\/script>\n<!-- \/ Yoast SEO plugin. -->","yoast_head_json":{"title":"Thank you for contacting us - Valli Servis &amp; Shop \ud83d\udcbb\ud83d\udcf1","robots":{"index":"index","follow":"follow","max-snippet":"max-snippet:-1","max-image-preview":"max-image-preview:large","max-video-preview":"max-video-preview:-1"},"canonical":"https:\/\/valli.cz\/en\/dekujeme-ze-jste-nas-kontaktovali\/","og_locale":"en_US","og_type":"article","og_title":"D\u011bkujeme, \u017ee jste n\u00e1s kontaktovali - Valli Servis &amp; Shop \ud83d\udcbb\ud83d\udcf1","og_url":"https:\/\/valli.cz\/en\/dekujeme-ze-jste-nas-kontaktovali\/","og_site_name":"Valli Servis &amp; Shop \ud83d\udcbb\ud83d\udcf1","article_modified_time":"2025-08-01T11:24:24+00:00","twitter_card":"summary_large_image","schema":{"@context":"https:\/\/schema.org","@graph":[{"@type":"WebPage","@id":"https:\/\/valli.cz\/dekujeme-ze-jste-nas-kontaktovali\/","url":"https:\/\/valli.cz\/dekujeme-ze-jste-nas-kontaktovali\/","name":"Thank you for contacting us - Valli Servis &amp; Shop \ud83d\udcbb\ud83d\udcf1","isPartOf":{"@id":"https:\/\/valli.cz\/#website"},"datePublished":"2025-08-01T11:24:22+00:00","dateModified":"2025-08-01T11:24:24+00:00","breadcrumb":{"@id":"https:\/\/valli.cz\/dekujeme-ze-jste-nas-kontaktovali\/#breadcrumb"},"inLanguage":"en-US","potentialAction":[{"@type":"ReadAction","target":["https:\/\/valli.cz\/dekujeme-ze-jste-nas-kontaktovali\/"]}]},{"@type":"BreadcrumbList","@id":"https:\/\/valli.cz\/dekujeme-ze-jste-nas-kontaktovali\/#breadcrumb","itemListElement":[{"@type":"ListItem","position":1,"name":"Dom\u016f","item":"https:\/\/valli.cz\/"},{"@type":"ListItem","position":2,"name":"D\u011bkujeme, \u017ee jste n\u00e1s kontaktovali"}]},{"@type":"WebSite","@id":"https:\/\/valli.cz\/#website","url":"https:\/\/valli.cz\/","name":"Valli Service &amp; Shop \ud83d\udcbb\ud83d\udcf1","description":"Repairs and maintenance of computers, laptops and other devices. Quality assurance and low prices.","publisher":{"@id":"https:\/\/valli.cz\/#organization"},"potentialAction":[{"@type":"SearchAction","target":{"@type":"EntryPoint","urlTemplate":"https:\/\/valli.cz\/?s={search_term_string}"},"query-input":{"@type":"PropertyValueSpecification","valueRequired":true,"valueName":"search_term_string"}}],"inLanguage":"en-US"},{"@type":"Organization","@id":"https:\/\/valli.cz\/#organization","name":"Valli.cz Service &amp; Shop Prague","url":"https:\/\/valli.cz\/","logo":{"@type":"ImageObject","inLanguage":"en-US","@id":"https:\/\/valli.cz\/#\/schema\/logo\/image\/","url":"http:\/\/valli.cz\/wp-content\/uploads\/2020\/08\/cropped-valli-favicon-2-192x192.png","contentUrl":"http:\/\/valli.cz\/wp-content\/uploads\/2020\/08\/cropped-valli-favicon-2-192x192.png","width":192,"height":192,"caption":"Valli.cz Servis & Shop Praha"},"image":{"@id":"https:\/\/valli.cz\/#\/schema\/logo\/image\/"}}]}},"jetpack_sharing_enabled":true,"_links":{"self":[{"href":"https:\/\/valli.cz\/en\/wp-json\/wp\/v2\/pages\/5873","targetHints":{"allow":["GET"]}}],"collection":[{"href":"https:\/\/valli.cz\/en\/wp-json\/wp\/v2\/pages"}],"about":[{"href":"https:\/\/valli.cz\/en\/wp-json\/wp\/v2\/types\/page"}],"author":[{"embeddable":true,"href":"https:\/\/valli.cz\/en\/wp-json\/wp\/v2\/users\/5"}],"replies":[{"embeddable":true,"href":"https:\/\/valli.cz\/en\/wp-json\/wp\/v2\/comments?post=5873"}],"version-history":[{"count":1,"href":"https:\/\/valli.cz\/en\/wp-json\/wp\/v2\/pages\/5873\/revisions"}],"predecessor-version":[{"id":5874,"href":"https:\/\/valli.cz\/en\/wp-json\/wp\/v2\/pages\/5873\/revisions\/5874"}],"wp:attachment":[{"href":"https:\/\/valli.cz\/en\/wp-json\/wp\/v2\/media?parent=5873"}],"curies":[{"name":"wp","href":"https:\/\/api.w.org\/{rel}","templated":true}]}}