{"id":5707,"date":"2025-07-29T21:39:06","date_gmt":"2025-07-29T19:39:06","guid":{"rendered":"https:\/\/lightgreen-finch-438007.hostingersite.com\/?page_id=5707"},"modified":"2025-07-29T21:39:19","modified_gmt":"2025-07-29T19:39:19","slug":"testimonial","status":"publish","type":"page","link":"https:\/\/valli.cz\/en\/testimonial\/","title":{"rendered":"Reviews"},"content":{"rendered":"<h6 class=\"wp-block-heading\">It&#039;s the best service in Prague<\/h6>\n\n\n\n<p>I burned the graphics chip on my laptop, I fixed everything within a day. I advise everyone!<\/p>\n\n\n\n<h6 class=\"wp-block-heading\">Good repair shop<\/h6>\n\n\n\n<p>I chose Valli Servis to repair my mobile phone. And I am very satisfied, the display was replaced in one day, I received a one-year warranty and the service guy even called me the next day to check if everything was working properly.<\/p>\n\n\n\n<h6 class=\"wp-block-heading\">I have nothing to complain about :)<\/h6>\n\n\n\n<p>I would like to thank the skilled technicians for helping me repair my phone. I can and will only recommend them! Repair while waiting, great price, everything was explained to me in advance<\/p>\n\n\n\n<h6 class=\"wp-block-heading\">I can really recommend it.<\/h6>\n\n\n\n<p>Friendly staff, they solved my problem with my mobile phone really quickly and for a reasonable price. They gave me another year&#039;s warranty plus free glass, and they called me the next day to make sure everything was okay.<\/p>\n\n\n\n<h6 class=\"wp-block-heading\">Time and quality<\/h6>\n\n\n\n<p>I am extremely satisfied. Replacing the display on an iPhone 7. He had it done within 30 minutes. Nice price. Fast and friendly dealings.<\/p>\n\n\n\n<h6 class=\"wp-block-heading\">I recommend!<\/h6>\n\n\n\n<p>Everything was fixed for a price that would have fit into one of my ceilings. When we picked it up, the man explained where the error was, what he was doing with it, and gave a few other tips on how to get the most out of the laptop, etc. It was clear that he understands the job and, most importantly, is interested in the customer. A very good experience, I can recommend it.<\/p>\n\n\n\n<h6 class=\"wp-block-heading\">A job well done<\/h6>\n\n\n\n<p>Great service and everything went smoothly, I am satisfied with both the price and the quality..<\/p>\n\n\n\n<h6 class=\"wp-block-heading\">Excellent work!<\/h6>\n\n\n\n<p>Excellent communication and fast laptop repair. Reasonable price. Thank you very much and I highly recommend.<\/p>","protected":false},"excerpt":{"rendered":"<p>Je to nejlep\u0161\u00ed servis v Praze Sp\u00e1lil jsem grafick\u00fd \u010dip na m\u00e9m notebooku, opravil jsem &#8230;<\/p>","protected":false},"author":5,"featured_media":0,"parent":0,"menu_order":0,"comment_status":"closed","ping_status":"closed","template":"","meta":{"_acf_changed":false,"footnotes":""},"class_list":["post-5707","page","type-page","status-publish","hentry"],"acf":[],"yoast_head":"<!-- This site is optimized with the Yoast SEO plugin v25.6 - https:\/\/yoast.com\/wordpress\/plugins\/seo\/ -->\n<title>Hodnocen\u00ed - Valli Servis &amp; Shop \ud83d\udcbb\ud83d\udcf1<\/title>\n<meta name=\"robots\" content=\"index, follow, max-snippet:-1, max-image-preview:large, max-video-preview:-1\" \/>\n<link rel=\"canonical\" href=\"https:\/\/valli.cz\/en\/testimonial\/\" \/>\n<meta property=\"og:locale\" content=\"en_US\" \/>\n<meta property=\"og:type\" content=\"article\" \/>\n<meta property=\"og:title\" content=\"Hodnocen\u00ed - Valli Servis &amp; Shop \ud83d\udcbb\ud83d\udcf1\" \/>\n<meta property=\"og:description\" content=\"Je to nejlep\u0161\u00ed servis v Praze Sp\u00e1lil jsem grafick\u00fd \u010dip na m\u00e9m notebooku, opravil jsem ...\" \/>\n<meta property=\"og:url\" content=\"https:\/\/valli.cz\/en\/testimonial\/\" \/>\n<meta property=\"og:site_name\" content=\"Valli Servis &amp; Shop \ud83d\udcbb\ud83d\udcf1\" \/>\n<meta property=\"article:modified_time\" content=\"2025-07-29T19:39:19+00:00\" \/>\n<meta name=\"twitter:card\" content=\"summary_large_image\" \/>\n<script type=\"application\/ld+json\" class=\"yoast-schema-graph\">{\"@context\":\"https:\/\/schema.org\",\"@graph\":[{\"@type\":\"WebPage\",\"@id\":\"https:\/\/valli.cz\/testimonial\/\",\"url\":\"https:\/\/valli.cz\/testimonial\/\",\"name\":\"Hodnocen\u00ed - Valli Servis &amp; Shop \ud83d\udcbb\ud83d\udcf1\",\"isPartOf\":{\"@id\":\"https:\/\/valli.cz\/#website\"},\"datePublished\":\"2025-07-29T19:39:06+00:00\",\"dateModified\":\"2025-07-29T19:39:19+00:00\",\"breadcrumb\":{\"@id\":\"https:\/\/valli.cz\/testimonial\/#breadcrumb\"},\"inLanguage\":\"en-US\",\"potentialAction\":[{\"@type\":\"ReadAction\",\"target\":[\"https:\/\/valli.cz\/testimonial\/\"]}]},{\"@type\":\"BreadcrumbList\",\"@id\":\"https:\/\/valli.cz\/testimonial\/#breadcrumb\",\"itemListElement\":[{\"@type\":\"ListItem\",\"position\":1,\"name\":\"Dom\u016f\",\"item\":\"https:\/\/valli.cz\/\"},{\"@type\":\"ListItem\",\"position\":2,\"name\":\"Hodnocen\u00ed\"}]},{\"@type\":\"WebSite\",\"@id\":\"https:\/\/valli.cz\/#website\",\"url\":\"https:\/\/valli.cz\/\",\"name\":\"Valli Servis &amp; Shop \ud83d\udcbb\ud83d\udcf1\",\"description\":\"Opravy a \u00fadr\u017eba po\u010d\u00edta\u010d\u016f, notebook\u016f a jin\u00fdch za\u0159\u00edzen\u00ed. Zaji\u0161t\u011bn\u00ed kvality a n\u00edzk\u00e9 ceny.\",\"publisher\":{\"@id\":\"https:\/\/valli.cz\/#organization\"},\"potentialAction\":[{\"@type\":\"SearchAction\",\"target\":{\"@type\":\"EntryPoint\",\"urlTemplate\":\"https:\/\/valli.cz\/?s={search_term_string}\"},\"query-input\":{\"@type\":\"PropertyValueSpecification\",\"valueRequired\":true,\"valueName\":\"search_term_string\"}}],\"inLanguage\":\"en-US\"},{\"@type\":\"Organization\",\"@id\":\"https:\/\/valli.cz\/#organization\",\"name\":\"Valli.cz Servis & Shop Praha\",\"url\":\"https:\/\/valli.cz\/\",\"logo\":{\"@type\":\"ImageObject\",\"inLanguage\":\"en-US\",\"@id\":\"https:\/\/valli.cz\/#\/schema\/logo\/image\/\",\"url\":\"http:\/\/valli.cz\/wp-content\/uploads\/2020\/08\/cropped-valli-favicon-2-192x192.png\",\"contentUrl\":\"http:\/\/valli.cz\/wp-content\/uploads\/2020\/08\/cropped-valli-favicon-2-192x192.png\",\"width\":192,\"height\":192,\"caption\":\"Valli.cz Servis & Shop Praha\"},\"image\":{\"@id\":\"https:\/\/valli.cz\/#\/schema\/logo\/image\/\"}}]}<\/script>\n<!-- \/ Yoast SEO plugin. -->","yoast_head_json":{"title":"Hodnocen\u00ed - Valli Servis &amp; Shop \ud83d\udcbb\ud83d\udcf1","robots":{"index":"index","follow":"follow","max-snippet":"max-snippet:-1","max-image-preview":"max-image-preview:large","max-video-preview":"max-video-preview:-1"},"canonical":"https:\/\/valli.cz\/en\/testimonial\/","og_locale":"en_US","og_type":"article","og_title":"Hodnocen\u00ed - Valli Servis &amp; Shop \ud83d\udcbb\ud83d\udcf1","og_description":"Je to nejlep\u0161\u00ed servis v Praze Sp\u00e1lil jsem grafick\u00fd \u010dip na m\u00e9m notebooku, opravil jsem ...","og_url":"https:\/\/valli.cz\/en\/testimonial\/","og_site_name":"Valli Servis &amp; Shop \ud83d\udcbb\ud83d\udcf1","article_modified_time":"2025-07-29T19:39:19+00:00","twitter_card":"summary_large_image","schema":{"@context":"https:\/\/schema.org","@graph":[{"@type":"WebPage","@id":"https:\/\/valli.cz\/testimonial\/","url":"https:\/\/valli.cz\/testimonial\/","name":"Hodnocen\u00ed - Valli Servis &amp; Shop \ud83d\udcbb\ud83d\udcf1","isPartOf":{"@id":"https:\/\/valli.cz\/#website"},"datePublished":"2025-07-29T19:39:06+00:00","dateModified":"2025-07-29T19:39:19+00:00","breadcrumb":{"@id":"https:\/\/valli.cz\/testimonial\/#breadcrumb"},"inLanguage":"en-US","potentialAction":[{"@type":"ReadAction","target":["https:\/\/valli.cz\/testimonial\/"]}]},{"@type":"BreadcrumbList","@id":"https:\/\/valli.cz\/testimonial\/#breadcrumb","itemListElement":[{"@type":"ListItem","position":1,"name":"Dom\u016f","item":"https:\/\/valli.cz\/"},{"@type":"ListItem","position":2,"name":"Hodnocen\u00ed"}]},{"@type":"WebSite","@id":"https:\/\/valli.cz\/#website","url":"https:\/\/valli.cz\/","name":"Valli Service &amp; Shop \ud83d\udcbb\ud83d\udcf1","description":"Repairs and maintenance of computers, laptops and other devices. Quality assurance and low prices.","publisher":{"@id":"https:\/\/valli.cz\/#organization"},"potentialAction":[{"@type":"SearchAction","target":{"@type":"EntryPoint","urlTemplate":"https:\/\/valli.cz\/?s={search_term_string}"},"query-input":{"@type":"PropertyValueSpecification","valueRequired":true,"valueName":"search_term_string"}}],"inLanguage":"en-US"},{"@type":"Organization","@id":"https:\/\/valli.cz\/#organization","name":"Valli.cz Service &amp; Shop Prague","url":"https:\/\/valli.cz\/","logo":{"@type":"ImageObject","inLanguage":"en-US","@id":"https:\/\/valli.cz\/#\/schema\/logo\/image\/","url":"http:\/\/valli.cz\/wp-content\/uploads\/2020\/08\/cropped-valli-favicon-2-192x192.png","contentUrl":"http:\/\/valli.cz\/wp-content\/uploads\/2020\/08\/cropped-valli-favicon-2-192x192.png","width":192,"height":192,"caption":"Valli.cz Servis & Shop Praha"},"image":{"@id":"https:\/\/valli.cz\/#\/schema\/logo\/image\/"}}]}},"jetpack_sharing_enabled":true,"_links":{"self":[{"href":"https:\/\/valli.cz\/en\/wp-json\/wp\/v2\/pages\/5707","targetHints":{"allow":["GET"]}}],"collection":[{"href":"https:\/\/valli.cz\/en\/wp-json\/wp\/v2\/pages"}],"about":[{"href":"https:\/\/valli.cz\/en\/wp-json\/wp\/v2\/types\/page"}],"author":[{"embeddable":true,"href":"https:\/\/valli.cz\/en\/wp-json\/wp\/v2\/users\/5"}],"replies":[{"embeddable":true,"href":"https:\/\/valli.cz\/en\/wp-json\/wp\/v2\/comments?post=5707"}],"version-history":[{"count":3,"href":"https:\/\/valli.cz\/en\/wp-json\/wp\/v2\/pages\/5707\/revisions"}],"predecessor-version":[{"id":5710,"href":"https:\/\/valli.cz\/en\/wp-json\/wp\/v2\/pages\/5707\/revisions\/5710"}],"wp:attachment":[{"href":"https:\/\/valli.cz\/en\/wp-json\/wp\/v2\/media?parent=5707"}],"curies":[{"name":"wp","href":"https:\/\/api.w.org\/{rel}","templated":true}]}}