{"id":5204,"date":"2023-10-01T07:48:03","date_gmt":"2023-10-01T05:48:03","guid":{"rendered":"https:\/\/lightgreen-finch-438007.hostingersite.com\/?page_id=5204"},"modified":"2023-10-18T10:36:47","modified_gmt":"2023-10-18T08:36:47","slug":"vernostni-program","status":"publish","type":"page","link":"https:\/\/valli.cz\/en\/vernostni-program\/","title":{"rendered":"Loyalty program"},"content":{"rendered":"<h3 class=\"wp-block-heading\"><strong>Valli.cz cashback rules<\/strong><\/h3>\n\n\n\n<p>Earn points for every purchase with this card based on your level in our loyalty program.<\/p>\n\n\n\n<p><strong>Once you install this card, you\u2019ll get 1% back on the 1st service purchased from us.<\/strong><\/p>\n\n\n\n<p>With more annoying purchases with us, you will move to the next level and earn even more points thanks to our next level structure.<\/p>\n\n\n\n<h4 class=\"wp-block-heading\"><strong>Cashback value<\/strong><\/h4>\n\n\n\n<ul class=\"li wp-block-list\"><li><strong>1%<\/strong> \u2013 after installing the card and making the 1st transaction;<\/li><li><strong>5%<\/strong> \u2013 once you reach KC 15,000 in total purchases;<\/li><li><strong>10%<\/strong> \u2013 once you reach 25,000 Kc in total purchases;<\/li><li><strong>15%<\/strong> \u2013 once you reach 35,000 Kc in total purchases;<\/li><\/ul>\n\n\n\n<p>You can pay for services with accumulated points, regardless of how many you have on the card.<\/p>\n\n\n\n<p>The validity of the card and points is unlimited, until further notice by the management of Valli.cz. Cards and Points cannot be exchanged, returned or exchanged for cash. Cards are non-transferable and cannot be combined with other cards. The management of Valli.cz reserves the right to make a final decision in the event of a dispute<\/p>","protected":false},"excerpt":{"rendered":"<p>Cashback rules at Valli.cz Earn points for every purchase with this card based on your \u2026<\/p>","protected":false},"author":1,"featured_media":0,"parent":0,"menu_order":0,"comment_status":"closed","ping_status":"closed","template":"template-loyalty.php","meta":{"_acf_changed":false,"footnotes":""},"class_list":["post-5204","page","type-page","status-publish","hentry"],"acf":[],"yoast_head":"<!-- This site is optimized with the Yoast SEO plugin v25.6 - https:\/\/yoast.com\/wordpress\/plugins\/seo\/ -->\n<title>V\u011brnostn\u00ed program - Valli Servis &amp; Shop \ud83d\udcbb\ud83d\udcf1<\/title>\n<meta name=\"robots\" content=\"index, follow, max-snippet:-1, max-image-preview:large, max-video-preview:-1\" \/>\n<link rel=\"canonical\" href=\"https:\/\/valli.cz\/en\/vernostni-program\/\" \/>\n<meta property=\"og:locale\" content=\"en_US\" \/>\n<meta property=\"og:type\" content=\"article\" \/>\n<meta property=\"og:title\" content=\"V\u011brnostn\u00ed program - Valli Servis &amp; Shop \ud83d\udcbb\ud83d\udcf1\" \/>\n<meta property=\"og:description\" content=\"Pravidla cashbacku u Valli.cz Z\u00edskejte body za ka\u017ed\u00fd n\u00e1kup s touto kartou na z\u00e1klade va\u0161\u00ed ...\" \/>\n<meta property=\"og:url\" content=\"https:\/\/valli.cz\/en\/vernostni-program\/\" \/>\n<meta property=\"og:site_name\" content=\"Valli Servis &amp; Shop \ud83d\udcbb\ud83d\udcf1\" \/>\n<meta property=\"article:modified_time\" content=\"2023-10-18T08:36:47+00:00\" \/>\n<meta name=\"twitter:card\" content=\"summary_large_image\" \/>\n<meta name=\"twitter:label1\" content=\"Est. reading time\" \/>\n\t<meta name=\"twitter:data1\" content=\"1 minute\" \/>\n<script type=\"application\/ld+json\" class=\"yoast-schema-graph\">{\"@context\":\"https:\/\/schema.org\",\"@graph\":[{\"@type\":\"WebPage\",\"@id\":\"https:\/\/valli.cz\/vernostni-program\/\",\"url\":\"https:\/\/valli.cz\/vernostni-program\/\",\"name\":\"V\u011brnostn\u00ed program - Valli Servis &amp; Shop \ud83d\udcbb\ud83d\udcf1\",\"isPartOf\":{\"@id\":\"https:\/\/valli.cz\/#website\"},\"datePublished\":\"2023-10-01T05:48:03+00:00\",\"dateModified\":\"2023-10-18T08:36:47+00:00\",\"breadcrumb\":{\"@id\":\"https:\/\/valli.cz\/vernostni-program\/#breadcrumb\"},\"inLanguage\":\"en-US\",\"potentialAction\":[{\"@type\":\"ReadAction\",\"target\":[\"https:\/\/valli.cz\/vernostni-program\/\"]}]},{\"@type\":\"BreadcrumbList\",\"@id\":\"https:\/\/valli.cz\/vernostni-program\/#breadcrumb\",\"itemListElement\":[{\"@type\":\"ListItem\",\"position\":1,\"name\":\"Dom\u016f\",\"item\":\"https:\/\/valli.cz\/\"},{\"@type\":\"ListItem\",\"position\":2,\"name\":\"V\u011brnostn\u00ed program\"}]},{\"@type\":\"WebSite\",\"@id\":\"https:\/\/valli.cz\/#website\",\"url\":\"https:\/\/valli.cz\/\",\"name\":\"Valli Servis &amp; Shop \ud83d\udcbb\ud83d\udcf1\",\"description\":\"Opravy a \u00fadr\u017eba po\u010d\u00edta\u010d\u016f, notebook\u016f a jin\u00fdch za\u0159\u00edzen\u00ed. Zaji\u0161t\u011bn\u00ed kvality a n\u00edzk\u00e9 ceny.\",\"publisher\":{\"@id\":\"https:\/\/valli.cz\/#organization\"},\"potentialAction\":[{\"@type\":\"SearchAction\",\"target\":{\"@type\":\"EntryPoint\",\"urlTemplate\":\"https:\/\/valli.cz\/?s={search_term_string}\"},\"query-input\":{\"@type\":\"PropertyValueSpecification\",\"valueRequired\":true,\"valueName\":\"search_term_string\"}}],\"inLanguage\":\"en-US\"},{\"@type\":\"Organization\",\"@id\":\"https:\/\/valli.cz\/#organization\",\"name\":\"Valli.cz Servis & Shop Praha\",\"url\":\"https:\/\/valli.cz\/\",\"logo\":{\"@type\":\"ImageObject\",\"inLanguage\":\"en-US\",\"@id\":\"https:\/\/valli.cz\/#\/schema\/logo\/image\/\",\"url\":\"http:\/\/valli.cz\/wp-content\/uploads\/2020\/08\/cropped-valli-favicon-2-192x192.png\",\"contentUrl\":\"http:\/\/valli.cz\/wp-content\/uploads\/2020\/08\/cropped-valli-favicon-2-192x192.png\",\"width\":192,\"height\":192,\"caption\":\"Valli.cz Servis & Shop Praha\"},\"image\":{\"@id\":\"https:\/\/valli.cz\/#\/schema\/logo\/image\/\"}}]}<\/script>\n<!-- \/ Yoast SEO plugin. -->","yoast_head_json":{"title":"Loyalty program - Valli Servis &amp; Shop \ud83d\udcbb\ud83d\udcf1","robots":{"index":"index","follow":"follow","max-snippet":"max-snippet:-1","max-image-preview":"max-image-preview:large","max-video-preview":"max-video-preview:-1"},"canonical":"https:\/\/valli.cz\/en\/vernostni-program\/","og_locale":"en_US","og_type":"article","og_title":"V\u011brnostn\u00ed program - Valli Servis &amp; Shop \ud83d\udcbb\ud83d\udcf1","og_description":"Pravidla cashbacku u Valli.cz Z\u00edskejte body za ka\u017ed\u00fd n\u00e1kup s touto kartou na z\u00e1klade va\u0161\u00ed ...","og_url":"https:\/\/valli.cz\/en\/vernostni-program\/","og_site_name":"Valli Servis &amp; Shop \ud83d\udcbb\ud83d\udcf1","article_modified_time":"2023-10-18T08:36:47+00:00","twitter_card":"summary_large_image","twitter_misc":{"Est. reading time":"1 minute"},"schema":{"@context":"https:\/\/schema.org","@graph":[{"@type":"WebPage","@id":"https:\/\/valli.cz\/vernostni-program\/","url":"https:\/\/valli.cz\/vernostni-program\/","name":"Loyalty program - Valli Servis &amp; Shop \ud83d\udcbb\ud83d\udcf1","isPartOf":{"@id":"https:\/\/valli.cz\/#website"},"datePublished":"2023-10-01T05:48:03+00:00","dateModified":"2023-10-18T08:36:47+00:00","breadcrumb":{"@id":"https:\/\/valli.cz\/vernostni-program\/#breadcrumb"},"inLanguage":"en-US","potentialAction":[{"@type":"ReadAction","target":["https:\/\/valli.cz\/vernostni-program\/"]}]},{"@type":"BreadcrumbList","@id":"https:\/\/valli.cz\/vernostni-program\/#breadcrumb","itemListElement":[{"@type":"ListItem","position":1,"name":"Dom\u016f","item":"https:\/\/valli.cz\/"},{"@type":"ListItem","position":2,"name":"V\u011brnostn\u00ed program"}]},{"@type":"WebSite","@id":"https:\/\/valli.cz\/#website","url":"https:\/\/valli.cz\/","name":"Valli Service &amp; Shop \ud83d\udcbb\ud83d\udcf1","description":"Repairs and maintenance of computers, laptops and other devices. Quality assurance and low prices.","publisher":{"@id":"https:\/\/valli.cz\/#organization"},"potentialAction":[{"@type":"SearchAction","target":{"@type":"EntryPoint","urlTemplate":"https:\/\/valli.cz\/?s={search_term_string}"},"query-input":{"@type":"PropertyValueSpecification","valueRequired":true,"valueName":"search_term_string"}}],"inLanguage":"en-US"},{"@type":"Organization","@id":"https:\/\/valli.cz\/#organization","name":"Valli.cz Service &amp; Shop Prague","url":"https:\/\/valli.cz\/","logo":{"@type":"ImageObject","inLanguage":"en-US","@id":"https:\/\/valli.cz\/#\/schema\/logo\/image\/","url":"http:\/\/valli.cz\/wp-content\/uploads\/2020\/08\/cropped-valli-favicon-2-192x192.png","contentUrl":"http:\/\/valli.cz\/wp-content\/uploads\/2020\/08\/cropped-valli-favicon-2-192x192.png","width":192,"height":192,"caption":"Valli.cz Servis & Shop Praha"},"image":{"@id":"https:\/\/valli.cz\/#\/schema\/logo\/image\/"}}]}},"jetpack_sharing_enabled":true,"_links":{"self":[{"href":"https:\/\/valli.cz\/en\/wp-json\/wp\/v2\/pages\/5204","targetHints":{"allow":["GET"]}}],"collection":[{"href":"https:\/\/valli.cz\/en\/wp-json\/wp\/v2\/pages"}],"about":[{"href":"https:\/\/valli.cz\/en\/wp-json\/wp\/v2\/types\/page"}],"author":[{"embeddable":true,"href":"https:\/\/valli.cz\/en\/wp-json\/wp\/v2\/users\/1"}],"replies":[{"embeddable":true,"href":"https:\/\/valli.cz\/en\/wp-json\/wp\/v2\/comments?post=5204"}],"version-history":[{"count":7,"href":"https:\/\/valli.cz\/en\/wp-json\/wp\/v2\/pages\/5204\/revisions"}],"predecessor-version":[{"id":5244,"href":"https:\/\/valli.cz\/en\/wp-json\/wp\/v2\/pages\/5204\/revisions\/5244"}],"wp:attachment":[{"href":"https:\/\/valli.cz\/en\/wp-json\/wp\/v2\/media?parent=5204"}],"curies":[{"name":"wp","href":"https:\/\/api.w.org\/{rel}","templated":true}]}}