{"id":37,"date":"2020-04-15T20:27:30","date_gmt":"2020-04-15T18:27:30","guid":{"rendered":"https:\/\/lightgreen-finch-438007.hostingersite.com\/domains\/valli.cz\/?page_id=37"},"modified":"2025-07-15T12:26:33","modified_gmt":"2025-07-15T10:26:33","slug":"cenik","status":"publish","type":"page","link":"https:\/\/valli.cz\/en\/sluzby\/cenik\/","title":{"rendered":"Price list"},"content":{"rendered":"<p>The time and cost of repair depends on the price of spare parts and their availability in stock. Check the repair price due to the large number of devices available. All prices include VAT. We have no hidden charges. You don\u2019t pay anything extra for express repairs. We provide free diagnostics. We repair all brands of mobile phones, tablets and laptops in our market. We provide services to both ordinary customers and companies.<\/p>\n\n\n\n<p>To find out the price of the repair, please follow the site according to your device type.<\/p>\n\n\n\n<h3 class=\"wp-block-heading\">Apple services pricelist<\/h3>\n\n\n\n<p>Our service center has many years of experience in repairing Apple phones and computers. We only use quality spare parts for the iPhone, stocked at each branch. First, select your device type:<\/p>\n\n\n\n<ul class=\"wp-block-list\"><li><a href=\"https:\/\/valli.cz\/en\/sluzby\/servis-apple\/servis-iphone\/\">iPhone pricelist<\/a><\/li><li><a href=\"https:\/\/valli.cz\/en\/sluzby\/servis-apple\/servis-macbook\/\">MacBook pricelist<\/a><\/li><li><a href=\"https:\/\/valli.cz\/en\/sluzby\/servis-apple\/servis-ipad\/\">iPad pricelist<\/a><\/li><li><a href=\"https:\/\/valli.cz\/en\/sluzby\/servis-apple\/servis-imac\/\">iMac pricelist<\/a><\/li><li><a href=\"https:\/\/valli.cz\/en\/sluzby\/servis-apple\/servis-iwatch\/\">Apple Watch pricelist<\/a><\/li><\/ul>\n\n\n\n<h3 class=\"wp-block-heading\">Android services pricelist<\/h3>\n\n\n\n<p>We also repair other devices orders of popular brands. If you have a Samsung, Huawei, Xiaomi, Honor, Sony and other brands on Android OS, the price of repairs can be found at:<\/p>\n\n\n\n<ul class=\"wp-block-list\"><li><a href=\"https:\/\/valli.cz\/en\/sluzby\/servis-smartphonu-a-tabletu-android\/\">Android pricelist<\/a><\/li><\/ul>\n\n\n\n<h3 class=\"wp-block-heading\">Windows services pricelist<\/h3>\n\n\n\n<p>We repair all known and less known brands of computers and laptops on Windows OS. We perform various types of repairs depending on the faults that have been diagnosed. Details and prices can be found here:<\/p>\n\n\n\n<ul class=\"wp-block-list\"><li><a href=\"https:\/\/valli.cz\/en\/sluzby\/servis-pocitacove-techniky-windows\/\">Windows pricelist<\/a><\/li><\/ul>\n\n\n\n<style>\n    .banner_loyalty.card {\n        box-shadow: none;\n        background: #fefefe;\n        border: 1px solid #f2f2f2;\n    }\n    .banner_loyalty_content {\n        max-width: 660px;\n    }\n    .banner_loyalty_content .btn {\n        padding: 10px 20px;\n    }\n    .banner_loyalty_content * {\n        color: #000;\n    }\n    .banner_loyalty_heading b {\n        color: #00A5A8;\n    }\n    .banner_loyalty_heading {\n        margin-top: 0 !important;\n        padding-top: 0 !important;\n    }\n<\/style>\n\n<div id=\"banner_loyalty\">\n    <div class=\"card card-small banner_loyalty\">\n        <header class=\"banner_loyalty_content p-0 m-0\" style=\"display: block\">\n            <h2 class=\"banner_loyalty_heading pt-0 mt-0\">\n                New! Get up to <b>15%<\/b> cash back\n            <\/h2>\n            <p class=\"banner_loyalty_p op\">\n                Sign up for the loyalty program today and start saving up to \n                <b class=\"text-pink\">15%<\/b> with cash-back\n            <\/p>\n        <\/header>\n        <a class=\"btn btn-main btn-signup\" title=\"Loyalty program\" href=\"https:\/\/valli.cz\/en\/vernostni-program\/\">\n            Loyalty program\n        <\/a>\n    <\/div>\n<\/div>","protected":false},"excerpt":{"rendered":"<p>The time and cost of repair depend on the price of spare parts and their availability in stock. From \u2026<\/p>","protected":false},"author":1,"featured_media":0,"parent":21,"menu_order":0,"comment_status":"closed","ping_status":"closed","template":"","meta":{"_acf_changed":false,"footnotes":""},"class_list":["post-37","page","type-page","status-publish","hentry"],"acf":[],"yoast_head":"<!-- This site is optimized with the Yoast SEO plugin v25.6 - https:\/\/yoast.com\/wordpress\/plugins\/seo\/ -->\n<title>Cen\u00edk - Valli Servis &amp; Shop \ud83d\udcbb\ud83d\udcf1<\/title>\n<meta name=\"robots\" content=\"index, follow, max-snippet:-1, max-image-preview:large, max-video-preview:-1\" \/>\n<link rel=\"canonical\" href=\"https:\/\/valli.cz\/en\/sluzby\/cenik\/\" \/>\n<meta property=\"og:locale\" content=\"en_US\" \/>\n<meta property=\"og:type\" content=\"article\" \/>\n<meta property=\"og:title\" content=\"Cen\u00edk - Valli Servis &amp; Shop \ud83d\udcbb\ud83d\udcf1\" \/>\n<meta property=\"og:description\" content=\"Doba a cena opravy z\u00e1vis\u00ed na cen\u011b n\u00e1hradn\u00edch d\u00edl\u016f a jejich dostupnosti na sklad\u011b. Z ...\" \/>\n<meta property=\"og:url\" content=\"https:\/\/valli.cz\/en\/sluzby\/cenik\/\" \/>\n<meta property=\"og:site_name\" content=\"Valli Servis &amp; Shop \ud83d\udcbb\ud83d\udcf1\" \/>\n<meta property=\"article:modified_time\" content=\"2025-07-15T10:26:33+00:00\" \/>\n<meta name=\"twitter:card\" content=\"summary_large_image\" \/>\n<meta name=\"twitter:label1\" content=\"Est. reading time\" \/>\n\t<meta name=\"twitter:data1\" content=\"1 minute\" \/>\n<script type=\"application\/ld+json\" class=\"yoast-schema-graph\">{\"@context\":\"https:\/\/schema.org\",\"@graph\":[{\"@type\":\"WebPage\",\"@id\":\"https:\/\/valli.cz\/sluzby\/cenik\/\",\"url\":\"https:\/\/valli.cz\/sluzby\/cenik\/\",\"name\":\"Cen\u00edk - Valli Servis &amp; Shop \ud83d\udcbb\ud83d\udcf1\",\"isPartOf\":{\"@id\":\"https:\/\/valli.cz\/#website\"},\"datePublished\":\"2020-04-15T18:27:30+00:00\",\"dateModified\":\"2025-07-15T10:26:33+00:00\",\"breadcrumb\":{\"@id\":\"https:\/\/valli.cz\/sluzby\/cenik\/#breadcrumb\"},\"inLanguage\":\"en-US\",\"potentialAction\":[{\"@type\":\"ReadAction\",\"target\":[\"https:\/\/valli.cz\/sluzby\/cenik\/\"]}]},{\"@type\":\"BreadcrumbList\",\"@id\":\"https:\/\/valli.cz\/sluzby\/cenik\/#breadcrumb\",\"itemListElement\":[{\"@type\":\"ListItem\",\"position\":1,\"name\":\"Dom\u016f\",\"item\":\"https:\/\/valli.cz\/\"},{\"@type\":\"ListItem\",\"position\":2,\"name\":\"Slu\u017eby\",\"item\":\"https:\/\/valli.cz\/sluzby\/\"},{\"@type\":\"ListItem\",\"position\":3,\"name\":\"Cen\u00edk\"}]},{\"@type\":\"WebSite\",\"@id\":\"https:\/\/valli.cz\/#website\",\"url\":\"https:\/\/valli.cz\/\",\"name\":\"Valli Servis &amp; Shop \ud83d\udcbb\ud83d\udcf1\",\"description\":\"Opravy a \u00fadr\u017eba po\u010d\u00edta\u010d\u016f, notebook\u016f a jin\u00fdch za\u0159\u00edzen\u00ed. Zaji\u0161t\u011bn\u00ed kvality a n\u00edzk\u00e9 ceny.\",\"publisher\":{\"@id\":\"https:\/\/valli.cz\/#organization\"},\"potentialAction\":[{\"@type\":\"SearchAction\",\"target\":{\"@type\":\"EntryPoint\",\"urlTemplate\":\"https:\/\/valli.cz\/?s={search_term_string}\"},\"query-input\":{\"@type\":\"PropertyValueSpecification\",\"valueRequired\":true,\"valueName\":\"search_term_string\"}}],\"inLanguage\":\"en-US\"},{\"@type\":\"Organization\",\"@id\":\"https:\/\/valli.cz\/#organization\",\"name\":\"Valli.cz Servis & Shop Praha\",\"url\":\"https:\/\/valli.cz\/\",\"logo\":{\"@type\":\"ImageObject\",\"inLanguage\":\"en-US\",\"@id\":\"https:\/\/valli.cz\/#\/schema\/logo\/image\/\",\"url\":\"http:\/\/valli.cz\/wp-content\/uploads\/2020\/08\/cropped-valli-favicon-2-192x192.png\",\"contentUrl\":\"http:\/\/valli.cz\/wp-content\/uploads\/2020\/08\/cropped-valli-favicon-2-192x192.png\",\"width\":192,\"height\":192,\"caption\":\"Valli.cz Servis & Shop Praha\"},\"image\":{\"@id\":\"https:\/\/valli.cz\/#\/schema\/logo\/image\/\"}}]}<\/script>\n<!-- \/ Yoast SEO plugin. -->","yoast_head_json":{"title":"Price list - Valli Service &amp; Shop \ud83d\udcbb\ud83d\udcf1","robots":{"index":"index","follow":"follow","max-snippet":"max-snippet:-1","max-image-preview":"max-image-preview:large","max-video-preview":"max-video-preview:-1"},"canonical":"https:\/\/valli.cz\/en\/sluzby\/cenik\/","og_locale":"en_US","og_type":"article","og_title":"Cen\u00edk - Valli Servis &amp; Shop \ud83d\udcbb\ud83d\udcf1","og_description":"Doba a cena opravy z\u00e1vis\u00ed na cen\u011b n\u00e1hradn\u00edch d\u00edl\u016f a jejich dostupnosti na sklad\u011b. Z ...","og_url":"https:\/\/valli.cz\/en\/sluzby\/cenik\/","og_site_name":"Valli Servis &amp; Shop \ud83d\udcbb\ud83d\udcf1","article_modified_time":"2025-07-15T10:26:33+00:00","twitter_card":"summary_large_image","twitter_misc":{"Est. reading time":"1 minute"},"schema":{"@context":"https:\/\/schema.org","@graph":[{"@type":"WebPage","@id":"https:\/\/valli.cz\/sluzby\/cenik\/","url":"https:\/\/valli.cz\/sluzby\/cenik\/","name":"Price list - Valli Service &amp; Shop \ud83d\udcbb\ud83d\udcf1","isPartOf":{"@id":"https:\/\/valli.cz\/#website"},"datePublished":"2020-04-15T18:27:30+00:00","dateModified":"2025-07-15T10:26:33+00:00","breadcrumb":{"@id":"https:\/\/valli.cz\/sluzby\/cenik\/#breadcrumb"},"inLanguage":"en-US","potentialAction":[{"@type":"ReadAction","target":["https:\/\/valli.cz\/sluzby\/cenik\/"]}]},{"@type":"BreadcrumbList","@id":"https:\/\/valli.cz\/sluzby\/cenik\/#breadcrumb","itemListElement":[{"@type":"ListItem","position":1,"name":"Dom\u016f","item":"https:\/\/valli.cz\/"},{"@type":"ListItem","position":2,"name":"Slu\u017eby","item":"https:\/\/valli.cz\/sluzby\/"},{"@type":"ListItem","position":3,"name":"Cen\u00edk"}]},{"@type":"WebSite","@id":"https:\/\/valli.cz\/#website","url":"https:\/\/valli.cz\/","name":"Valli Service &amp; Shop \ud83d\udcbb\ud83d\udcf1","description":"Repairs and maintenance of computers, laptops and other devices. Quality assurance and low prices.","publisher":{"@id":"https:\/\/valli.cz\/#organization"},"potentialAction":[{"@type":"SearchAction","target":{"@type":"EntryPoint","urlTemplate":"https:\/\/valli.cz\/?s={search_term_string}"},"query-input":{"@type":"PropertyValueSpecification","valueRequired":true,"valueName":"search_term_string"}}],"inLanguage":"en-US"},{"@type":"Organization","@id":"https:\/\/valli.cz\/#organization","name":"Valli.cz Service &amp; Shop Prague","url":"https:\/\/valli.cz\/","logo":{"@type":"ImageObject","inLanguage":"en-US","@id":"https:\/\/valli.cz\/#\/schema\/logo\/image\/","url":"http:\/\/valli.cz\/wp-content\/uploads\/2020\/08\/cropped-valli-favicon-2-192x192.png","contentUrl":"http:\/\/valli.cz\/wp-content\/uploads\/2020\/08\/cropped-valli-favicon-2-192x192.png","width":192,"height":192,"caption":"Valli.cz Servis & Shop Praha"},"image":{"@id":"https:\/\/valli.cz\/#\/schema\/logo\/image\/"}}]}},"jetpack_sharing_enabled":true,"_links":{"self":[{"href":"https:\/\/valli.cz\/en\/wp-json\/wp\/v2\/pages\/37","targetHints":{"allow":["GET"]}}],"collection":[{"href":"https:\/\/valli.cz\/en\/wp-json\/wp\/v2\/pages"}],"about":[{"href":"https:\/\/valli.cz\/en\/wp-json\/wp\/v2\/types\/page"}],"author":[{"embeddable":true,"href":"https:\/\/valli.cz\/en\/wp-json\/wp\/v2\/users\/1"}],"replies":[{"embeddable":true,"href":"https:\/\/valli.cz\/en\/wp-json\/wp\/v2\/comments?post=37"}],"version-history":[{"count":8,"href":"https:\/\/valli.cz\/en\/wp-json\/wp\/v2\/pages\/37\/revisions"}],"predecessor-version":[{"id":5692,"href":"https:\/\/valli.cz\/en\/wp-json\/wp\/v2\/pages\/37\/revisions\/5692"}],"up":[{"embeddable":true,"href":"https:\/\/valli.cz\/en\/wp-json\/wp\/v2\/pages\/21"}],"wp:attachment":[{"href":"https:\/\/valli.cz\/en\/wp-json\/wp\/v2\/media?parent=37"}],"curies":[{"name":"wp","href":"https:\/\/api.w.org\/{rel}","templated":true}]}}