{"id":29,"date":"2020-04-15T20:16:08","date_gmt":"2020-04-15T18:16:08","guid":{"rendered":"https:\/\/lightgreen-finch-438007.hostingersite.com\/domains\/valli.cz\/?page_id=29"},"modified":"2025-09-02T18:56:11","modified_gmt":"2025-09-02T16:56:11","slug":"servis-apple","status":"publish","type":"page","link":"https:\/\/valli.cz\/en\/sluzby\/servis-apple\/","title":{"rendered":"Apple repair"},"content":{"rendered":"<p>Service of all possible devices from Apple \u2013 we can fix any malfunctions. <\/p>\n\n\n\n<p>During the repair, we use only the highest quality spare parts and tools to make your device look like new after the repair. In some cases, we offer repairs on the same day or right on the spot, within an hour.<\/p>\n\n\n\n<p>Our service centers has only the most modern and high-quality equipment. This allows us to repair all levels of complexity in the shortest possible time and at the lowest prices.<\/p>\n\n\n\n<p>We give a guarantee for the quality of service and used spare parts for up to 24 months from the date of repair.<\/p>","protected":false},"excerpt":{"rendered":"<p>Servis&nbsp;v\u0161ech za\u0159\u00edzen\u00ed zna\u010dky Apple &#8211; oprav\u00edme jak\u00e1koliv poruchy. B\u011bhem oprav pou\u017e\u00edv\u00e1me jen nejkvalitn\u011bj\u0161\u00ed n\u00e1hradn\u00ed d\u00edly &#8230;<\/p>","protected":false},"author":1,"featured_media":0,"parent":21,"menu_order":0,"comment_status":"closed","ping_status":"closed","template":"","meta":{"_acf_changed":false,"footnotes":""},"class_list":["post-29","page","type-page","status-publish","hentry"],"acf":[],"yoast_head":"<!-- This site is optimized with the Yoast SEO plugin v25.6 - https:\/\/yoast.com\/wordpress\/plugins\/seo\/ -->\n<title>Oprava Apple - Valli Servis &amp; Shop \ud83d\udcbb\ud83d\udcf1<\/title>\n<meta name=\"robots\" content=\"index, follow, max-snippet:-1, max-image-preview:large, max-video-preview:-1\" \/>\n<link rel=\"canonical\" href=\"https:\/\/valli.cz\/en\/sluzby\/servis-apple\/\" \/>\n<meta property=\"og:locale\" content=\"en_US\" \/>\n<meta property=\"og:type\" content=\"article\" \/>\n<meta property=\"og:title\" content=\"Oprava Apple - Valli Servis &amp; Shop \ud83d\udcbb\ud83d\udcf1\" \/>\n<meta property=\"og:description\" content=\"Servis&nbsp;v\u0161ech za\u0159\u00edzen\u00ed zna\u010dky Apple &#8211; oprav\u00edme jak\u00e1koliv poruchy. B\u011bhem oprav pou\u017e\u00edv\u00e1me jen nejkvalitn\u011bj\u0161\u00ed n\u00e1hradn\u00ed d\u00edly ...\" \/>\n<meta property=\"og:url\" content=\"https:\/\/valli.cz\/en\/sluzby\/servis-apple\/\" \/>\n<meta property=\"og:site_name\" content=\"Valli Servis &amp; Shop \ud83d\udcbb\ud83d\udcf1\" \/>\n<meta property=\"article:modified_time\" content=\"2025-09-02T16:56:11+00:00\" \/>\n<meta name=\"twitter:card\" content=\"summary_large_image\" \/>\n<meta name=\"twitter:label1\" content=\"Est. reading time\" \/>\n\t<meta name=\"twitter:data1\" content=\"1 minute\" \/>\n<script type=\"application\/ld+json\" class=\"yoast-schema-graph\">{\"@context\":\"https:\/\/schema.org\",\"@graph\":[{\"@type\":\"WebPage\",\"@id\":\"https:\/\/valli.cz\/sluzby\/servis-apple\/\",\"url\":\"https:\/\/valli.cz\/sluzby\/servis-apple\/\",\"name\":\"Oprava Apple - Valli Servis &amp; Shop \ud83d\udcbb\ud83d\udcf1\",\"isPartOf\":{\"@id\":\"https:\/\/valli.cz\/#website\"},\"datePublished\":\"2020-04-15T18:16:08+00:00\",\"dateModified\":\"2025-09-02T16:56:11+00:00\",\"breadcrumb\":{\"@id\":\"https:\/\/valli.cz\/sluzby\/servis-apple\/#breadcrumb\"},\"inLanguage\":\"en-US\",\"potentialAction\":[{\"@type\":\"ReadAction\",\"target\":[\"https:\/\/valli.cz\/sluzby\/servis-apple\/\"]}]},{\"@type\":\"BreadcrumbList\",\"@id\":\"https:\/\/valli.cz\/sluzby\/servis-apple\/#breadcrumb\",\"itemListElement\":[{\"@type\":\"ListItem\",\"position\":1,\"name\":\"Dom\u016f\",\"item\":\"https:\/\/valli.cz\/\"},{\"@type\":\"ListItem\",\"position\":2,\"name\":\"Slu\u017eby\",\"item\":\"https:\/\/valli.cz\/sluzby\/\"},{\"@type\":\"ListItem\",\"position\":3,\"name\":\"Oprava Apple\"}]},{\"@type\":\"WebSite\",\"@id\":\"https:\/\/valli.cz\/#website\",\"url\":\"https:\/\/valli.cz\/\",\"name\":\"Valli Servis &amp; Shop \ud83d\udcbb\ud83d\udcf1\",\"description\":\"Opravy a \u00fadr\u017eba po\u010d\u00edta\u010d\u016f, notebook\u016f a jin\u00fdch za\u0159\u00edzen\u00ed. Zaji\u0161t\u011bn\u00ed kvality a n\u00edzk\u00e9 ceny.\",\"publisher\":{\"@id\":\"https:\/\/valli.cz\/#organization\"},\"potentialAction\":[{\"@type\":\"SearchAction\",\"target\":{\"@type\":\"EntryPoint\",\"urlTemplate\":\"https:\/\/valli.cz\/?s={search_term_string}\"},\"query-input\":{\"@type\":\"PropertyValueSpecification\",\"valueRequired\":true,\"valueName\":\"search_term_string\"}}],\"inLanguage\":\"en-US\"},{\"@type\":\"Organization\",\"@id\":\"https:\/\/valli.cz\/#organization\",\"name\":\"Valli.cz Servis & Shop Praha\",\"url\":\"https:\/\/valli.cz\/\",\"logo\":{\"@type\":\"ImageObject\",\"inLanguage\":\"en-US\",\"@id\":\"https:\/\/valli.cz\/#\/schema\/logo\/image\/\",\"url\":\"http:\/\/valli.cz\/wp-content\/uploads\/2020\/08\/cropped-valli-favicon-2-192x192.png\",\"contentUrl\":\"http:\/\/valli.cz\/wp-content\/uploads\/2020\/08\/cropped-valli-favicon-2-192x192.png\",\"width\":192,\"height\":192,\"caption\":\"Valli.cz Servis & Shop Praha\"},\"image\":{\"@id\":\"https:\/\/valli.cz\/#\/schema\/logo\/image\/\"}}]}<\/script>\n<!-- \/ Yoast SEO plugin. -->","yoast_head_json":{"title":"Oprava Apple - Valli Servis &amp; Shop \ud83d\udcbb\ud83d\udcf1","robots":{"index":"index","follow":"follow","max-snippet":"max-snippet:-1","max-image-preview":"max-image-preview:large","max-video-preview":"max-video-preview:-1"},"canonical":"https:\/\/valli.cz\/en\/sluzby\/servis-apple\/","og_locale":"en_US","og_type":"article","og_title":"Oprava Apple - Valli Servis &amp; Shop \ud83d\udcbb\ud83d\udcf1","og_description":"Servis&nbsp;v\u0161ech za\u0159\u00edzen\u00ed zna\u010dky Apple &#8211; oprav\u00edme jak\u00e1koliv poruchy. B\u011bhem oprav pou\u017e\u00edv\u00e1me jen nejkvalitn\u011bj\u0161\u00ed n\u00e1hradn\u00ed d\u00edly ...","og_url":"https:\/\/valli.cz\/en\/sluzby\/servis-apple\/","og_site_name":"Valli Servis &amp; Shop \ud83d\udcbb\ud83d\udcf1","article_modified_time":"2025-09-02T16:56:11+00:00","twitter_card":"summary_large_image","twitter_misc":{"Est. reading time":"1 minute"},"schema":{"@context":"https:\/\/schema.org","@graph":[{"@type":"WebPage","@id":"https:\/\/valli.cz\/sluzby\/servis-apple\/","url":"https:\/\/valli.cz\/sluzby\/servis-apple\/","name":"Oprava Apple - Valli Servis &amp; Shop \ud83d\udcbb\ud83d\udcf1","isPartOf":{"@id":"https:\/\/valli.cz\/#website"},"datePublished":"2020-04-15T18:16:08+00:00","dateModified":"2025-09-02T16:56:11+00:00","breadcrumb":{"@id":"https:\/\/valli.cz\/sluzby\/servis-apple\/#breadcrumb"},"inLanguage":"en-US","potentialAction":[{"@type":"ReadAction","target":["https:\/\/valli.cz\/sluzby\/servis-apple\/"]}]},{"@type":"BreadcrumbList","@id":"https:\/\/valli.cz\/sluzby\/servis-apple\/#breadcrumb","itemListElement":[{"@type":"ListItem","position":1,"name":"Dom\u016f","item":"https:\/\/valli.cz\/"},{"@type":"ListItem","position":2,"name":"Slu\u017eby","item":"https:\/\/valli.cz\/sluzby\/"},{"@type":"ListItem","position":3,"name":"Oprava Apple"}]},{"@type":"WebSite","@id":"https:\/\/valli.cz\/#website","url":"https:\/\/valli.cz\/","name":"Valli Service &amp; Shop \ud83d\udcbb\ud83d\udcf1","description":"Repairs and maintenance of computers, laptops and other devices. Quality assurance and low prices.","publisher":{"@id":"https:\/\/valli.cz\/#organization"},"potentialAction":[{"@type":"SearchAction","target":{"@type":"EntryPoint","urlTemplate":"https:\/\/valli.cz\/?s={search_term_string}"},"query-input":{"@type":"PropertyValueSpecification","valueRequired":true,"valueName":"search_term_string"}}],"inLanguage":"en-US"},{"@type":"Organization","@id":"https:\/\/valli.cz\/#organization","name":"Valli.cz Service &amp; Shop Prague","url":"https:\/\/valli.cz\/","logo":{"@type":"ImageObject","inLanguage":"en-US","@id":"https:\/\/valli.cz\/#\/schema\/logo\/image\/","url":"http:\/\/valli.cz\/wp-content\/uploads\/2020\/08\/cropped-valli-favicon-2-192x192.png","contentUrl":"http:\/\/valli.cz\/wp-content\/uploads\/2020\/08\/cropped-valli-favicon-2-192x192.png","width":192,"height":192,"caption":"Valli.cz Servis & Shop Praha"},"image":{"@id":"https:\/\/valli.cz\/#\/schema\/logo\/image\/"}}]}},"jetpack_sharing_enabled":true,"_links":{"self":[{"href":"https:\/\/valli.cz\/en\/wp-json\/wp\/v2\/pages\/29","targetHints":{"allow":["GET"]}}],"collection":[{"href":"https:\/\/valli.cz\/en\/wp-json\/wp\/v2\/pages"}],"about":[{"href":"https:\/\/valli.cz\/en\/wp-json\/wp\/v2\/types\/page"}],"author":[{"embeddable":true,"href":"https:\/\/valli.cz\/en\/wp-json\/wp\/v2\/users\/1"}],"replies":[{"embeddable":true,"href":"https:\/\/valli.cz\/en\/wp-json\/wp\/v2\/comments?post=29"}],"version-history":[{"count":18,"href":"https:\/\/valli.cz\/en\/wp-json\/wp\/v2\/pages\/29\/revisions"}],"predecessor-version":[{"id":5908,"href":"https:\/\/valli.cz\/en\/wp-json\/wp\/v2\/pages\/29\/revisions\/5908"}],"up":[{"embeddable":true,"href":"https:\/\/valli.cz\/en\/wp-json\/wp\/v2\/pages\/21"}],"wp:attachment":[{"href":"https:\/\/valli.cz\/en\/wp-json\/wp\/v2\/media?parent=29"}],"curies":[{"name":"wp","href":"https:\/\/api.w.org\/{rel}","templated":true}]}}