{"id":1836,"date":"2020-04-15T20:40:48","date_gmt":"2020-04-15T18:40:48","guid":{"rendered":"https:\/\/lightgreen-finch-438007.hostingersite.com\/domains\/valli.cz\/?page_id=42"},"modified":"2025-09-02T18:25:34","modified_gmt":"2025-09-02T16:25:34","slug":"servis-iwatch","status":"publish","type":"page","link":"https:\/\/valli.cz\/en\/sluzby\/servis-apple\/servis-iwatch\/","title":{"rendered":"Apple Watch repair"},"content":{"rendered":"<p>If you have a problem with your Apple Watch? Do you want to repair it as soon as possible and are you looking for express and quality service? Do not hesitate, contact us and get advice from an expert! We perform post-warranty repairs of all models. In our service we will repair your smart watch quickly and at a pleasant price. <\/p>\n\n\n\n<p>The list of repairs that we most often perform for our customers:<\/p>\n\n\n\n<ul class=\"wp-block-list\"><li>Display replacement<\/li><li>Battery replacement<\/li><li>Touch screen replacement<\/li><li>Other repairs<\/li><\/ul>\n\n\n\n<h2 class=\"wp-block-heading\">Please contact us for a detailed repair price.<\/h2>","protected":false},"excerpt":{"rendered":"<p>Do you have a problem with your Apple Watch? You want to fix it as soon as possible and are looking for express \u2026<\/p>","protected":false},"author":1,"featured_media":0,"parent":29,"menu_order":0,"comment_status":"closed","ping_status":"closed","template":"","meta":{"_acf_changed":false,"footnotes":""},"class_list":["post-1836","page","type-page","status-publish","hentry"],"acf":[],"yoast_head":"<!-- This site is optimized with the Yoast SEO plugin v25.6 - https:\/\/yoast.com\/wordpress\/plugins\/seo\/ -->\n<title>Oprava Apple Watch - Valli Servis &amp; Shop \ud83d\udcbb\ud83d\udcf1<\/title>\n<meta name=\"robots\" content=\"index, follow, max-snippet:-1, max-image-preview:large, max-video-preview:-1\" \/>\n<link rel=\"canonical\" href=\"https:\/\/valli.cz\/en\/sluzby\/servis-apple\/servis-iwatch\/\" \/>\n<meta property=\"og:locale\" content=\"en_US\" \/>\n<meta property=\"og:type\" content=\"article\" \/>\n<meta property=\"og:title\" content=\"Oprava Apple Watch - Valli Servis &amp; Shop \ud83d\udcbb\ud83d\udcf1\" \/>\n<meta property=\"og:description\" content=\"M\u00e1te-li se sv\u00fdmi Apple Watch n\u011bjak\u00fd probl\u00e9m? Chcete ho co nejd\u0159\u00edv opravit a hled\u00e1te expresn\u00ed ...\" \/>\n<meta property=\"og:url\" content=\"https:\/\/valli.cz\/en\/sluzby\/servis-apple\/servis-iwatch\/\" \/>\n<meta property=\"og:site_name\" content=\"Valli Servis &amp; Shop \ud83d\udcbb\ud83d\udcf1\" \/>\n<meta property=\"article:modified_time\" content=\"2025-09-02T16:25:34+00:00\" \/>\n<meta name=\"twitter:card\" content=\"summary_large_image\" \/>\n<meta name=\"twitter:label1\" content=\"Est. reading time\" \/>\n\t<meta name=\"twitter:data1\" content=\"1 minute\" \/>\n<script type=\"application\/ld+json\" class=\"yoast-schema-graph\">{\"@context\":\"https:\/\/schema.org\",\"@graph\":[{\"@type\":\"WebPage\",\"@id\":\"https:\/\/valli.cz\/sluzby\/servis-apple\/servis-iwatch\/\",\"url\":\"https:\/\/valli.cz\/sluzby\/servis-apple\/servis-iwatch\/\",\"name\":\"Oprava Apple Watch - Valli Servis &amp; Shop \ud83d\udcbb\ud83d\udcf1\",\"isPartOf\":{\"@id\":\"https:\/\/valli.cz\/#website\"},\"datePublished\":\"2020-04-15T18:40:48+00:00\",\"dateModified\":\"2025-09-02T16:25:34+00:00\",\"breadcrumb\":{\"@id\":\"https:\/\/valli.cz\/sluzby\/servis-apple\/servis-iwatch\/#breadcrumb\"},\"inLanguage\":\"en-US\",\"potentialAction\":[{\"@type\":\"ReadAction\",\"target\":[\"https:\/\/valli.cz\/sluzby\/servis-apple\/servis-iwatch\/\"]}]},{\"@type\":\"BreadcrumbList\",\"@id\":\"https:\/\/valli.cz\/sluzby\/servis-apple\/servis-iwatch\/#breadcrumb\",\"itemListElement\":[{\"@type\":\"ListItem\",\"position\":1,\"name\":\"Dom\u016f\",\"item\":\"https:\/\/valli.cz\/\"},{\"@type\":\"ListItem\",\"position\":2,\"name\":\"Slu\u017eby\",\"item\":\"https:\/\/valli.cz\/sluzby\/\"},{\"@type\":\"ListItem\",\"position\":3,\"name\":\"Oprava Apple\",\"item\":\"https:\/\/valli.cz\/sluzby\/servis-apple\/\"},{\"@type\":\"ListItem\",\"position\":4,\"name\":\"Oprava Apple Watch\"}]},{\"@type\":\"WebSite\",\"@id\":\"https:\/\/valli.cz\/#website\",\"url\":\"https:\/\/valli.cz\/\",\"name\":\"Valli Servis &amp; Shop \ud83d\udcbb\ud83d\udcf1\",\"description\":\"Opravy a \u00fadr\u017eba po\u010d\u00edta\u010d\u016f, notebook\u016f a jin\u00fdch za\u0159\u00edzen\u00ed. Zaji\u0161t\u011bn\u00ed kvality a n\u00edzk\u00e9 ceny.\",\"publisher\":{\"@id\":\"https:\/\/valli.cz\/#organization\"},\"potentialAction\":[{\"@type\":\"SearchAction\",\"target\":{\"@type\":\"EntryPoint\",\"urlTemplate\":\"https:\/\/valli.cz\/?s={search_term_string}\"},\"query-input\":{\"@type\":\"PropertyValueSpecification\",\"valueRequired\":true,\"valueName\":\"search_term_string\"}}],\"inLanguage\":\"en-US\"},{\"@type\":\"Organization\",\"@id\":\"https:\/\/valli.cz\/#organization\",\"name\":\"Valli.cz Servis & Shop Praha\",\"url\":\"https:\/\/valli.cz\/\",\"logo\":{\"@type\":\"ImageObject\",\"inLanguage\":\"en-US\",\"@id\":\"https:\/\/valli.cz\/#\/schema\/logo\/image\/\",\"url\":\"http:\/\/valli.cz\/wp-content\/uploads\/2020\/08\/cropped-valli-favicon-2-192x192.png\",\"contentUrl\":\"http:\/\/valli.cz\/wp-content\/uploads\/2020\/08\/cropped-valli-favicon-2-192x192.png\",\"width\":192,\"height\":192,\"caption\":\"Valli.cz Servis & Shop Praha\"},\"image\":{\"@id\":\"https:\/\/valli.cz\/#\/schema\/logo\/image\/\"}}]}<\/script>\n<!-- \/ Yoast SEO plugin. -->","yoast_head_json":{"title":"Apple Watch repair - Valli Servis &amp; Shop \ud83d\udcbb\ud83d\udcf1","robots":{"index":"index","follow":"follow","max-snippet":"max-snippet:-1","max-image-preview":"max-image-preview:large","max-video-preview":"max-video-preview:-1"},"canonical":"https:\/\/valli.cz\/en\/sluzby\/servis-apple\/servis-iwatch\/","og_locale":"en_US","og_type":"article","og_title":"Oprava Apple Watch - Valli Servis &amp; Shop \ud83d\udcbb\ud83d\udcf1","og_description":"M\u00e1te-li se sv\u00fdmi Apple Watch n\u011bjak\u00fd probl\u00e9m? Chcete ho co nejd\u0159\u00edv opravit a hled\u00e1te expresn\u00ed ...","og_url":"https:\/\/valli.cz\/en\/sluzby\/servis-apple\/servis-iwatch\/","og_site_name":"Valli Servis &amp; Shop \ud83d\udcbb\ud83d\udcf1","article_modified_time":"2025-09-02T16:25:34+00:00","twitter_card":"summary_large_image","twitter_misc":{"Est. reading time":"1 minute"},"schema":{"@context":"https:\/\/schema.org","@graph":[{"@type":"WebPage","@id":"https:\/\/valli.cz\/sluzby\/servis-apple\/servis-iwatch\/","url":"https:\/\/valli.cz\/sluzby\/servis-apple\/servis-iwatch\/","name":"Apple Watch repair - Valli Servis &amp; Shop \ud83d\udcbb\ud83d\udcf1","isPartOf":{"@id":"https:\/\/valli.cz\/#website"},"datePublished":"2020-04-15T18:40:48+00:00","dateModified":"2025-09-02T16:25:34+00:00","breadcrumb":{"@id":"https:\/\/valli.cz\/sluzby\/servis-apple\/servis-iwatch\/#breadcrumb"},"inLanguage":"en-US","potentialAction":[{"@type":"ReadAction","target":["https:\/\/valli.cz\/sluzby\/servis-apple\/servis-iwatch\/"]}]},{"@type":"BreadcrumbList","@id":"https:\/\/valli.cz\/sluzby\/servis-apple\/servis-iwatch\/#breadcrumb","itemListElement":[{"@type":"ListItem","position":1,"name":"Dom\u016f","item":"https:\/\/valli.cz\/"},{"@type":"ListItem","position":2,"name":"Slu\u017eby","item":"https:\/\/valli.cz\/sluzby\/"},{"@type":"ListItem","position":3,"name":"Oprava Apple","item":"https:\/\/valli.cz\/sluzby\/servis-apple\/"},{"@type":"ListItem","position":4,"name":"Oprava Apple Watch"}]},{"@type":"WebSite","@id":"https:\/\/valli.cz\/#website","url":"https:\/\/valli.cz\/","name":"Valli Service &amp; Shop \ud83d\udcbb\ud83d\udcf1","description":"Repairs and maintenance of computers, laptops and other devices. Quality assurance and low prices.","publisher":{"@id":"https:\/\/valli.cz\/#organization"},"potentialAction":[{"@type":"SearchAction","target":{"@type":"EntryPoint","urlTemplate":"https:\/\/valli.cz\/?s={search_term_string}"},"query-input":{"@type":"PropertyValueSpecification","valueRequired":true,"valueName":"search_term_string"}}],"inLanguage":"en-US"},{"@type":"Organization","@id":"https:\/\/valli.cz\/#organization","name":"Valli.cz Service &amp; Shop Prague","url":"https:\/\/valli.cz\/","logo":{"@type":"ImageObject","inLanguage":"en-US","@id":"https:\/\/valli.cz\/#\/schema\/logo\/image\/","url":"http:\/\/valli.cz\/wp-content\/uploads\/2020\/08\/cropped-valli-favicon-2-192x192.png","contentUrl":"http:\/\/valli.cz\/wp-content\/uploads\/2020\/08\/cropped-valli-favicon-2-192x192.png","width":192,"height":192,"caption":"Valli.cz Servis & Shop Praha"},"image":{"@id":"https:\/\/valli.cz\/#\/schema\/logo\/image\/"}}]}},"jetpack_sharing_enabled":true,"_links":{"self":[{"href":"https:\/\/valli.cz\/en\/wp-json\/wp\/v2\/pages\/1836","targetHints":{"allow":["GET"]}}],"collection":[{"href":"https:\/\/valli.cz\/en\/wp-json\/wp\/v2\/pages"}],"about":[{"href":"https:\/\/valli.cz\/en\/wp-json\/wp\/v2\/types\/page"}],"author":[{"embeddable":true,"href":"https:\/\/valli.cz\/en\/wp-json\/wp\/v2\/users\/1"}],"replies":[{"embeddable":true,"href":"https:\/\/valli.cz\/en\/wp-json\/wp\/v2\/comments?post=1836"}],"version-history":[{"count":12,"href":"https:\/\/valli.cz\/en\/wp-json\/wp\/v2\/pages\/1836\/revisions"}],"predecessor-version":[{"id":5902,"href":"https:\/\/valli.cz\/en\/wp-json\/wp\/v2\/pages\/1836\/revisions\/5902"}],"up":[{"embeddable":true,"href":"https:\/\/valli.cz\/en\/wp-json\/wp\/v2\/pages\/29"}],"wp:attachment":[{"href":"https:\/\/valli.cz\/en\/wp-json\/wp\/v2\/media?parent=1836"}],"curies":[{"name":"wp","href":"https:\/\/api.w.org\/{rel}","templated":true}]}}