{"id":1831,"date":"2020-04-15T20:15:13","date_gmt":"2020-04-15T18:15:13","guid":{"rendered":"https:\/\/lightgreen-finch-438007.hostingersite.com\/domains\/valli.cz\/?page_id=26"},"modified":"2020-08-05T13:00:33","modified_gmt":"2020-08-05T11:00:33","slug":"vyjezdni-servis","status":"publish","type":"page","link":"https:\/\/valli.cz\/en\/sluzby\/vyjezdni-servis\/","title":{"rendered":"External service"},"content":{"rendered":"<p>It is not always possible to find the time to bring your equipment to a service center for repair, and if it is a desktop computer, then no one will even want to take it.<\/p>\n\n\n\n<p>In this case, our service center ValliServis&amp;Shop offers you the opportunity to order a computer expert to your home, office or wherever you need. The specialist will promptly come to you, diagnose the device and promptly carry out all necessary repairs.<\/p>\n\n\n\n<h3 class=\"wp-block-heading\"><strong>How to book a computer repairman<\/strong><\/h3>\n\n\n\n<p>If you would like to book a visit from our computer expert:<\/p>\n\n\n\n<ul class=\"wp-block-list\"><li>Call our work phone +420 776 119 343 \/ +420 778 500 064<\/li><li>Fill in your contact details in the form below.<\/li><li>Book a call on our website<\/li><\/ul>\n\n\n\n<p>We will contact you immediately, provide you with a free consultation, record your contact details based on your request, and provide you with the repairman&#039;s arrival time!<\/p>\n\n\n\n<p>A specialist from our service center will usually arrive at your location within <strong>1-2 hours (depending on where you are)<\/strong>&nbsp;from the moment you left the order.<\/p>\n\n\n\n<h3 class=\"wp-block-heading\"><strong>Transport of equipment to the service center<\/strong><\/h3>\n\n\n\n<p>It happens that after diagnosing all equipment, the repairman finds complex defects that require replacement of parts or the use of special devices. Such repairs are possible only in the service center. After consulting with you, our specialist will issue a protocol confirming the acceptance of the equipment for repair, transport your equipment to the service center himself and carry out the repair. Then he will bring the repaired equipment back to you!<\/p>\n\n\n\n<h3 class=\"wp-block-heading\">Price of a repairman&#039;s visit<\/h3>\n\n\n\n<p>Price of a repairman&#039;s visit to Prague:<\/p>\n\n\n\n<ul class=\"wp-block-list\"><li>Prague 1, 2, 3 \u2013 100 K\u010d<\/li><li>Prague 4, 5 (And\u011bl), 7, 10 \u2013 200 K\u010d<\/li><li>Prague 5 (other parts), 6, 8, 9 \u2013 300 K\u010d<\/li><li>Travel to Prague \u2013 by arrangement.<\/li><\/ul>\n\n\n\n<p>If the repair cost is more than 1000 K\u010d (excluding the cost of spare parts), the repairman&#039;s journey is not charged. You can find out all current repair prices by phone.<\/p>\n\n\n\n<h3 class=\"wp-block-heading\">Do you have a question? <\/h3>\n\n\n\n<p>If you have any questions or are interested in ordering our services, please do not hesitate to contact us.<\/p>\n\n\n\n<a class=\"btn btn-main\" title=\"Contact\" href=\"https:\/\/valli.cz\/en\/kontakt\/\" tabindex=\"0\"> Contact<\/a>","protected":false},"excerpt":{"rendered":"<p>It is not always possible to find time to bring your equipment to a service center for repair...<\/p>","protected":false},"author":1,"featured_media":0,"parent":21,"menu_order":0,"comment_status":"closed","ping_status":"closed","template":"","meta":{"_acf_changed":false,"footnotes":""},"class_list":["post-1831","page","type-page","status-publish","hentry"],"acf":[],"yoast_head":"<!-- This site is optimized with the Yoast SEO plugin v25.6 - https:\/\/yoast.com\/wordpress\/plugins\/seo\/ -->\n<title>V\u00fdjezdn\u00ed Servis - Valli Servis &amp; Shop \ud83d\udcbb\ud83d\udcf1<\/title>\n<meta name=\"robots\" content=\"index, follow, max-snippet:-1, max-image-preview:large, max-video-preview:-1\" \/>\n<link rel=\"canonical\" href=\"https:\/\/valli.cz\/en\/sluzby\/vyjezdni-servis\/\" \/>\n<meta property=\"og:locale\" content=\"en_US\" \/>\n<meta property=\"og:type\" content=\"article\" \/>\n<meta property=\"og:title\" content=\"V\u00fdjezdn\u00ed Servis - Valli Servis &amp; Shop \ud83d\udcbb\ud83d\udcf1\" \/>\n<meta property=\"og:description\" content=\"Ne v\u017edy je mo\u017en\u00e9 naj\u00edt \u010das a p\u0159iv\u00e9zt svoji techniku na opravu do servisn\u00edho st\u0159ediska ...\" \/>\n<meta property=\"og:url\" content=\"https:\/\/valli.cz\/en\/sluzby\/vyjezdni-servis\/\" \/>\n<meta property=\"og:site_name\" content=\"Valli Servis &amp; Shop \ud83d\udcbb\ud83d\udcf1\" \/>\n<meta property=\"article:modified_time\" content=\"2020-08-05T11:00:33+00:00\" \/>\n<meta name=\"twitter:card\" content=\"summary_large_image\" \/>\n<meta name=\"twitter:label1\" content=\"Est. reading time\" \/>\n\t<meta name=\"twitter:data1\" content=\"2 minutes\" \/>\n<script type=\"application\/ld+json\" class=\"yoast-schema-graph\">{\"@context\":\"https:\/\/schema.org\",\"@graph\":[{\"@type\":\"WebPage\",\"@id\":\"https:\/\/valli.cz\/sluzby\/vyjezdni-servis\/\",\"url\":\"https:\/\/valli.cz\/sluzby\/vyjezdni-servis\/\",\"name\":\"V\u00fdjezdn\u00ed Servis - Valli Servis &amp; Shop \ud83d\udcbb\ud83d\udcf1\",\"isPartOf\":{\"@id\":\"https:\/\/valli.cz\/#website\"},\"datePublished\":\"2020-04-15T18:15:13+00:00\",\"dateModified\":\"2020-08-05T11:00:33+00:00\",\"breadcrumb\":{\"@id\":\"https:\/\/valli.cz\/sluzby\/vyjezdni-servis\/#breadcrumb\"},\"inLanguage\":\"en-US\",\"potentialAction\":[{\"@type\":\"ReadAction\",\"target\":[\"https:\/\/valli.cz\/sluzby\/vyjezdni-servis\/\"]}]},{\"@type\":\"BreadcrumbList\",\"@id\":\"https:\/\/valli.cz\/sluzby\/vyjezdni-servis\/#breadcrumb\",\"itemListElement\":[{\"@type\":\"ListItem\",\"position\":1,\"name\":\"Dom\u016f\",\"item\":\"https:\/\/valli.cz\/\"},{\"@type\":\"ListItem\",\"position\":2,\"name\":\"Slu\u017eby\",\"item\":\"https:\/\/valli.cz\/sluzby\/\"},{\"@type\":\"ListItem\",\"position\":3,\"name\":\"V\u00fdjezdn\u00ed Servis\"}]},{\"@type\":\"WebSite\",\"@id\":\"https:\/\/valli.cz\/#website\",\"url\":\"https:\/\/valli.cz\/\",\"name\":\"Valli Servis &amp; Shop \ud83d\udcbb\ud83d\udcf1\",\"description\":\"Opravy a \u00fadr\u017eba po\u010d\u00edta\u010d\u016f, notebook\u016f a jin\u00fdch za\u0159\u00edzen\u00ed. Zaji\u0161t\u011bn\u00ed kvality a n\u00edzk\u00e9 ceny.\",\"publisher\":{\"@id\":\"https:\/\/valli.cz\/#organization\"},\"potentialAction\":[{\"@type\":\"SearchAction\",\"target\":{\"@type\":\"EntryPoint\",\"urlTemplate\":\"https:\/\/valli.cz\/?s={search_term_string}\"},\"query-input\":{\"@type\":\"PropertyValueSpecification\",\"valueRequired\":true,\"valueName\":\"search_term_string\"}}],\"inLanguage\":\"en-US\"},{\"@type\":\"Organization\",\"@id\":\"https:\/\/valli.cz\/#organization\",\"name\":\"Valli.cz Servis & Shop Praha\",\"url\":\"https:\/\/valli.cz\/\",\"logo\":{\"@type\":\"ImageObject\",\"inLanguage\":\"en-US\",\"@id\":\"https:\/\/valli.cz\/#\/schema\/logo\/image\/\",\"url\":\"http:\/\/valli.cz\/wp-content\/uploads\/2020\/08\/cropped-valli-favicon-2-192x192.png\",\"contentUrl\":\"http:\/\/valli.cz\/wp-content\/uploads\/2020\/08\/cropped-valli-favicon-2-192x192.png\",\"width\":192,\"height\":192,\"caption\":\"Valli.cz Servis & Shop Praha\"},\"image\":{\"@id\":\"https:\/\/valli.cz\/#\/schema\/logo\/image\/\"}}]}<\/script>\n<!-- \/ Yoast SEO plugin. -->","yoast_head_json":{"title":"Field Service - Valli Servis &amp; Shop \ud83d\udcbb\ud83d\udcf1","robots":{"index":"index","follow":"follow","max-snippet":"max-snippet:-1","max-image-preview":"max-image-preview:large","max-video-preview":"max-video-preview:-1"},"canonical":"https:\/\/valli.cz\/en\/sluzby\/vyjezdni-servis\/","og_locale":"en_US","og_type":"article","og_title":"V\u00fdjezdn\u00ed Servis - Valli Servis &amp; Shop \ud83d\udcbb\ud83d\udcf1","og_description":"Ne v\u017edy je mo\u017en\u00e9 naj\u00edt \u010das a p\u0159iv\u00e9zt svoji techniku na opravu do servisn\u00edho st\u0159ediska ...","og_url":"https:\/\/valli.cz\/en\/sluzby\/vyjezdni-servis\/","og_site_name":"Valli Servis &amp; Shop \ud83d\udcbb\ud83d\udcf1","article_modified_time":"2020-08-05T11:00:33+00:00","twitter_card":"summary_large_image","twitter_misc":{"Est. reading time":"2 minutes"},"schema":{"@context":"https:\/\/schema.org","@graph":[{"@type":"WebPage","@id":"https:\/\/valli.cz\/sluzby\/vyjezdni-servis\/","url":"https:\/\/valli.cz\/sluzby\/vyjezdni-servis\/","name":"Field Service - Valli Servis &amp; Shop \ud83d\udcbb\ud83d\udcf1","isPartOf":{"@id":"https:\/\/valli.cz\/#website"},"datePublished":"2020-04-15T18:15:13+00:00","dateModified":"2020-08-05T11:00:33+00:00","breadcrumb":{"@id":"https:\/\/valli.cz\/sluzby\/vyjezdni-servis\/#breadcrumb"},"inLanguage":"en-US","potentialAction":[{"@type":"ReadAction","target":["https:\/\/valli.cz\/sluzby\/vyjezdni-servis\/"]}]},{"@type":"BreadcrumbList","@id":"https:\/\/valli.cz\/sluzby\/vyjezdni-servis\/#breadcrumb","itemListElement":[{"@type":"ListItem","position":1,"name":"Dom\u016f","item":"https:\/\/valli.cz\/"},{"@type":"ListItem","position":2,"name":"Slu\u017eby","item":"https:\/\/valli.cz\/sluzby\/"},{"@type":"ListItem","position":3,"name":"V\u00fdjezdn\u00ed Servis"}]},{"@type":"WebSite","@id":"https:\/\/valli.cz\/#website","url":"https:\/\/valli.cz\/","name":"Valli Service &amp; Shop \ud83d\udcbb\ud83d\udcf1","description":"Repairs and maintenance of computers, laptops and other devices. Quality assurance and low prices.","publisher":{"@id":"https:\/\/valli.cz\/#organization"},"potentialAction":[{"@type":"SearchAction","target":{"@type":"EntryPoint","urlTemplate":"https:\/\/valli.cz\/?s={search_term_string}"},"query-input":{"@type":"PropertyValueSpecification","valueRequired":true,"valueName":"search_term_string"}}],"inLanguage":"en-US"},{"@type":"Organization","@id":"https:\/\/valli.cz\/#organization","name":"Valli.cz Service &amp; Shop Prague","url":"https:\/\/valli.cz\/","logo":{"@type":"ImageObject","inLanguage":"en-US","@id":"https:\/\/valli.cz\/#\/schema\/logo\/image\/","url":"http:\/\/valli.cz\/wp-content\/uploads\/2020\/08\/cropped-valli-favicon-2-192x192.png","contentUrl":"http:\/\/valli.cz\/wp-content\/uploads\/2020\/08\/cropped-valli-favicon-2-192x192.png","width":192,"height":192,"caption":"Valli.cz Servis & Shop Praha"},"image":{"@id":"https:\/\/valli.cz\/#\/schema\/logo\/image\/"}}]}},"jetpack_sharing_enabled":true,"_links":{"self":[{"href":"https:\/\/valli.cz\/en\/wp-json\/wp\/v2\/pages\/1831","targetHints":{"allow":["GET"]}}],"collection":[{"href":"https:\/\/valli.cz\/en\/wp-json\/wp\/v2\/pages"}],"about":[{"href":"https:\/\/valli.cz\/en\/wp-json\/wp\/v2\/types\/page"}],"author":[{"embeddable":true,"href":"https:\/\/valli.cz\/en\/wp-json\/wp\/v2\/users\/1"}],"replies":[{"embeddable":true,"href":"https:\/\/valli.cz\/en\/wp-json\/wp\/v2\/comments?post=1831"}],"version-history":[{"count":2,"href":"https:\/\/valli.cz\/en\/wp-json\/wp\/v2\/pages\/1831\/revisions"}],"predecessor-version":[{"id":2984,"href":"https:\/\/valli.cz\/en\/wp-json\/wp\/v2\/pages\/1831\/revisions\/2984"}],"up":[{"embeddable":true,"href":"https:\/\/valli.cz\/en\/wp-json\/wp\/v2\/pages\/21"}],"wp:attachment":[{"href":"https:\/\/valli.cz\/en\/wp-json\/wp\/v2\/media?parent=1831"}],"curies":[{"name":"wp","href":"https:\/\/api.w.org\/{rel}","templated":true}]}}