{"id":1830,"date":"2020-04-15T19:29:46","date_gmt":"2020-04-15T17:29:46","guid":{"rendered":"https:\/\/lightgreen-finch-438007.hostingersite.com\/domains\/valli.cz\/?page_id=16"},"modified":"2020-08-05T13:04:45","modified_gmt":"2020-08-05T11:04:45","slug":"spoluprace","status":"publish","type":"page","link":"https:\/\/valli.cz\/en\/spoluprace\/","title":{"rendered":"Cooperation"},"content":{"rendered":"<p>Our service center offers cooperation to individuals and legal entities interested in professional repairs of the following computer technology:<\/p>\n\n\n\n<ul class=\"wp-block-list\"><li>laptops;<\/li><li>personal computers;<\/li><li>tablets;<\/li><li>smartphones;<\/li><li>all Apple products (iPhone, iPad, MacBook, etc.);<\/li><\/ul>\n\n\n\n<p>If your company maintains and uses the above-mentioned technology that requires quality and professional repair in Prague, this offer may be interesting for you. For the management of companies we offer both comprehensive maintenance technology (contract) and one-time repairs. In case of unusable or unprofitable units of technology, we provide technical confirmation of depreciation of technology, also depreciation from the company\u2019s balance sheet.<\/p>\n\n\n\n<p><strong>The main content of the cooperation offer<\/strong><\/p>\n\n\n\n<p>The main scope of our cooperation offer is to carry out repairs of any complexity for the above mentioned devices. In doing so, their number is not limited or precisely determined. We can also transport the equipment from their place of receipt or your office, after completion of service work to bring it back.<\/p>\n\n\n\n<p>We have everything we need to perform quality repair work of any difficulty:<\/p>\n\n\n\n<ul class=\"wp-block-list\"><li>the workshop of our service center is equipped with high-quality equipment for repair and diagnostics;<\/li><li>our service center is built primarily on a team of professional engineers;<\/li><li>extensive customer experience;<\/li><\/ul>\n\n\n\n<p>What you will appreciate for working with our service center<\/p>\n\n\n\n<p>We offer attractive conditions for you:<\/p>\n\n\n\n<ul class=\"wp-block-list\"><li>diagnostics of various degrees free of charge;<\/li><li>the repair shall be carried out only after obtaining approval of its price;<\/li><li>we pick up your equipment and put it back in place after repairs have been completed;<\/li><li>we constantly check and monitor changes in market prices and keep to the minimum;<\/li><li>warranty on repairs and components 1 year;<\/li><li>short repair time;<\/li><\/ul>\n\n\n\n<p>We are interested in permanent and long-term cooperation to ensure a stable flow of customers. We pay great attention to the growing number of regular customers and focus on gaining their trust, especially through the quality of service. For this reason, we are more interested in the stability of partnership relations than in the amount of profit.<\/p>\n\n\n\n<h3 class=\"wp-block-heading\">Do you have a question? <\/h3>\n\n\n\n<p>If you have any questions or are interested in cooperating with our company, please do not hesitate to contact us.<\/p>\n\n\n\n<a class=\"btn btn-main\" title=\"Contact\" href=\"https:\/\/valli.cz\/en\/kontakt\/\" tabindex=\"0\"> Contact <\/a>","protected":false},"excerpt":{"rendered":"<p>N\u00e1\u0161e servisn\u00ed centrum nab\u00edz\u00ed spolupr\u00e1ci fyzick\u00fdm a pr\u00e1vnick\u00fdm osob\u00e1m, zaj\u00edmaj\u00edc\u00edm se o profesion\u00e1ln\u00ed opravy n\u00e1sleduj\u00edc\u00ed &#8230;<\/p>","protected":false},"author":1,"featured_media":0,"parent":0,"menu_order":0,"comment_status":"closed","ping_status":"closed","template":"","meta":{"_acf_changed":false,"footnotes":""},"class_list":["post-1830","page","type-page","status-publish","hentry"],"acf":[],"yoast_head":"<!-- This site is optimized with the Yoast SEO plugin v25.6 - https:\/\/yoast.com\/wordpress\/plugins\/seo\/ -->\n<title>Spolupr\u00e1ce - Valli Servis &amp; Shop \ud83d\udcbb\ud83d\udcf1<\/title>\n<meta name=\"robots\" content=\"index, follow, max-snippet:-1, max-image-preview:large, max-video-preview:-1\" \/>\n<link rel=\"canonical\" href=\"https:\/\/valli.cz\/en\/spoluprace\/\" \/>\n<meta property=\"og:locale\" content=\"en_US\" \/>\n<meta property=\"og:type\" content=\"article\" \/>\n<meta property=\"og:title\" content=\"Spolupr\u00e1ce - Valli Servis &amp; Shop \ud83d\udcbb\ud83d\udcf1\" \/>\n<meta property=\"og:description\" content=\"N\u00e1\u0161e servisn\u00ed centrum nab\u00edz\u00ed spolupr\u00e1ci fyzick\u00fdm a pr\u00e1vnick\u00fdm osob\u00e1m, zaj\u00edmaj\u00edc\u00edm se o profesion\u00e1ln\u00ed opravy n\u00e1sleduj\u00edc\u00ed ...\" \/>\n<meta property=\"og:url\" content=\"https:\/\/valli.cz\/en\/spoluprace\/\" \/>\n<meta property=\"og:site_name\" content=\"Valli Servis &amp; Shop \ud83d\udcbb\ud83d\udcf1\" \/>\n<meta property=\"article:modified_time\" content=\"2020-08-05T11:04:45+00:00\" \/>\n<meta name=\"twitter:card\" content=\"summary_large_image\" \/>\n<meta name=\"twitter:label1\" content=\"Est. reading time\" \/>\n\t<meta name=\"twitter:data1\" content=\"2 minutes\" \/>\n<script type=\"application\/ld+json\" class=\"yoast-schema-graph\">{\"@context\":\"https:\/\/schema.org\",\"@graph\":[{\"@type\":\"WebPage\",\"@id\":\"https:\/\/valli.cz\/spoluprace\/\",\"url\":\"https:\/\/valli.cz\/spoluprace\/\",\"name\":\"Spolupr\u00e1ce - Valli Servis &amp; Shop \ud83d\udcbb\ud83d\udcf1\",\"isPartOf\":{\"@id\":\"https:\/\/valli.cz\/#website\"},\"datePublished\":\"2020-04-15T17:29:46+00:00\",\"dateModified\":\"2020-08-05T11:04:45+00:00\",\"breadcrumb\":{\"@id\":\"https:\/\/valli.cz\/spoluprace\/#breadcrumb\"},\"inLanguage\":\"en-US\",\"potentialAction\":[{\"@type\":\"ReadAction\",\"target\":[\"https:\/\/valli.cz\/spoluprace\/\"]}]},{\"@type\":\"BreadcrumbList\",\"@id\":\"https:\/\/valli.cz\/spoluprace\/#breadcrumb\",\"itemListElement\":[{\"@type\":\"ListItem\",\"position\":1,\"name\":\"Dom\u016f\",\"item\":\"https:\/\/valli.cz\/\"},{\"@type\":\"ListItem\",\"position\":2,\"name\":\"Spolupr\u00e1ce\"}]},{\"@type\":\"WebSite\",\"@id\":\"https:\/\/valli.cz\/#website\",\"url\":\"https:\/\/valli.cz\/\",\"name\":\"Valli Servis &amp; Shop \ud83d\udcbb\ud83d\udcf1\",\"description\":\"Opravy a \u00fadr\u017eba po\u010d\u00edta\u010d\u016f, notebook\u016f a jin\u00fdch za\u0159\u00edzen\u00ed. Zaji\u0161t\u011bn\u00ed kvality a n\u00edzk\u00e9 ceny.\",\"publisher\":{\"@id\":\"https:\/\/valli.cz\/#organization\"},\"potentialAction\":[{\"@type\":\"SearchAction\",\"target\":{\"@type\":\"EntryPoint\",\"urlTemplate\":\"https:\/\/valli.cz\/?s={search_term_string}\"},\"query-input\":{\"@type\":\"PropertyValueSpecification\",\"valueRequired\":true,\"valueName\":\"search_term_string\"}}],\"inLanguage\":\"en-US\"},{\"@type\":\"Organization\",\"@id\":\"https:\/\/valli.cz\/#organization\",\"name\":\"Valli.cz Servis & Shop Praha\",\"url\":\"https:\/\/valli.cz\/\",\"logo\":{\"@type\":\"ImageObject\",\"inLanguage\":\"en-US\",\"@id\":\"https:\/\/valli.cz\/#\/schema\/logo\/image\/\",\"url\":\"http:\/\/valli.cz\/wp-content\/uploads\/2020\/08\/cropped-valli-favicon-2-192x192.png\",\"contentUrl\":\"http:\/\/valli.cz\/wp-content\/uploads\/2020\/08\/cropped-valli-favicon-2-192x192.png\",\"width\":192,\"height\":192,\"caption\":\"Valli.cz Servis & Shop Praha\"},\"image\":{\"@id\":\"https:\/\/valli.cz\/#\/schema\/logo\/image\/\"}}]}<\/script>\n<!-- \/ Yoast SEO plugin. -->","yoast_head_json":{"title":"Spolupr\u00e1ce - Valli Servis &amp; Shop \ud83d\udcbb\ud83d\udcf1","robots":{"index":"index","follow":"follow","max-snippet":"max-snippet:-1","max-image-preview":"max-image-preview:large","max-video-preview":"max-video-preview:-1"},"canonical":"https:\/\/valli.cz\/en\/spoluprace\/","og_locale":"en_US","og_type":"article","og_title":"Spolupr\u00e1ce - Valli Servis &amp; Shop \ud83d\udcbb\ud83d\udcf1","og_description":"N\u00e1\u0161e servisn\u00ed centrum nab\u00edz\u00ed spolupr\u00e1ci fyzick\u00fdm a pr\u00e1vnick\u00fdm osob\u00e1m, zaj\u00edmaj\u00edc\u00edm se o profesion\u00e1ln\u00ed opravy n\u00e1sleduj\u00edc\u00ed ...","og_url":"https:\/\/valli.cz\/en\/spoluprace\/","og_site_name":"Valli Servis &amp; Shop \ud83d\udcbb\ud83d\udcf1","article_modified_time":"2020-08-05T11:04:45+00:00","twitter_card":"summary_large_image","twitter_misc":{"Est. reading time":"2 minutes"},"schema":{"@context":"https:\/\/schema.org","@graph":[{"@type":"WebPage","@id":"https:\/\/valli.cz\/spoluprace\/","url":"https:\/\/valli.cz\/spoluprace\/","name":"Spolupr\u00e1ce - Valli Servis &amp; Shop \ud83d\udcbb\ud83d\udcf1","isPartOf":{"@id":"https:\/\/valli.cz\/#website"},"datePublished":"2020-04-15T17:29:46+00:00","dateModified":"2020-08-05T11:04:45+00:00","breadcrumb":{"@id":"https:\/\/valli.cz\/spoluprace\/#breadcrumb"},"inLanguage":"en-US","potentialAction":[{"@type":"ReadAction","target":["https:\/\/valli.cz\/spoluprace\/"]}]},{"@type":"BreadcrumbList","@id":"https:\/\/valli.cz\/spoluprace\/#breadcrumb","itemListElement":[{"@type":"ListItem","position":1,"name":"Dom\u016f","item":"https:\/\/valli.cz\/"},{"@type":"ListItem","position":2,"name":"Spolupr\u00e1ce"}]},{"@type":"WebSite","@id":"https:\/\/valli.cz\/#website","url":"https:\/\/valli.cz\/","name":"Valli Service &amp; Shop \ud83d\udcbb\ud83d\udcf1","description":"Repairs and maintenance of computers, laptops and other devices. Quality assurance and low prices.","publisher":{"@id":"https:\/\/valli.cz\/#organization"},"potentialAction":[{"@type":"SearchAction","target":{"@type":"EntryPoint","urlTemplate":"https:\/\/valli.cz\/?s={search_term_string}"},"query-input":{"@type":"PropertyValueSpecification","valueRequired":true,"valueName":"search_term_string"}}],"inLanguage":"en-US"},{"@type":"Organization","@id":"https:\/\/valli.cz\/#organization","name":"Valli.cz Service &amp; Shop Prague","url":"https:\/\/valli.cz\/","logo":{"@type":"ImageObject","inLanguage":"en-US","@id":"https:\/\/valli.cz\/#\/schema\/logo\/image\/","url":"http:\/\/valli.cz\/wp-content\/uploads\/2020\/08\/cropped-valli-favicon-2-192x192.png","contentUrl":"http:\/\/valli.cz\/wp-content\/uploads\/2020\/08\/cropped-valli-favicon-2-192x192.png","width":192,"height":192,"caption":"Valli.cz Servis & Shop Praha"},"image":{"@id":"https:\/\/valli.cz\/#\/schema\/logo\/image\/"}}]}},"jetpack_sharing_enabled":true,"_links":{"self":[{"href":"https:\/\/valli.cz\/en\/wp-json\/wp\/v2\/pages\/1830","targetHints":{"allow":["GET"]}}],"collection":[{"href":"https:\/\/valli.cz\/en\/wp-json\/wp\/v2\/pages"}],"about":[{"href":"https:\/\/valli.cz\/en\/wp-json\/wp\/v2\/types\/page"}],"author":[{"embeddable":true,"href":"https:\/\/valli.cz\/en\/wp-json\/wp\/v2\/users\/1"}],"replies":[{"embeddable":true,"href":"https:\/\/valli.cz\/en\/wp-json\/wp\/v2\/comments?post=1830"}],"version-history":[{"count":1,"href":"https:\/\/valli.cz\/en\/wp-json\/wp\/v2\/pages\/1830\/revisions"}],"predecessor-version":[{"id":1914,"href":"https:\/\/valli.cz\/en\/wp-json\/wp\/v2\/pages\/1830\/revisions\/1914"}],"wp:attachment":[{"href":"https:\/\/valli.cz\/en\/wp-json\/wp\/v2\/media?parent=1830"}],"curies":[{"name":"wp","href":"https:\/\/api.w.org\/{rel}","templated":true}]}}